{"id":1053,"date":"2024-08-30T19:42:01","date_gmt":"2024-08-30T19:42:01","guid":{"rendered":"https:\/\/aisvijet.com\/hu\/?page_id=1053"},"modified":"2025-10-29T23:27:43","modified_gmt":"2025-10-29T22:27:43","slug":"alkalmazas","status":"publish","type":"page","link":"https:\/\/aisvijet.com\/hu\/alkalmazas\/","title":{"rendered":"Mesters\u00e9ges intelligencia alkalmaz\u00e1sok \u2013 Innov\u00e1ci\u00f3k, amelyek megv\u00e1ltoztatj\u00e1k a vil\u00e1got"},"content":{"rendered":"\r\n<div class=\"wp-block-cover alignfull is-light\" style=\"min-height:200px;aspect-ratio:unset;\"><span aria-hidden=\"true\" class=\"wp-block-cover__background has-nv-site-bg-background-color has-background-dim-100 has-background-dim\"><\/span><div class=\"wp-block-cover__inner-container is-layout-flow wp-block-cover-is-layout-flow\">\r\n<div style=\"height:120px\" aria-hidden=\"true\" class=\"wp-block-spacer\"><\/div>\r\n\r\n\r\n\r\n<div class=\"wp-block-columns is-layout-flex wp-container-core-columns-is-layout-9d6595d7 wp-block-columns-is-layout-flex\">\r\n<div class=\"wp-block-column is-layout-flow wp-block-column-is-layout-flow\" style=\"flex-basis:50%\">\r\n<figure class=\"wp-block-image size-full\"><img loading=\"lazy\" decoding=\"async\" width=\"1000\" height=\"954\" src=\"https:\/\/aisvijet.com\/hu\/wp-content\/uploads\/sites\/6\/2024\/09\/mesterseges-intelligencia-alkalmazasa.jpg\" alt=\"A mesters\u00e9ges intelligencia alkalmaz\u00e1sa\" class=\"wp-image-1126\" srcset=\"https:\/\/aisvijet.com\/hu\/wp-content\/uploads\/sites\/6\/2024\/09\/mesterseges-intelligencia-alkalmazasa.jpg 1000w, https:\/\/aisvijet.com\/hu\/wp-content\/uploads\/sites\/6\/2024\/09\/mesterseges-intelligencia-alkalmazasa-300x286.jpg 300w, https:\/\/aisvijet.com\/hu\/wp-content\/uploads\/sites\/6\/2024\/09\/mesterseges-intelligencia-alkalmazasa-768x733.jpg 768w\" sizes=\"auto, (max-width: 1000px) 100vw, 1000px\" \/><\/figure>\r\n<\/div>\r\n\r\n\r\n\r\n<div class=\"wp-block-column is-vertically-aligned-center is-layout-flow wp-block-column-is-layout-flow\" style=\"flex-basis:50%\">\r\n<h1 class=\"wp-block-heading has-text-align-left has-neve-text-color-color has-text-color has-x-large-font-size\">A Mesters\u00e9ges Intelligencia Alkalmaz\u00e1sa: Innov\u00e1ci\u00f3k, Amelyek Megv\u00e1ltoztatj\u00e1k a Vil\u00e1got<\/h1>\r\n\r\n\r\n\r\n<p class=\"has-text-align-left has-neve-text-color-color has-text-color\">A mesters\u00e9ges intelligencia (AI) az innov\u00e1ci\u00f3 \u00e9s \u00e1talakul\u00e1s kulcsfontoss\u00e1g\u00fa hajt\u00f3erej\u00e9v\u00e9 v\u00e1lik k\u00fcl\u00f6nb\u00f6z\u0151 ipar\u00e1gakban.<\/p>\r\n\r\n\r\n\r\n<p class=\"has-text-align-left has-neve-text-color-color has-text-color\">Az \u00fczleti folyamatok automatiz\u00e1l\u00e1s\u00e1t\u00f3l a felhaszn\u00e1l\u00f3i \u00e9lm\u00e9ny jav\u00edt\u00e1s\u00e1ig a mesters\u00e9ges intelligencia alkalmaz\u00e1sok haszn\u00e1lata folyamatosan n\u00f6vekszik.<\/p>\r\n\r\n\r\n\r\n<p class=\"has-text-align-left has-neve-text-color-color has-text-color\">Ebben a cikkben felt\u00e1rjuk a mesters\u00e9ges intelligencia leg\u00fajabb alkalmaz\u00e1sait, amelyek form\u00e1lj\u00e1k a j\u00f6v\u0151t \u00e9s megv\u00e1ltoztatj\u00e1k munk\u00e1nk \u00e9s \u00e9let\u00fcnk m\u00f3dj\u00e1t.<\/p>\r\n<\/div>\r\n<\/div>\r\n\r\n\r\n\r\n<div style=\"height:50px\" aria-hidden=\"true\" class=\"wp-block-spacer\"><\/div>\r\n\r\n\r\n\r\n<h2 class=\"wp-block-heading\">Hogyan alak\u00edtja \u00e1t a mesters\u00e9ges intelligencia a k\u00fcl\u00f6nb\u00f6z\u0151 ipar\u00e1gakat<\/h2>\r\n\r\n\r\n\r\n<p>A mesters\u00e9ges intelligencia olyan m\u00f3don alak\u00edtja \u00e1t a k\u00fcl\u00f6nb\u00f6z\u0151 ipar\u00e1gakat, amely hihetetlen innov\u00e1ci\u00f3kat hoz \u00e9s n\u00f6veli a hat\u00e9konys\u00e1got. Olyan ipar\u00e1gakban, mint a gy\u00e1rt\u00e1s, eg\u00e9szs\u00e9g\u00fcgy, k\u00f6zleked\u00e9s, kiskereskedelem \u00e9s p\u00e9nz\u00fcgyek, a mesters\u00e9ges intelligencia alkalmaz\u00e1sok kulcsfontoss\u00e1g\u00fa eszk\u00f6zz\u00e9 v\u00e1lnak az \u00fczleti tev\u00e9kenys\u00e9g fejleszt\u00e9s\u00e9hez. P\u00e9ld\u00e1ul a gy\u00e1rt\u00e1sban az AI lehet\u0151v\u00e9 teszi a gy\u00e1rt\u00e1si folyamatok optimaliz\u00e1l\u00e1s\u00e1t, <strong>k\u00f6lts\u00e9gek cs\u00f6kkent\u00e9s\u00e9t \u00e9s gyorsabb alkalmazkod\u00e1st a piaci felt\u00e9telekhez<\/strong>. Az eg\u00e9szs\u00e9g\u00fcgyben, ahol a mesters\u00e9ges intelligenci\u00e1t orvosi adatok elemz\u00e9s\u00e9re \u00e9s diagnosztikai m\u00f3dszerek jav\u00edt\u00e1s\u00e1ra haszn\u00e1lj\u00e1k, jelent\u0151s fejleszt\u00e9sek t\u00f6rt\u00e9nnek a betegell\u00e1t\u00e1sban.<\/p>\r\n\r\n\r\n\r\n<p>A k\u00f6zleked\u00e9si iparban a mesters\u00e9ges intelligencia \u00e1ltal ir\u00e1ny\u00edtott auton\u00f3m j\u00e1rm\u0171vek egyre elterjedtebb\u00e9 v\u00e1lnak, <strong>ami jelent\u0151sen cs\u00f6kkentheti a baleseteket \u00e9s forgalmi dug\u00f3kat<\/strong>. A kiskereskedelem AI-t haszn\u00e1l a v\u00e1s\u00e1rl\u00e1si aj\u00e1nlatok szem\u00e9lyre szab\u00e1s\u00e1ra, m\u00edg a p\u00e9nz\u00fcgyi szektor AI-t implement\u00e1l a tranzakci\u00f3k biztons\u00e1g\u00e1ba \u00e9s kock\u00e1zat\u00e9rt\u00e9kel\u00e9sbe. A <a href=\"https:\/\/aisvijet.com\/hu\/mi-az-a-mesterseges-intelligencia\/\">mesters\u00e9ges intelligencia<\/a> alkalmaz\u00e1sa ezekben az ipar\u00e1gakban megmutatja, hogyan form\u00e1lja ez a technol\u00f3gia a j\u00f6v\u0151t \u00e9s teszi lehet\u0151v\u00e9 a gyorsabb fejl\u0151d\u00e9st \u00e9s innov\u00e1ci\u00f3t.<\/p>\r\n\r\n\r\n\r\n<h2 class=\"wp-block-heading has-text-align-center\">A mesters\u00e9ges intelligencia hat\u00e1sa a glob\u00e1lis gazdas\u00e1gra \u00e9s t\u00e1rsadalomra<\/h2>\r\n\r\n\r\n\r\n<p>A mesters\u00e9ges intelligencia hat\u00e1sa a glob\u00e1lis gazdas\u00e1gra \u00e9s t\u00e1rsadalomra hatalmas \u00e9s folyamatosan n\u00f6vekszik. Az AI k\u00e9pes megv\u00e1ltoztatni azt, ahogyan dolgozunk, \u00e9l\u00fcnk \u00e9s kommunik\u00e1lunk. A mesters\u00e9ges intelligencia alkalmaz\u00e1sa lehet\u0151v\u00e9 teszi a v\u00e1llalatok sz\u00e1m\u00e1ra, hogy gyorsabban hozzanak d\u00f6nt\u00e9seket, cs\u00f6kkents\u00e9k a k\u00f6lts\u00e9geket \u00e9s n\u00f6velj\u00e9k a termel\u00e9kenys\u00e9get. Glob\u00e1lis szinten, ahol a mesters\u00e9ges intelligenci\u00e1t olyan ipar\u00e1gakban haszn\u00e1lj\u00e1k, mint a technol\u00f3gia, p\u00e9nz\u00fcgyek \u00e9s eg\u00e9szs\u00e9g\u00fcgy, gazdas\u00e1gi n\u00f6veked\u00e9st \u00e9s \u00faj munkahelyek l\u00e9trehoz\u00e1s\u00e1t hajtja.<\/p>\r\n\r\n\r\n\r\n<p>Azonban a <strong>mesters\u00e9ges intelligencia alkalmaz\u00e1sa<\/strong> etikai, mag\u00e1n\u00e9let \u00e9s biztons\u00e1gi k\u00e9rd\u00e9seket is felvet, amelyek az eg\u00e9sz t\u00e1rsadalmat \u00e9rintik. A szak\u00e9rt\u0151k azt k\u00e9rdezik, hogyan szab\u00e1lyozz\u00e1k megfelel\u0151en ezt a technol\u00f3gi\u00e1t, hogy biztos\u00edts\u00e1k, hogy az el\u0151ny\u00f6k fel\u00fclm\u00falj\u00e1k a potenci\u00e1lis kock\u00e1zatokat. E kih\u00edv\u00e1sok ellen\u00e9re a mesters\u00e9ges intelligencia \u00e1talak\u00edtja a glob\u00e1lis gazdas\u00e1got, \u00faj lehet\u0151s\u00e9geket \u00e9s innov\u00e1ci\u00f3kat hozva, amelyek form\u00e1lni fogj\u00e1k j\u00f6v\u0151nket.<\/p>\r\n\r\n\r\n\r\n<h2 class=\"wp-block-heading\">Innov\u00e1ci\u00f3 a mesters\u00e9ges intelligencia alkalmaz\u00e1s\u00e1n kereszt\u00fcl<\/h2>\r\n\r\n\r\n\r\n<p>A mesters\u00e9ges intelligencia alkalmaz\u00e1s\u00e1n kereszt\u00fcli innov\u00e1ci\u00f3 a modern \u00e9let szinte minden aspektus\u00e1ban l\u00e1that\u00f3. A <strong><a href=\"https:\/\/aisvijet.com\/hu\/mesterseges-intelligencia-tipusai\/\">mesters\u00e9ges intelligencia t\u00edpusai<\/a><\/strong>, mint a sz\u0171k \u00e9s \u00e1ltal\u00e1nos mesters\u00e9ges intelligencia, gyorsabb \u00e9s pontosabb adatelemz\u00e9st tesznek lehet\u0151v\u00e9, ami jobb \u00fczleti folyamatok optimaliz\u00e1l\u00e1s\u00e1hoz, kutat\u00e1shoz \u00e9s \u00faj term\u00e9kek fejleszt\u00e9s\u00e9hez vezet. Az egyik ter\u00fclet, ahol a mesters\u00e9ges intelligenci\u00e1t haszn\u00e1lj\u00e1k, az auton\u00f3m rendszerek fejleszt\u00e9se, mint az \u00f6nvezet\u0151 aut\u00f3k \u00e9s okos v\u00e1rosok, amelyek megv\u00e1ltoztatj\u00e1k a k\u00f6zleked\u00e9s \u00e9s infrastrukt\u00fara \u00e9lm\u00e9ny\u00e9t.<\/p>\r\n\r\n\r\n\r\n<p>A mesters\u00e9ges intelligencia alkalmaz\u00e1sok innov\u00e1ci\u00f3kat is ind\u00edtanak olyan ter\u00fcleteken, mint a biotechnol\u00f3gia, ahol az AI seg\u00edt \u00faj gy\u00f3gyszerek felfedez\u00e9s\u00e9ben, \u00e9s az oktat\u00e1s, ahol szem\u00e9lyre szabott AI eszk\u00f6z\u00f6k lehet\u0151v\u00e9 teszik a tanterv minden tanul\u00f3 sz\u00e1m\u00e1ra t\u00f6rt\u00e9n\u0151 adapt\u00e1l\u00e1s\u00e1t. Az AI felgyors\u00edtja az innov\u00e1ci\u00f3s ciklusokat, lehet\u0151v\u00e9 t\u00e9ve a v\u00e1llalatok \u00e9s szervezetek sz\u00e1m\u00e1ra, hogy gyorsabban alkalmazkodjanak a piaci v\u00e1ltoz\u00e1sokhoz. Mindezen aspektusokon kereszt\u00fcl <strong>a mesters\u00e9ges intelligencia a technol\u00f3giai fejl\u0151d\u00e9s \u00e9s innov\u00e1ci\u00f3 kulcsfontoss\u00e1g\u00fa hajt\u00f3erej\u00e9v\u00e9 v\u00e1lik.<\/strong><\/p>\r\n\r\n\r\n\r\n<div class=\"wp-block-cover alignfull is-light\"><span aria-hidden=\"true\" class=\"wp-block-cover__background has-nv-light-bg-background-color has-background-dim-100 has-background-dim\"><\/span><div class=\"wp-block-cover__inner-container is-layout-flow wp-block-cover-is-layout-flow\">\r\n<div style=\"height:50px\" aria-hidden=\"true\" class=\"wp-block-spacer\"><\/div>\r\n\r\n\r\n\r\n<h2 class=\"wp-block-heading has-text-align-center has-neve-text-color-color has-text-color\">Hol haszn\u00e1lj\u00e1k a mesters\u00e9ges intelligenci\u00e1t?<\/h2>\r\n\r\n\r\n\r\n<div class=\"wp-block-columns is-layout-flex wp-container-core-columns-is-layout-9d6595d7 wp-block-columns-is-layout-flex\">\r\n<div class=\"wp-block-column is-layout-flow wp-block-column-is-layout-flow\">\r\n<figure class=\"wp-block-image size-full\"><img loading=\"lazy\" decoding=\"async\" width=\"350\" height=\"485\" src=\"https:\/\/aisvijet.com\/hu\/wp-content\/uploads\/sites\/6\/2024\/09\/mesterseges-intelligencia-alkalmazasa-egeszsegugyben.jpg\" alt=\"A mesters\u00e9ges intelligencia alkalmaz\u00e1sa az eg\u00e9szs\u00e9g\u00fcgyben\" class=\"wp-image-1150\" style=\"aspect-ratio:3\/4;object-fit:cover\" srcset=\"https:\/\/aisvijet.com\/hu\/wp-content\/uploads\/sites\/6\/2024\/09\/mesterseges-intelligencia-alkalmazasa-egeszsegugyben.jpg 350w, https:\/\/aisvijet.com\/hu\/wp-content\/uploads\/sites\/6\/2024\/09\/mesterseges-intelligencia-alkalmazasa-egeszsegugyben-216x300.jpg 216w\" sizes=\"auto, (max-width: 350px) 100vw, 350px\" \/><\/figure>\r\n\r\n\r\n\r\n<div style=\"height:10px\" aria-hidden=\"true\" class=\"wp-block-spacer\"><\/div>\r\n\r\n\r\n\r\n<h3 class=\"wp-block-heading has-text-align-center has-neve-text-color-color has-text-color\">A mesters\u00e9ges intelligencia alkalmaz\u00e1sa az eg\u00e9szs\u00e9g\u00fcgyben<\/h3>\r\n\r\n\r\n\r\n<p class=\"has-text-align-center has-neve-text-color-color has-text-color\">Az AI jav\u00edtja a diagnosztik\u00e1t, szem\u00e9lyre szabott kezel\u00e9seket \u00e9s betegmegfigyel\u00e9st.<\/p>\r\n\r\n\r\n\r\n<div class=\"wp-block-buttons is-content-justification-center is-layout-flex wp-container-core-buttons-is-layout-16018d1d wp-block-buttons-is-layout-flex\">\r\n<div class=\"wp-block-button is-style-secondary\"><a class=\"wp-block-button__link wp-element-button\" href=\"https:\/\/aisvijet.com\/hu\/alkalmazas\/mesterseges-intelligencia-az-egeszsegugyben\/\">B\u0151vebben<\/a><\/div>\r\n<\/div>\r\n<\/div>\r\n\r\n\r\n\r\n<div class=\"wp-block-column is-layout-flow wp-block-column-is-layout-flow\">\r\n<figure class=\"wp-block-image size-full\"><img loading=\"lazy\" decoding=\"async\" width=\"350\" height=\"485\" src=\"https:\/\/aisvijet.com\/hu\/wp-content\/uploads\/sites\/6\/2024\/09\/mesterseges-intelligencia-alkalmazasa-gazdasagban.jpg\" alt=\"A mesters\u00e9ges intelligencia alkalmaz\u00e1sa a gazdas\u00e1gban\" class=\"wp-image-1135\" style=\"aspect-ratio:3\/4;object-fit:cover\" srcset=\"https:\/\/aisvijet.com\/hu\/wp-content\/uploads\/sites\/6\/2024\/09\/mesterseges-intelligencia-alkalmazasa-gazdasagban.jpg 350w, https:\/\/aisvijet.com\/hu\/wp-content\/uploads\/sites\/6\/2024\/09\/mesterseges-intelligencia-alkalmazasa-gazdasagban-216x300.jpg 216w\" sizes=\"auto, (max-width: 350px) 100vw, 350px\" \/><\/figure>\r\n\r\n\r\n\r\n<div style=\"height:10px\" aria-hidden=\"true\" class=\"wp-block-spacer\"><\/div>\r\n\r\n\r\n\r\n<h3 class=\"wp-block-heading has-text-align-center has-neve-text-color-color has-text-color\">A mesters\u00e9ges intelligencia alkalmaz\u00e1sa a gazdas\u00e1gban<\/h3>\r\n\r\n\r\n\r\n<p class=\"has-text-align-center has-neve-text-color-color has-text-color\">Az AI optimaliz\u00e1lja a p\u00e9nz\u00fcgyeket, elemzi a piacot \u00e9s el\u0151rejelzi a gazdas\u00e1gi v\u00e1ltoz\u00e1sokat.<\/p>\r\n\r\n\r\n\r\n<div class=\"wp-block-buttons is-content-justification-center is-layout-flex wp-container-core-buttons-is-layout-16018d1d wp-block-buttons-is-layout-flex\">\r\n<div class=\"wp-block-button is-style-secondary\"><a class=\"wp-block-button__link wp-element-button\" href=\"https:\/\/aisvijet.com\/hu\/alkalmazas\/mesterseges-intelligencia-a-gazdasagban\/\">B\u0151vebben<\/a><\/div>\r\n<\/div>\r\n<\/div>\r\n\r\n\r\n\r\n<div class=\"wp-block-column is-layout-flow wp-block-column-is-layout-flow\">\r\n<figure class=\"wp-block-image size-full\"><img loading=\"lazy\" decoding=\"async\" width=\"350\" height=\"485\" src=\"https:\/\/aisvijet.com\/hu\/wp-content\/uploads\/sites\/6\/2024\/09\/mesterseges-intelligencia-alkalmazasa-it-szektorban.jpg\" alt=\"A mesters\u00e9ges intelligencia alkalmaz\u00e1sa az IT szektorban\" class=\"wp-image-1134\" style=\"aspect-ratio:3\/4;object-fit:cover\" srcset=\"https:\/\/aisvijet.com\/hu\/wp-content\/uploads\/sites\/6\/2024\/09\/mesterseges-intelligencia-alkalmazasa-it-szektorban.jpg 350w, https:\/\/aisvijet.com\/hu\/wp-content\/uploads\/sites\/6\/2024\/09\/mesterseges-intelligencia-alkalmazasa-it-szektorban-216x300.jpg 216w\" sizes=\"auto, (max-width: 350px) 100vw, 350px\" \/><\/figure>\r\n\r\n\r\n\r\n<div style=\"height:10px\" aria-hidden=\"true\" class=\"wp-block-spacer\"><\/div>\r\n\r\n\r\n\r\n<h3 class=\"wp-block-heading has-text-align-center has-neve-text-color-color has-text-color\">A mesters\u00e9ges intelligencia alkalmaz\u00e1sa az IT szektorban<\/h3>\r\n\r\n\r\n\r\n<p class=\"has-text-align-center has-neve-text-color-color has-text-color\">Az AI automatiz\u00e1lja a tesztel\u00e9st, jav\u00edtja a biztons\u00e1got \u00e9s k\u00f3dot gener\u00e1l.<\/p>\r\n\r\n\r\n\r\n<div class=\"wp-block-buttons is-content-justification-center is-layout-flex wp-container-core-buttons-is-layout-16018d1d wp-block-buttons-is-layout-flex\">\r\n<div class=\"wp-block-button is-style-secondary\"><a class=\"wp-block-button__link wp-element-button\" href=\"https:\/\/aisvijet.com\/hu\/alkalmazas\/mesterseges-intelligencia-az-it-szektorban\/\">B\u0151vebben<\/a><\/div>\r\n<\/div>\r\n<\/div>\r\n<\/div>\r\n\r\n\r\n\r\n<div class=\"wp-block-columns is-layout-flex wp-container-core-columns-is-layout-9d6595d7 wp-block-columns-is-layout-flex\">\r\n<div class=\"wp-block-column is-layout-flow wp-block-column-is-layout-flow\">\r\n<figure class=\"wp-block-image size-full\"><img loading=\"lazy\" decoding=\"async\" width=\"350\" height=\"485\" src=\"https:\/\/aisvijet.com\/hu\/wp-content\/uploads\/sites\/6\/2024\/09\/mesterseges-intelligencia-alkalmazasa-autoiparban.jpg\" alt=\"A mesters\u00e9ges intelligencia alkalmaz\u00e1sa az aut\u00f3iparban\" class=\"wp-image-1131\" style=\"aspect-ratio:3\/4;object-fit:cover\" srcset=\"https:\/\/aisvijet.com\/hu\/wp-content\/uploads\/sites\/6\/2024\/09\/mesterseges-intelligencia-alkalmazasa-autoiparban.jpg 350w, https:\/\/aisvijet.com\/hu\/wp-content\/uploads\/sites\/6\/2024\/09\/mesterseges-intelligencia-alkalmazasa-autoiparban-216x300.jpg 216w\" sizes=\"auto, (max-width: 350px) 100vw, 350px\" \/><\/figure>\r\n\r\n\r\n\r\n<div style=\"height:10px\" aria-hidden=\"true\" class=\"wp-block-spacer\"><\/div>\r\n\r\n\r\n\r\n<h3 class=\"wp-block-heading has-text-align-center has-neve-text-color-color has-text-color\">A mesters\u00e9ges intelligencia alkalmaz\u00e1sa az aut\u00f3iparban<\/h3>\r\n\r\n\r\n\r\n<p class=\"has-text-align-center has-neve-text-color-color has-text-color\">Az AI lehet\u0151v\u00e9 teszi az auton\u00f3m j\u00e1rm\u0171veket \u00e9s optimaliz\u00e1lja a termel\u00e9st.<\/p>\r\n\r\n\r\n\r\n<div class=\"wp-block-buttons is-content-justification-center is-layout-flex wp-container-core-buttons-is-layout-16018d1d wp-block-buttons-is-layout-flex\">\r\n<div class=\"wp-block-button is-style-secondary\"><a class=\"wp-block-button__link wp-element-button\" href=\"https:\/\/aisvijet.com\/hu\/alkalmazas\/mesterseges-intelligencia-az-autoiparban\/\">B\u0151vebben<\/a><\/div>\r\n<\/div>\r\n<\/div>\r\n\r\n\r\n\r\n<div class=\"wp-block-column is-layout-flow wp-block-column-is-layout-flow\">\r\n<figure class=\"wp-block-image size-full\"><img loading=\"lazy\" decoding=\"async\" width=\"350\" height=\"485\" src=\"https:\/\/aisvijet.com\/hu\/wp-content\/uploads\/sites\/6\/2024\/09\/mesterseges-intelligencia-alkalmazasa-marketingben.jpg\" alt=\"A mesters\u00e9ges intelligencia alkalmaz\u00e1sa a marketingben\" class=\"wp-image-1133\" style=\"aspect-ratio:3\/4;object-fit:cover\" srcset=\"https:\/\/aisvijet.com\/hu\/wp-content\/uploads\/sites\/6\/2024\/09\/mesterseges-intelligencia-alkalmazasa-marketingben.jpg 350w, https:\/\/aisvijet.com\/hu\/wp-content\/uploads\/sites\/6\/2024\/09\/mesterseges-intelligencia-alkalmazasa-marketingben-216x300.jpg 216w\" sizes=\"auto, (max-width: 350px) 100vw, 350px\" \/><\/figure>\r\n\r\n\r\n\r\n<div style=\"height:10px\" aria-hidden=\"true\" class=\"wp-block-spacer\"><\/div>\r\n\r\n\r\n\r\n<h3 class=\"wp-block-heading has-text-align-center has-neve-text-color-color has-text-color\">A mesters\u00e9ges intelligencia alkalmaz\u00e1sa a marketingben<\/h3>\r\n\r\n\r\n\r\n<p class=\"has-text-align-center has-neve-text-color-color has-text-color\">Az AI szem\u00e9lyre szabja a kamp\u00e1nyokat \u00e9s optimaliz\u00e1lja a hirdet\u00e9seket.<\/p>\r\n\r\n\r\n\r\n<div class=\"wp-block-buttons is-content-justification-center is-layout-flex wp-container-core-buttons-is-layout-16018d1d wp-block-buttons-is-layout-flex\">\r\n<div class=\"wp-block-button is-style-secondary\"><a class=\"wp-block-button__link wp-element-button\" href=\"https:\/\/aisvijet.com\/hu\/alkalmazas\/mesterseges-intelligencia-a-marketingben\/\">B\u0151vebben<\/a><\/div>\r\n<\/div>\r\n<\/div>\r\n\r\n\r\n\r\n<div class=\"wp-block-column is-layout-flow wp-block-column-is-layout-flow\">\r\n<figure class=\"wp-block-image size-full\"><img loading=\"lazy\" decoding=\"async\" width=\"350\" height=\"485\" src=\"https:\/\/aisvijet.com\/hu\/wp-content\/uploads\/sites\/6\/2024\/09\/mesterseges-intelligencia-alkalmazasa-gyartasban.jpg\" alt=\"A mesters\u00e9ges intelligencia alkalmaz\u00e1sa a gy\u00e1rt\u00e1sban\" class=\"wp-image-1132\" style=\"aspect-ratio:3\/4;object-fit:cover\" srcset=\"https:\/\/aisvijet.com\/hu\/wp-content\/uploads\/sites\/6\/2024\/09\/mesterseges-intelligencia-alkalmazasa-gyartasban.jpg 350w, https:\/\/aisvijet.com\/hu\/wp-content\/uploads\/sites\/6\/2024\/09\/mesterseges-intelligencia-alkalmazasa-gyartasban-216x300.jpg 216w\" sizes=\"auto, (max-width: 350px) 100vw, 350px\" \/><\/figure>\r\n\r\n\r\n\r\n<div style=\"height:10px\" aria-hidden=\"true\" class=\"wp-block-spacer\"><\/div>\r\n\r\n\r\n\r\n<h3 class=\"wp-block-heading has-text-align-center has-neve-text-color-color has-text-color\">A mesters\u00e9ges intelligencia alkalmaz\u00e1sa a gy\u00e1rt\u00e1sban<\/h3>\r\n\r\n\r\n\r\n<p class=\"has-text-align-center has-neve-text-color-color has-text-color\">Az AI automatiz\u00e1lja a gy\u00e1rt\u00f3sort, el\u0151rejelzi a karbantart\u00e1st \u00e9s optimaliz\u00e1lja az er\u0151forr\u00e1sokat.<\/p>\r\n\r\n\r\n\r\n<div class=\"wp-block-buttons is-content-justification-center is-layout-flex wp-container-core-buttons-is-layout-16018d1d wp-block-buttons-is-layout-flex\">\r\n<div class=\"wp-block-button is-style-secondary\"><a class=\"wp-block-button__link wp-element-button\" href=\"https:\/\/aisvijet.com\/hu\/alkalmazas\/mesterseges-intelligencia-a-gyartasban\/\">B\u0151vebben<\/a><\/div>\r\n<\/div>\r\n<\/div>\r\n<\/div>\r\n\r\n\r\n\r\n<div style=\"height:40px\" aria-hidden=\"true\" class=\"wp-block-spacer\"><\/div>\r\n<\/div><\/div>\r\n<\/div><\/div>\r\n\r\n\r\n\r\n<p><\/p>\r\n","protected":false},"excerpt":{"rendered":"","protected":false},"author":16,"featured_media":1126,"parent":0,"menu_order":0,"comment_status":"closed","ping_status":"open","template":"","meta":{"neve_meta_sidebar":"full-width","neve_meta_container":"contained","neve_meta_enable_content_width":"on","neve_meta_content_width":100,"neve_meta_title_alignment":"","neve_meta_author_avatar":"","neve_post_elements_order":"","neve_meta_disable_header":"","neve_meta_disable_footer":"","neve_meta_disable_title":"on","_themeisle_gutenberg_block_has_review":false,"footnotes":""},"class_list":["post-1053","page","type-page","status-publish","has-post-thumbnail","hentry"],"_links":{"self":[{"href":"https:\/\/aisvijet.com\/hu\/wp-json\/wp\/v2\/pages\/1053","targetHints":{"allow":["GET"]}}],"collection":[{"href":"https:\/\/aisvijet.com\/hu\/wp-json\/wp\/v2\/pages"}],"about":[{"href":"https:\/\/aisvijet.com\/hu\/wp-json\/wp\/v2\/types\/page"}],"author":[{"embeddable":true,"href":"https:\/\/aisvijet.com\/hu\/wp-json\/wp\/v2\/users\/16"}],"replies":[{"embeddable":true,"href":"https:\/\/aisvijet.com\/hu\/wp-json\/wp\/v2\/comments?post=1053"}],"version-history":[{"count":38,"href":"https:\/\/aisvijet.com\/hu\/wp-json\/wp\/v2\/pages\/1053\/revisions"}],"predecessor-version":[{"id":2358,"href":"https:\/\/aisvijet.com\/hu\/wp-json\/wp\/v2\/pages\/1053\/revisions\/2358"}],"wp:featuredmedia":[{"embeddable":true,"href":"https:\/\/aisvijet.com\/hu\/wp-json\/wp\/v2\/media\/1126"}],"wp:attachment":[{"href":"https:\/\/aisvijet.com\/hu\/wp-json\/wp\/v2\/media?parent=1053"}],"curies":[{"name":"wp","href":"https:\/\/api.w.org\/{rel}","templated":true}]}}