{"id":1065,"date":"2024-08-30T19:57:47","date_gmt":"2024-08-30T19:57:47","guid":{"rendered":"https:\/\/aisvijet.com\/hu\/?page_id=1065"},"modified":"2025-10-29T23:27:49","modified_gmt":"2025-10-29T22:27:49","slug":"gyik","status":"publish","type":"page","link":"https:\/\/aisvijet.com\/hu\/gyik\/","title":{"rendered":"Mesters\u00e9ges intelligencia GYIK \u2013 Gyakori k\u00e9rd\u00e9sek \u00e9s v\u00e1laszok az AI-r\u00f3l"},"content":{"rendered":"<p>\u00dcdv\u00f6z\u00f6lj\u00fck a mesters\u00e9gesintelligencia.com-on &#8211; az \u00d6n f\u0151 c\u00e9lpontj\u00e1n mindarra, amit a mesters\u00e9ges intelligenci\u00e1r\u00f3l tudnia kell. Itt megtal\u00e1lja a v\u00e1laszokat a leggyakoribb k\u00e9rd\u00e9sekre, \u00fatmutat\u00f3kat, forr\u00e1sokat \u00e9s a legfrissebb inform\u00e1ci\u00f3kat az AI fejleszt\u00e9s\u00e9r\u0151l \u00e9s alkalmaz\u00e1s\u00e1r\u00f3l k\u00fcl\u00f6nb\u00f6z\u0151 ipar\u00e1gakban. K\u00fcldet\u00e9s\u00fcnk, hogy pontos \u00e9s hasznos inform\u00e1ci\u00f3kat ny\u00fajtsunk \u00d6nnek, hogy ki tudja haszn\u00e1lni az AI \u00e1ltal hozott \u00f6sszes el\u0151nyt.<\/p>\n<h2>Mesters\u00e9ges intelligencia &#8211; GYIK<\/h2>\n<h3>Mi az a mesters\u00e9ges intelligencia (AI)?<\/h3>\n<p>A mesters\u00e9ges intelligencia a sz\u00e1m\u00edt\u00e1stechnika egyik \u00e1ga, amely olyan g\u00e9pek \u00e9s szoftverek fejleszt\u00e9s\u00e9vel foglalkozik, amelyek k\u00e9pesek olyan feladatok elv\u00e9gz\u00e9s\u00e9re, amelyek \u00e1ltal\u00e1ban emberi intelligenci\u00e1t ig\u00e9nyelnek, mint p\u00e9ld\u00e1ul besz\u00e9dfelismer\u00e9s, d\u00f6nt\u00e9shozatal \u00e9s probl\u00e9mamegold\u00e1s.<\/p>\n<h3>Hogyan haszn\u00e1lhatok AI eszk\u00f6z\u00f6ket a v\u00e1llalkoz\u00e1somban?<\/h3>\n<p>Az AI eszk\u00f6z\u00f6k seg\u00edthetnek feladatok automatiz\u00e1l\u00e1s\u00e1ban, adatelemz\u00e9sben, \u00fcgyf\u00e9lszolg\u00e1lat jav\u00edt\u00e1s\u00e1ban \u00e9s \u00fczleti folyamatok optimaliz\u00e1l\u00e1s\u00e1ban. Weboldalunkon forr\u00e1sokat \u00e9s \u00fatmutat\u00f3kat tal\u00e1l arr\u00f3l, hogyan implement\u00e1lhatja az AI-t k\u00fcl\u00f6nb\u00f6z\u0151 szektorokban.<\/p>\n<h3>Melyek a legjobb AI eszk\u00f6z\u00f6k kreat\u00edv projektekhez?<\/h3>\n<p>\u00c1ttekint\u00e9st ny\u00fajtunk a leg\u00fajabb AI eszk\u00f6z\u00f6kr\u0151l log\u00f3 tervez\u00e9shez, hangfeldolgoz\u00e1shoz, filmk\u00e9sz\u00edt\u00e9shez, sz\u00f6veg\u00edr\u00e1shoz \u00e9s k\u00e9pgener\u00e1l\u00e1shoz, r\u00e9szletes le\u00edr\u00e1sokkal \u00e9s haszn\u00e1lati \u00fatmutat\u00f3kkal.<\/p>\n<h3>Biztons\u00e1gos-e a mesters\u00e9ges intelligencia haszn\u00e1lata?<\/h3>\n<p>Az AI haszn\u00e1lat\u00e1nak biztons\u00e1ga a c\u00e9lt\u00f3l \u00e9s az implement\u00e1ci\u00f3 m\u00f3dj\u00e1t\u00f3l f\u00fcgg. Weboldalunk olyan t\u00e9m\u00e1kat \u00f6lel fel, mint az AI etik\u00e1ja, kock\u00e1zatok \u00e9s a mesters\u00e9ges intelligencia felel\u0151s haszn\u00e1lat\u00e1nak m\u00f3djai.<\/p>\n<h3>Hogyan v\u00e1ltoztatja meg az AI az olyan ipar\u00e1gakat, mint az eg\u00e9szs\u00e9g\u00fcgy \u00e9s a p\u00e9nz\u00fcgyek?<\/h3>\n<p>A mesters\u00e9ges intelligencia jelent\u0151sen \u00e1talak\u00edtja a k\u00fcl\u00f6nb\u00f6z\u0151 ipar\u00e1gakat, bele\u00e9rtve az eg\u00e9szs\u00e9g\u00fcgyet, p\u00e9nz\u00fcgyeket, marketinget \u00e9s gy\u00e1rt\u00e1st. Weboldalunkon t\u00f6bbet megtudhat az AI alkalmaz\u00e1s\u00e1r\u00f3l ezeken a ter\u00fcleteken.<\/p>\n<h3>Melyek az alapvet\u0151 l\u00e9p\u00e9sek a mesters\u00e9ges intelligencia tanul\u00e1s\u00e1hoz?<\/h3>\n<p>Javasoljuk, hogy kezdje az alapfogalmakkal, majd folytassa a g\u00e9pi tanul\u00e1ssal \u00e9s m\u00e9lytanul\u00e1ssal. Az &#8222;Oktat\u00e1s&#8221; oldalon \u00fatmutat\u00f3kat, online tanfolyamokat \u00e9s tanul\u00e1si forr\u00e1sokat tal\u00e1l.<\/p>\n<h3>Mi az a g\u00e9pi tanul\u00e1s?<\/h3>\n<p>A g\u00e9pi tanul\u00e1s a mesters\u00e9ges intelligencia r\u00e9szhalmaza, amely olyan algoritmusok fejleszt\u00e9s\u00e9vel foglalkozik, amelyek lehet\u0151v\u00e9 teszik a sz\u00e1m\u00edt\u00f3g\u00e9pek sz\u00e1m\u00e1ra, hogy tapasztalatokb\u00f3l tanuljanak \u00e9s javuljanak explicit programoz\u00e1s n\u00e9lk\u00fcl.<\/p>\n<h3>Hogyan seg\u00edthet az AI az adatfeldolgoz\u00e1sban \u00e9s elemz\u00e9sben?<\/h3>\n<p>Az AI eszk\u00f6z\u00f6k lehet\u0151v\u00e9 teszik nagy mennyis\u00e9g\u0171 adat gyors elemz\u00e9s\u00e9t, mint\u00e1k felismer\u00e9s\u00e9t \u00e9s predikt\u00edv d\u00f6nt\u00e9sek meghozatal\u00e1t, ami jelent\u0151sen jav\u00edthatja az \u00fczleti teljes\u00edtm\u00e9nyt.<\/p>\n<h3>Melyek az AI-hoz kapcsol\u00f3d\u00f3 etikai dilemm\u00e1k?<\/h3>\n<p>Az etikai dilemm\u00e1k k\u00f6z\u00e9 tartoznak a mag\u00e1n\u00e9lettel kapcsolatos k\u00e9rd\u00e9sek, algoritmusokban l\u00e9v\u0151 elfogults\u00e1g, munkahelyek automatiz\u00e1l\u00e1sa \u00e9s biztons\u00e1g. Weboldalunk r\u00e9szletes cikkeket tartalmaz ezekr\u0151l a t\u00e9m\u00e1kr\u00f3l.<\/p>\n<h3>Hogyan maradhatok naprak\u00e9sz a leg\u00fajabb AI trendekkel?<\/h3>\n<p>Javasoljuk, hogy rendszeresen l\u00e1togassa meg weboldalunkat, ahol a legfrissebb h\u00edreket, cikkeket \u00e9s elemz\u00e9seket tessz\u00fck k\u00f6zz\u00e9 a mesters\u00e9ges intelligencia fejleszt\u00e9s\u00e9r\u0151l.<\/p>\n","protected":false},"excerpt":{"rendered":"<p>\u00dcdv\u00f6z\u00f6lj\u00fck a mesters\u00e9gesintelligencia.com-on &#8211; az \u00d6n f\u0151 c\u00e9lpontj\u00e1n mindarra, amit a mesters\u00e9ges intelligenci\u00e1r\u00f3l tudnia kell. Itt megtal\u00e1lja a v\u00e1laszokat a leggyakoribb k\u00e9rd\u00e9sekre, \u00fatmutat\u00f3kat, forr\u00e1sokat \u00e9s a legfrissebb inform\u00e1ci\u00f3kat az AI fejleszt\u00e9s\u00e9r\u0151l \u00e9s alkalmaz\u00e1s\u00e1r\u00f3l k\u00fcl\u00f6nb\u00f6z\u0151 ipar\u00e1gakban. K\u00fcldet\u00e9s\u00fcnk, hogy pontos \u00e9s hasznos inform\u00e1ci\u00f3kat ny\u00fajtsunk \u00d6nnek, hogy ki tudja haszn\u00e1lni az AI \u00e1ltal hozott \u00f6sszes el\u0151nyt. Mesters\u00e9ges intelligencia&hellip;&nbsp;<a href=\"https:\/\/aisvijet.com\/hu\/gyik\/\" rel=\"bookmark\">Read More &raquo;<span class=\"screen-reader-text\">Mesters\u00e9ges intelligencia GYIK \u2013 Gyakori k\u00e9rd\u00e9sek \u00e9s v\u00e1laszok az AI-r\u00f3l<\/span><\/a><\/p>\n","protected":false},"author":16,"featured_media":0,"parent":0,"menu_order":0,"comment_status":"closed","ping_status":"closed","template":"","meta":{"neve_meta_sidebar":"","neve_meta_container":"","neve_meta_enable_content_width":"off","neve_meta_content_width":100,"neve_meta_title_alignment":"","neve_meta_author_avatar":"","neve_post_elements_order":"","neve_meta_disable_header":"","neve_meta_disable_footer":"","neve_meta_disable_title":"","_themeisle_gutenberg_block_has_review":false,"footnotes":""},"class_list":["post-1065","page","type-page","status-publish","hentry"],"_links":{"self":[{"href":"https:\/\/aisvijet.com\/hu\/wp-json\/wp\/v2\/pages\/1065","targetHints":{"allow":["GET"]}}],"collection":[{"href":"https:\/\/aisvijet.com\/hu\/wp-json\/wp\/v2\/pages"}],"about":[{"href":"https:\/\/aisvijet.com\/hu\/wp-json\/wp\/v2\/types\/page"}],"author":[{"embeddable":true,"href":"https:\/\/aisvijet.com\/hu\/wp-json\/wp\/v2\/users\/16"}],"replies":[{"embeddable":true,"href":"https:\/\/aisvijet.com\/hu\/wp-json\/wp\/v2\/comments?post=1065"}],"version-history":[{"count":7,"href":"https:\/\/aisvijet.com\/hu\/wp-json\/wp\/v2\/pages\/1065\/revisions"}],"predecessor-version":[{"id":2373,"href":"https:\/\/aisvijet.com\/hu\/wp-json\/wp\/v2\/pages\/1065\/revisions\/2373"}],"wp:attachment":[{"href":"https:\/\/aisvijet.com\/hu\/wp-json\/wp\/v2\/media?parent=1065"}],"curies":[{"name":"wp","href":"https:\/\/api.w.org\/{rel}","templated":true}]}}