{"id":1286,"date":"2024-09-05T00:16:51","date_gmt":"2024-09-04T22:16:51","guid":{"rendered":"https:\/\/aisvijet.com\/hu\/?page_id=1286"},"modified":"2025-10-30T13:13:01","modified_gmt":"2025-10-30T12:13:01","slug":"mesterseges-intelligencia-tortenete","status":"publish","type":"page","link":"https:\/\/aisvijet.com\/hu\/mesterseges-intelligencia-tortenete\/","title":{"rendered":"A mesters\u00e9ges intelligencia t\u00f6rt\u00e9nete \u2013 Az AI fejl\u0151d\u00e9s\u00e9nek m\u00e9rf\u00f6ldk\u00f6vei"},"content":{"rendered":"\r\n<p>A mesters\u00e9ges intelligencia (AI) nem csup\u00e1n modern technol\u00f3giai trend \u2013 gy\u00f6kerei \u00e9vtizedekkel ezel\u0151ttre ny\u00falnak vissza, fejl\u0151d\u00e9s\u00e9t pedig a tudom\u00e1ny, technol\u00f3gia \u00e9s filoz\u00f3fia jelent\u0151s el\u0151rel\u00e9p\u00e9sei jellemzik.<\/p>\r\n\r\n\r\n\r\n<p>A t\u00f6rt\u00e9nelem sor\u00e1n az emberi v\u00e1gy intelligens g\u00e9pek \u00e9s automat\u00e1k l\u00e9trehoz\u00e1s\u00e1ra egyre kifejezettebb lett, ami ahhoz vezetett, amit ma mesters\u00e9ges intelligenci\u00e1nak nevez\u00fcnk.<\/p>\r\n\r\n\r\n\r\n<div id=\"ez-toc-container\" class=\"ez-toc-v2_0_82_2 counter-hierarchy ez-toc-counter ez-toc-light-blue ez-toc-container-direction\">\n<div class=\"ez-toc-title-container\">\n<p class=\"ez-toc-title\" style=\"cursor:inherit\">Tartalom<\/p>\n<span class=\"ez-toc-title-toggle\"><a href=\"#\" class=\"ez-toc-pull-right ez-toc-btn ez-toc-btn-xs ez-toc-btn-default ez-toc-toggle\" aria-label=\"Toggle Table of Content\"><span class=\"ez-toc-js-icon-con\"><span class=\"\"><span class=\"eztoc-hide\" style=\"display:none;\">Toggle<\/span><span class=\"ez-toc-icon-toggle-span\"><svg style=\"fill: #999;color:#999\" xmlns=\"http:\/\/www.w3.org\/2000\/svg\" class=\"list-377408\" width=\"20px\" height=\"20px\" viewBox=\"0 0 24 24\" fill=\"none\"><path d=\"M6 6H4v2h2V6zm14 0H8v2h12V6zM4 11h2v2H4v-2zm16 0H8v2h12v-2zM4 16h2v2H4v-2zm16 0H8v2h12v-2z\" fill=\"currentColor\"><\/path><\/svg><svg style=\"fill: #999;color:#999\" class=\"arrow-unsorted-368013\" xmlns=\"http:\/\/www.w3.org\/2000\/svg\" width=\"10px\" height=\"10px\" viewBox=\"0 0 24 24\" version=\"1.2\" baseProfile=\"tiny\"><path d=\"M18.2 9.3l-6.2-6.3-6.2 6.3c-.2.2-.3.4-.3.7s.1.5.3.7c.2.2.4.3.7.3h11c.3 0 .5-.1.7-.3.2-.2.3-.5.3-.7s-.1-.5-.3-.7zM5.8 14.7l6.2 6.3 6.2-6.3c.2-.2.3-.5.3-.7s-.1-.5-.3-.7c-.2-.2-.4-.3-.7-.3h-11c-.3 0-.5.1-.7.3-.2.2-.3.5-.3.7s.1.5.3.7z\"\/><\/svg><\/span><\/span><\/span><\/a><\/span><\/div>\n<nav><ul class='ez-toc-list ez-toc-list-level-1 eztoc-toggle-hide-by-default' ><li class='ez-toc-page-1 ez-toc-heading-level-2'><a class=\"ez-toc-link ez-toc-heading-1\" href=\"https:\/\/aisvijet.com\/hu\/mesterseges-intelligencia-tortenete\/#A_mesterseges_intelligencia_tortenete_roviden\" >A mesters\u00e9ges intelligencia t\u00f6rt\u00e9nete r\u00f6viden<\/a><\/li><li class='ez-toc-page-1 ez-toc-heading-level-2'><a class=\"ez-toc-link ez-toc-heading-2\" href=\"https:\/\/aisvijet.com\/hu\/mesterseges-intelligencia-tortenete\/#A_mesterseges_intelligencia_fejlodesenek_reszletesebb_attekintese\" >A mesters\u00e9ges intelligencia fejl\u0151d\u00e9s\u00e9nek r\u00e9szletesebb \u00e1ttekint\u00e9se<\/a><ul class='ez-toc-list-level-3' ><li class='ez-toc-heading-level-3'><a class=\"ez-toc-link ez-toc-heading-3\" href=\"https:\/\/aisvijet.com\/hu\/mesterseges-intelligencia-tortenete\/#Az_AI_kutatas_elso_lepesei\" >Az AI kutat\u00e1s els\u0151 l\u00e9p\u00e9sei<\/a><\/li><li class='ez-toc-page-1 ez-toc-heading-level-3'><a class=\"ez-toc-link ez-toc-heading-4\" href=\"https:\/\/aisvijet.com\/hu\/mesterseges-intelligencia-tortenete\/#Az_aranykor_es_az_AI_tel\" >Az aranykor \u00e9s az AI t\u00e9l<\/a><\/li><li class='ez-toc-page-1 ez-toc-heading-level-3'><a class=\"ez-toc-link ez-toc-heading-5\" href=\"https:\/\/aisvijet.com\/hu\/mesterseges-intelligencia-tortenete\/#Az_AI_iranti_erdeklodes_visszaterese\" >Az AI ir\u00e1nti \u00e9rdekl\u0151d\u00e9s visszat\u00e9r\u00e9se<\/a><\/li><\/ul><\/li><li class='ez-toc-page-1 ez-toc-heading-level-2'><a class=\"ez-toc-link ez-toc-heading-6\" href=\"https:\/\/aisvijet.com\/hu\/mesterseges-intelligencia-tortenete\/#A_mesterseges_intelligencia_ma\" >A mesters\u00e9ges intelligencia ma<\/a><\/li><li class='ez-toc-page-1 ez-toc-heading-level-2'><a class=\"ez-toc-link ez-toc-heading-7\" href=\"https:\/\/aisvijet.com\/hu\/mesterseges-intelligencia-tortenete\/#Kovetkeztetes\" >K\u00f6vetkeztet\u00e9s<\/a><\/li><li class='ez-toc-page-1 ez-toc-heading-level-2'><a class=\"ez-toc-link ez-toc-heading-8\" href=\"https:\/\/aisvijet.com\/hu\/mesterseges-intelligencia-tortenete\/#GYIK_Gyakran_Ismetelt_Kerdesek\" >GYIK (Gyakran Ism\u00e9telt K\u00e9rd\u00e9sek)<\/a><ul class='ez-toc-list-level-3' ><li class='ez-toc-heading-level-3'><a class=\"ez-toc-link ez-toc-heading-9\" href=\"https:\/\/aisvijet.com\/hu\/mesterseges-intelligencia-tortenete\/#Mikor_kezdodott_a_mesterseges_intelligencia_kutatasa\" >Mikor kezd\u0151d\u00f6tt a mesters\u00e9ges intelligencia kutat\u00e1sa?<\/a><\/li><li class='ez-toc-page-1 ez-toc-heading-level-3'><a class=\"ez-toc-link ez-toc-heading-10\" href=\"https:\/\/aisvijet.com\/hu\/mesterseges-intelligencia-tortenete\/#Ki_volt_az_elso_aki_az_MI_elmeleti_alapjait_lefektette\" >Ki volt az els\u0151, aki az MI elm\u00e9leti alapjait lefektette?<\/a><\/li><li class='ez-toc-page-1 ez-toc-heading-level-3'><a class=\"ez-toc-link ez-toc-heading-11\" href=\"https:\/\/aisvijet.com\/hu\/mesterseges-intelligencia-tortenete\/#Miert_volt_fontos_a_Dartmouth_konferencia_az_MI_fejlodeseben\" >Mi\u00e9rt volt fontos a Dartmouth konferencia az MI fejl\u0151d\u00e9s\u00e9ben?<\/a><\/li><li class='ez-toc-page-1 ez-toc-heading-level-3'><a class=\"ez-toc-link ez-toc-heading-12\" href=\"https:\/\/aisvijet.com\/hu\/mesterseges-intelligencia-tortenete\/#Mit_jelent_az_%E2%80%9EAI-tel%E2%80%9D_az_MI_torteneteben\" >Mit jelent az \u201eAI-t\u00e9l\u201d az MI t\u00f6rt\u00e9net\u00e9ben?<\/a><\/li><li class='ez-toc-page-1 ez-toc-heading-level-3'><a class=\"ez-toc-link ez-toc-heading-13\" href=\"https:\/\/aisvijet.com\/hu\/mesterseges-intelligencia-tortenete\/#Hogyan_fejlodott_az_MI_az_utobbi_evtizedekben\" >Hogyan fejl\u0151d\u00f6tt az MI az ut\u00f3bbi \u00e9vtizedekben?<\/a><\/li><\/ul><\/li><\/ul><\/nav><\/div>\n\r\n\r\n\r\n\r\n<h2 class=\"wp-block-heading\"><span class=\"ez-toc-section\" id=\"A_mesterseges_intelligencia_tortenete_roviden\"><\/span>A mesters\u00e9ges intelligencia t\u00f6rt\u00e9nete r\u00f6viden<span class=\"ez-toc-section-end\"><\/span><\/h2>\r\n\r\n\r\n\r\n<p class=\"has-text-align-center has-nv-light-bg-background-color has-background\"><strong>1943<\/strong>.<br \/>Warren McCulloch \u00e9s Walter Pitts kifejlesztik az els\u0151 matematikai modellt a neur\u00e1lis h\u00e1l\u00f3zatokhoz, ezzel megalapozva az AI fejleszt\u00e9s\u00e9t.<br \/><strong>1950<\/strong>.<br \/>Alan Turing javaslatot tesz a Turing-tesztre, amely a g\u00e9pek emberi intelligencia ut\u00e1nz\u00e1si k\u00e9pess\u00e9g\u00e9nek \u00e9rt\u00e9kel\u00e9si standardja.<br \/><strong>1956<\/strong>.<br \/>A Dartmouth konferencia hivatalosan is jelzi a mesters\u00e9ges intelligencia kutat\u00e1s\u00e1nak kezdet\u00e9t mint tudom\u00e1nyos diszcipl\u00edn\u00e1t.<br \/><strong>1966<\/strong>.<br \/>L\u00e9trej\u00f6n az ELIZA, az egyik els\u0151 term\u00e9szetes nyelvfeldolgoz\u00f3 sz\u00e1m\u00edt\u00f3g\u00e9pes program, amely emberrel folytatott besz\u00e9lget\u00e9st szimul\u00e1l.<br \/><strong>1972<\/strong>.<br \/>L\u00e9trej\u00f6n a MYCIN, az els\u0151 szak\u00e9rt\u0151i rendszer, amely orvosi adatok alapj\u00e1n betegs\u00e9gek diagnosztiz\u00e1l\u00e1s\u00e1ban seg\u00edt.<br \/><strong>1980<\/strong>.<br \/>Kezdet\u00e9t veszi a szak\u00e9rt\u0151i rendszerek korszaka, ahol az AI-t specifikus ipari feladatok megold\u00e1s\u00e1ra haszn\u00e1lj\u00e1k.<br \/><strong>1997<\/strong>.<br \/>Az IBM Deep Blue legy\u0151zi Garry Kasparov sakkbajnokot, ami az els\u0151 alkalom, hogy sz\u00e1m\u00edt\u00f3g\u00e9p gy\u0151z embert sakkban.<br \/><strong>2011<\/strong>.<br \/>Az IBM Watson legy\u0151zi az emberi versenyz\u0151ket a Jeopardy kv\u00edzm\u0171sorban, demonstr\u00e1lva a term\u00e9szetes nyelvfeldolgoz\u00e1s fejl\u0151d\u00e9s\u00e9t.<br \/><strong>2012<\/strong>.<br \/>A m\u00e9ly tanul\u00e1s nagy el\u0151rel\u00e9p\u00e9st \u00e9r el a neur\u00e1lis h\u00e1l\u00f3zatok gy\u0151zelm\u00e9vel az ImageNet versenyen, ami \u00faj lehet\u0151s\u00e9geket nyit a k\u00e9pelemz\u00e9sben.<br \/><strong>2016<\/strong>.<br \/>A Google DeepMind AlphaGo legy\u0151zi a vil\u00e1g Go bajnok\u00e1t, ami az AI egyik legnagyobb eredm\u00e9ny\u00e9nek tekinthet\u0151.<br \/><strong>2020<\/strong>.<br \/>Az OpenAI kifejleszti a GPT-3-at, az egyik legfejlettebb nyelvi modellt, amely k\u00e9pes emberi sz\u00f6veghez hasonl\u00f3 tartalom gener\u00e1l\u00e1s\u00e1ra.<br \/><strong>2023<\/strong>.<br \/>Az OpenAI elind\u00edtja a GPT-4-et, egy fejlettebb nyelvi modellt, amely m\u00e9g nagyobb pontoss\u00e1got \u00e9s \u00f6sszetett sz\u00f6veges k\u00e9rd\u00e9sek meg\u00e9rt\u00e9s\u00e9t mutatja, jelent\u0151sen jav\u00edtva az emberek \u00e9s AI rendszerek k\u00f6z\u00f6tti interakci\u00f3kat.<br \/><strong>2024<\/strong>.<br \/>A kvantumsz\u00e1m\u00edt\u00e1stechnika tov\u00e1bbi fejl\u0151d\u00e9se \u00e9s annak mesters\u00e9ges intelligenci\u00e1ban val\u00f3 alkalmaz\u00e1sa \u00faj lehet\u0151s\u00e9geket nyit olyan \u00f6sszetett probl\u00e9m\u00e1k megold\u00e1s\u00e1ra, amelyeket a klasszikus sz\u00e1m\u00edt\u00f3g\u00e9pek nem tudnak hat\u00e9konyan feldolgozni, megalapozva az AI m\u00e9g sz\u00e9lesebb k\u00f6r\u0171 alkalmaz\u00e1s\u00e1t a tudom\u00e1nyban \u00e9s iparban.<\/p>\r\n\r\n\r\n\r\n<h2 class=\"wp-block-heading\"><span class=\"ez-toc-section\" id=\"A_mesterseges_intelligencia_fejlodesenek_reszletesebb_attekintese\"><\/span>A mesters\u00e9ges intelligencia fejl\u0151d\u00e9s\u00e9nek r\u00e9szletesebb \u00e1ttekint\u00e9se<span class=\"ez-toc-section-end\"><\/span><\/h2>\r\n\r\n\r\n\r\n<p>A mesters\u00e9ges intelligencia fejleszt\u00e9se fel\u00e9 tett els\u0151 l\u00e9p\u00e9sek az <strong>\u00f3korig<\/strong> ny\u00falnak vissza, amikor olyan filoz\u00f3fusok, mint Arisztotel\u00e9sz, a &#8222;mechanikus elme&#8221; l\u00e9trehoz\u00e1s\u00e1nak lehet\u0151s\u00e9g\u00e9n gondolkodtak. \u00c9vsz\u00e1zadokon kereszt\u00fcl tud\u00f3sok \u00e9s feltal\u00e1l\u00f3k automatikus g\u00e9peket hoztak l\u00e9tre, ami a modern AI koncepci\u00f3k el\u0151fut\u00e1ra volt.<\/p>\r\n\r\n\r\n<div class=\"wp-block-image\">\r\n<figure class=\"aligncenter size-full is-resized\"><img loading=\"lazy\" decoding=\"async\" width=\"900\" height=\"506\" class=\"wp-image-1308\" style=\"width: 900px; height: auto;\" src=\"https:\/\/aisvijet.com\/hu\/wp-content\/uploads\/sites\/6\/2024\/09\/a-mesterseges-intelligencia-fejlodese.jpg\" alt=\"A mesters\u00e9ges intelligencia fejl\u0151d\u00e9se\" srcset=\"https:\/\/aisvijet.com\/hu\/wp-content\/uploads\/sites\/6\/2024\/09\/a-mesterseges-intelligencia-fejlodese.jpg 900w, https:\/\/aisvijet.com\/hu\/wp-content\/uploads\/sites\/6\/2024\/09\/a-mesterseges-intelligencia-fejlodese-300x169.jpg 300w, https:\/\/aisvijet.com\/hu\/wp-content\/uploads\/sites\/6\/2024\/09\/a-mesterseges-intelligencia-fejlodese-768x432.jpg 768w\" sizes=\"auto, (max-width: 900px) 100vw, 900px\" \/><\/figure>\r\n<\/div>\r\n\r\n\r\n<p>Azonban csak a 20. sz\u00e1zadban kezd\u0151dtek az igazi er\u0151fesz\u00edt\u00e9sek olyan g\u00e9pek l\u00e9trehoz\u00e1s\u00e1ra, amelyek k\u00e9pesek szimul\u00e1lni az emberi intelligenci\u00e1t. <strong>Alan Turing<\/strong>, brit matematikus, kulcsszerepet j\u00e1tszott ezekben a kezdetekben. Turing 1950-ben alapvet\u0151 keretet teremtett a mesters\u00e9ges intelligenci\u00e1hoz &#8222;Computing Machinery and Intelligence&#8221; c\u00edm\u0171 essz\u00e9j\u00e9vel \u00e9s a <strong>Turing-teszttel<\/strong>, amely az els\u0151 tesztk\u00e9nt szolg\u00e1lt a g\u00e9pek emberi viselked\u00e9s ut\u00e1nz\u00e1si k\u00e9pess\u00e9g\u00e9nek \u00e9rt\u00e9kel\u00e9s\u00e9re.<\/p>\r\n\r\n\r\n\r\n<h3 class=\"wp-block-heading\"><span class=\"ez-toc-section\" id=\"Az_AI_kutatas_elso_lepesei\"><\/span>Az AI kutat\u00e1s els\u0151 l\u00e9p\u00e9sei<span class=\"ez-toc-section-end\"><\/span><\/h3>\r\n\r\n\r\n\r\n<p>A mesters\u00e9ges intelligencia mint form\u00e1lis tudom\u00e1nyos ter\u00fclet fejleszt\u00e9se 1956-ban kezd\u0151d\u00f6tt a Dartmouth konferenci\u00e1n. Ezt az esem\u00e9nyt gyakran a mesters\u00e9ges intelligencia mint tudom\u00e1nyos diszcipl\u00edna sz\u00fclet\u00e9s\u00e9nek tekintik, \u00e9s a kutat\u00f3k ekkor hat\u00e1rozt\u00e1k meg a k\u00fcl\u00f6nb\u00f6z\u0151 <strong><a href=\"https:\/\/aisvijet.com\/hu\/mesterseges-intelligencia-tipusai\/\">mesters\u00e9ges intelligencia t\u00edpusokat<\/a><\/strong> \u00e9s c\u00e9ljaikat. A kutat\u00f3k megalapozt\u00e1k a olyan g\u00e9pek j\u00f6v\u0151beli fejleszt\u00e9s\u00e9t, amelyek k\u00e9pesek tanulni \u00e9s d\u00f6nt\u00e9seket hozni.<\/p>\r\n\r\n\r\n\r\n<p>Az <strong>1960-as \u00e9s 1970-es<\/strong> \u00e9vekben olyan tud\u00f3sok, mint John McCarthy, aki megalkotta mag\u00e1t a &#8222;mesters\u00e9ges intelligencia&#8221; kifejez\u00e9st, valamint Marvin Minsky, az MIT mesters\u00e9ges intelligencia laborat\u00f3rium\u00e1nak egyik alap\u00edt\u00f3ja, folytatt\u00e1k a munk\u00e1t olyan g\u00e9pek fejleszt\u00e9s\u00e9n, amelyek k\u00e9pesek \u00f6sszetett probl\u00e9m\u00e1k megold\u00e1s\u00e1ra \u00e9s adatok alapj\u00e1n d\u00f6nt\u00e9sek meghozatal\u00e1ra. Ebben az id\u0151szakban j\u00f6ttek l\u00e9tre az els\u0151 sz\u00e1m\u00edt\u00f3g\u00e9pes programok, amelyek k\u00e9pesek voltak sakkot j\u00e1tszani \u00e9s matematikai probl\u00e9m\u00e1kat megoldani.<\/p>\r\n\r\n\r\n\r\n<h3 class=\"wp-block-heading\"><span class=\"ez-toc-section\" id=\"Az_aranykor_es_az_AI_tel\"><\/span>Az aranykor \u00e9s az AI t\u00e9l<span class=\"ez-toc-section-end\"><\/span><\/h3>\r\n\r\n\r\n\r\n<p>Az 1970-es \u00e9s 1980-as \u00e9vekben a mesters\u00e9ges intelligencia \u00e1t\u00e9li els\u0151 nagy n\u00f6veked\u00e9si szakasz\u00e1t, k\u00fcl\u00f6nb\u00f6z\u0151 <strong><a href=\"https:\/\/aisvijet.com\/hu\/alkalmazas\/\">mesters\u00e9ges intelligencia alkalmaz\u00e1sokra<\/a><\/strong> \u00f6sszpontos\u00edtva. Sz\u00e1mos szak\u00e9rt\u0151i rendszer j\u00f6tt l\u00e9tre \u2013 olyan programok, amelyek k\u00e9pesek voltak szak\u00e9rt\u0151k d\u00f6nt\u00e9seit szimul\u00e1lni specifikus ter\u00fcleteken, mint az orvostudom\u00e1ny \u00e9s p\u00e9nz\u00fcgyek. Az egyik ismertebb p\u00e9lda a MYCIN volt, egy bakteri\u00e1lis fert\u0151z\u00e9sek diagnosztiz\u00e1l\u00e1s\u00e1ra fejlesztett rendszer.<\/p>\r\n\r\n\r\n\r\n<p>Azonban a kezdeti lelkesed\u00e9s ellen\u00e9re az AI kutat\u00e1s sz\u00e1mos akad\u00e1llyal szembes\u00fclt, k\u00fcl\u00f6n\u00f6sen amikor vil\u00e1goss\u00e1 v\u00e1lt, hogy a sz\u00e1m\u00edt\u00f3g\u00e9pes er\u0151forr\u00e1sok korl\u00e1tozottak, az algoritmusok pedig nem el\u00e9g fejlettek az \u00f6sszetettebb feladatokhoz. Ez az id\u0151szak, amelyet <strong>AI t\u00e9lnek<\/strong> neveznek, az 1980-as \u00e9vek v\u00e9g\u00e9t\u0151l az 1990-es \u00e9vek k\u00f6zep\u00e9ig tartott, amikor a kutat\u00e1si alapok cs\u00f6kkentek, \u00e9s a mesters\u00e9ges intelligencia fejleszt\u00e9se ir\u00e1nti lelkesed\u00e9s al\u00e1bbhagyott.<\/p>\r\n\r\n\r\n\r\n<h3 class=\"wp-block-heading\"><span class=\"ez-toc-section\" id=\"Az_AI_iranti_erdeklodes_visszaterese\"><\/span>Az AI ir\u00e1nti \u00e9rdekl\u0151d\u00e9s visszat\u00e9r\u00e9se<span class=\"ez-toc-section-end\"><\/span><\/h3>\r\n\r\n\r\n\r\n<p>Az 1990-es \u00e9vek v\u00e9g\u00e9n \u00e9s a 21. sz\u00e1zad elej\u00e9n a mesters\u00e9ges intelligencia ism\u00e9t a figyelem k\u00f6z\u00e9ppontj\u00e1ba ker\u00fclt, els\u0151sorban a processzor teljes\u00edtm\u00e9ny fejl\u0151d\u00e9s\u00e9nek \u00e9s a <strong>g\u00e9pi tanul\u00e1s<\/strong> \u00faj algoritmusainak k\u00f6sz\u00f6nhet\u0151en. A kulcsfontoss\u00e1g\u00fa pillanat 1997-ben k\u00f6vetkezett be, amikor az IBM <strong>Deep Blue<\/strong> sz\u00e1m\u00edt\u00f3g\u00e9pes rendszere legy\u0151zte Garry Kasparov sakkvil\u00e1gbajnokot. Ez megmutatta, hogy a g\u00e9pek fel\u00fclm\u00falhatj\u00e1k az embereket \u00f6sszetett intellektu\u00e1lis feladatokban.<\/p>\r\n\r\n\r\n\r\n<p>Tov\u00e1bb\u00e1, a 2010-es \u00e9vekben a mesters\u00e9ges intelligencia az expanzi\u00f3 szakasz\u00e1ba l\u00e9p a <strong>neur\u00e1lis h\u00e1l\u00f3zatok<\/strong> \u00e9s <strong>m\u00e9ly tanul\u00e1s<\/strong> fejl\u0151d\u00e9s\u00e9nek k\u00f6sz\u00f6nhet\u0151en. Ezek a technol\u00f3gi\u00e1k lehet\u0151v\u00e9 teszik a sz\u00e1m\u00edt\u00f3g\u00e9pek sz\u00e1m\u00e1ra, hogy hatalmas mennyis\u00e9g\u0171 adatot elemezzenek \u00e9s hihetetlen pontoss\u00e1ggal k\u00f6vetkeztet\u00e9seket vonjanak le, ami az AI alkalmaz\u00e1s\u00e1hoz vezetett sok ter\u00fcleten, bele\u00e9rtve az eg\u00e9szs\u00e9g\u00fcgyet, gazdas\u00e1got, auton\u00f3m j\u00e1rm\u0171veket \u00e9s sok m\u00e1s ipar\u00e1gat.<\/p>\r\n\r\n\r\n\r\n<h2 class=\"wp-block-heading\"><span class=\"ez-toc-section\" id=\"A_mesterseges_intelligencia_ma\"><\/span>A mesters\u00e9ges intelligencia ma<span class=\"ez-toc-section-end\"><\/span><\/h2>\r\n\r\n\r\n\r\n<p>Ma a mesters\u00e9ges intelligencia minden\u00fctt jelen van. Alkalmaz\u00e1sait a mindennapi \u00e9letben l\u00e1thatjuk \u2013 a <strong>hangvez\u00e9relt asszisztensekt\u0151l<\/strong>, mint az Alexa \u00e9s Google Assistant, az <strong>auton\u00f3m j\u00e1rm\u0171vekig<\/strong> \u00e9s fejlett <strong>adatfeldolgoz\u00f3 rendszerekig<\/strong>. Az AI kulcsfontoss\u00e1g\u00fa eszk\u00f6zz\u00e9 v\u00e1lt az orvostudom\u00e1nyban is, ahol betegs\u00e9gek diagnosztiz\u00e1l\u00e1s\u00e1ban seg\u00edt, valamint a p\u00e9nz\u00fcgyekben, ahol piaci trendek elemz\u00e9s\u00e9re haszn\u00e1lj\u00e1k. A k\u00fcl\u00f6nb\u00f6z\u0151 <a href=\"https:\/\/aisvijet.com\/hu\/mesterseges-intelligencia-tipusai\/\">mesters\u00e9ges intelligencia t\u00edpusok<\/a> specifikus el\u0151ny\u00f6ket hoznak az ipar\u00e1gt\u00f3l f\u00fcgg\u0151en.<\/p>\r\n\r\n\r\n\r\n<p>Ahogy a t\u00f6rt\u00e9nelem mutatja, a mesters\u00e9ges intelligencia nem csup\u00e1n a j\u00f6v\u0151 technol\u00f3gi\u00e1ja \u2013 m\u00e1r most m\u00e9lyen integr\u00e1l\u00f3dott t\u00e1rsadalmunkba, \u00e9s tov\u00e1bbi fejl\u0151d\u00e9se folyamatosan leny\u0171g\u00f6zi a tud\u00f3sokat, kutat\u00f3kat \u00e9s technol\u00f3giai rajong\u00f3kat vil\u00e1gszerte.<\/p>\r\n\r\n\r\n\r\n<h2 class=\"wp-block-heading\"><span class=\"ez-toc-section\" id=\"Kovetkeztetes\"><\/span>K\u00f6vetkeztet\u00e9s<span class=\"ez-toc-section-end\"><\/span><\/h2>\r\n\r\n\r\n\r\n<p>A mesters\u00e9ges intelligencia t\u00f6rt\u00e9nete azt mutatja, hogyan fejl\u0151dtek \u00e9vtizedeken kereszt\u00fcl az emberi t\u00f6rekv\u00e9sek olyan g\u00e9pek l\u00e9trehoz\u00e1s\u00e1ra, amelyek k\u00e9pesek gondolkodni, tanulni \u00e9s d\u00f6nt\u00e9seket hozni. Az els\u0151 matematikai neur\u00e1lis h\u00e1l\u00f3zat modellekt\u0151l a modern <strong>m\u00e9ly tanul\u00e1s<\/strong> \u00e9s <strong>auton\u00f3m rendszerek<\/strong> alkalmaz\u00e1s\u00e1ig a mesters\u00e9ges intelligencia hossz\u00fa utat tett meg \u00e9s sok ipar\u00e1g kulcsfontoss\u00e1g\u00fa t\u00e9nyez\u0151j\u00e9v\u00e9 v\u00e1lt. A jelenlegi fejl\u0151d\u00e9si \u00fctem alapj\u00e1n m\u00e9g jelent\u0151sebb v\u00e1ltoz\u00e1sokat v\u00e1rhatunk a j\u00f6v\u0151ben, bele\u00e9rtve az <strong>\u00e1ltal\u00e1nos<\/strong> \u00e9s <strong>szuperintelligencia<\/strong> fejleszt\u00e9s\u00e9t.<\/p>\r\n\r\n\r\n\r\n<p>A mesters\u00e9ges intelligencia nem csup\u00e1n a j\u00f6v\u0151 technol\u00f3gi\u00e1ja; m\u00e1r most m\u00e9lyen befoly\u00e1solja mindennapi \u00e9let\u00fcnket \u00e9s ipar\u00e1gainkat, \u00e9s folytatni fogja azt, ahogyan dolgozunk, kommunik\u00e1lunk \u00e9s \u00e9l\u00fcnk az elk\u00f6vetkez\u0151 \u00e9vekben.<\/p>\r\n\r\n\r\n\r\n<h2 class=\"wp-block-heading\"><span class=\"ez-toc-section\" id=\"GYIK_Gyakran_Ismetelt_Kerdesek\"><\/span>GYIK (Gyakran Ism\u00e9telt K\u00e9rd\u00e9sek)<span class=\"ez-toc-section-end\"><\/span><\/h2>\r\n<div id=\"rank-math-rich-snippet-wrapper\"><div id=\"rank-math-faq\" class=\"rank-math-block\">\n<div class=\"rank-math-list \">\n<div id=\"faq-1\" class=\"rank-math-list-item\">\n<h3 class=\"rank-math-question \"><span class=\"ez-toc-section\" id=\"Mikor_kezdodott_a_mesterseges_intelligencia_kutatasa\"><\/span>Mikor kezd\u0151d\u00f6tt a mesters\u00e9ges intelligencia kutat\u00e1sa?<span class=\"ez-toc-section-end\"><\/span><\/h3>\n<div class=\"rank-math-answer \">\n\n<p>Az MI kutat\u00e1sa az 1940-es \u00e9vekben kezd\u0151d\u00f6tt, amikor Warren McCulloch \u00e9s Walter Pitts megalkott\u00e1k az els\u0151 matematikai modellt a neur\u00e1lis h\u00e1l\u00f3zatokhoz. Ez volt az alapja a k\u00e9s\u0151bbi mesters\u00e9ges intelligencia-fejleszt\u00e9seknek.<\/p>\n\n<\/div>\n<\/div>\n<div id=\"faq-2\" class=\"rank-math-list-item\">\n<h3 class=\"rank-math-question \"><span class=\"ez-toc-section\" id=\"Ki_volt_az_elso_aki_az_MI_elmeleti_alapjait_lefektette\"><\/span>Ki volt az els\u0151, aki az MI elm\u00e9leti alapjait lefektette?<span class=\"ez-toc-section-end\"><\/span><\/h3>\n<div class=\"rank-math-answer \">\n\n<p>Alan Turing brit matematikus \u00fatt\u00f6r\u0151 szerepet j\u00e1tszott az MI t\u00f6rt\u00e9net\u00e9ben. Az \u00e1ltala javasolt Turing-teszt a g\u00e9pek emberi gondolkod\u00e1s\u00e1nak ut\u00e1nz\u00e1s\u00e1t vizsg\u00e1lta, \u00e9s ma is az MI egyik alapfogalma.<\/p>\n\n<\/div>\n<\/div>\n<div id=\"faq-3\" class=\"rank-math-list-item\">\n<h3 class=\"rank-math-question \"><span class=\"ez-toc-section\" id=\"Miert_volt_fontos_a_Dartmouth_konferencia_az_MI_fejlodeseben\"><\/span>Mi\u00e9rt volt fontos a Dartmouth konferencia az MI fejl\u0151d\u00e9s\u00e9ben?<span class=\"ez-toc-section-end\"><\/span><\/h3>\n<div class=\"rank-math-answer \">\n\n<p>Az 1956-os Dartmouth konferenci\u00e1t tekintik a mesters\u00e9ges intelligencia hivatalos tudom\u00e1nyos kezdet\u00e9nek. Itt haszn\u00e1lt\u00e1k el\u0151sz\u00f6r a \u201emesters\u00e9ges intelligencia\u201d kifejez\u00e9st, \u00e9s megalapoz\u00f3dott az MI-kutat\u00e1s mint tudom\u00e1nyter\u00fclet.<\/p>\n\n<\/div>\n<\/div>\n<div id=\"faq-4\" class=\"rank-math-list-item\">\n<h3 class=\"rank-math-question \"><span class=\"ez-toc-section\" id=\"Mit_jelent_az_%E2%80%9EAI-tel%E2%80%9D_az_MI_torteneteben\"><\/span>Mit jelent az \u201eAI-t\u00e9l\u201d az MI t\u00f6rt\u00e9net\u00e9ben?<span class=\"ez-toc-section-end\"><\/span><\/h3>\n<div class=\"rank-math-answer \">\n\n<p>Az \u201eAI-t\u00e9l\u201d olyan id\u0151szakokra utal, amikor az MI ir\u00e1nti lelkesed\u00e9s \u00e9s finansz\u00edroz\u00e1s visszaesett, mert az elv\u00e1r\u00e1sok nem teljes\u00fcltek. Ennek ellen\u00e9re ezek a sz\u00fcnetek seg\u00edtett\u00e9k a technol\u00f3gia \u00fajra\u00e9rt\u00e9kel\u00e9s\u00e9t \u00e9s fejl\u0151d\u00e9s\u00e9t.<\/p>\n\n<\/div>\n<\/div>\n<div id=\"faq-5\" class=\"rank-math-list-item\">\n<h3 class=\"rank-math-question \"><span class=\"ez-toc-section\" id=\"Hogyan_fejlodott_az_MI_az_utobbi_evtizedekben\"><\/span>Hogyan fejl\u0151d\u00f6tt az MI az ut\u00f3bbi \u00e9vtizedekben?<span class=\"ez-toc-section-end\"><\/span><\/h3>\n<div class=\"rank-math-answer \">\n\n<p>Az ut\u00f3bbi \u00e9vekben a g\u00e9pi tanul\u00e1s, a m\u00e9lytanul\u00e1s \u00e9s a nagy adathalmazok feldolgoz\u00e1sa forradalmas\u00edtotta az MI-t. Az algoritmusok ma m\u00e1r k\u00e9pesek k\u00e9pfelismer\u00e9sre, nyelv\u00e9rt\u00e9sre \u00e9s \u00f6n\u00e1ll\u00f3 d\u00f6nt\u00e9shozatalra.<\/p>\n\n<\/div>\n<\/div>\n<\/div>\n<\/div><\/div>\r\n","protected":false},"excerpt":{"rendered":"<p>A mesters\u00e9ges intelligencia (AI) nem csup\u00e1n modern technol\u00f3giai trend \u2013 gy\u00f6kerei \u00e9vtizedekkel ezel\u0151ttre ny\u00falnak vissza, fejl\u0151d\u00e9s\u00e9t pedig a tudom\u00e1ny, technol\u00f3gia \u00e9s filoz\u00f3fia jelent\u0151s el\u0151rel\u00e9p\u00e9sei jellemzik. A t\u00f6rt\u00e9nelem sor\u00e1n az emberi v\u00e1gy intelligens g\u00e9pek \u00e9s automat\u00e1k l\u00e9trehoz\u00e1s\u00e1ra egyre kifejezettebb lett, ami ahhoz vezetett, amit ma mesters\u00e9ges intelligenci\u00e1nak nevez\u00fcnk. A mesters\u00e9ges intelligencia t\u00f6rt\u00e9nete r\u00f6viden 1943.Warren McCulloch \u00e9s&hellip;&nbsp;<a href=\"https:\/\/aisvijet.com\/hu\/mesterseges-intelligencia-tortenete\/\" rel=\"bookmark\">Read More &raquo;<span class=\"screen-reader-text\">A mesters\u00e9ges intelligencia t\u00f6rt\u00e9nete \u2013 Az AI fejl\u0151d\u00e9s\u00e9nek m\u00e9rf\u00f6ldk\u00f6vei<\/span><\/a><\/p>\n","protected":false},"author":17,"featured_media":1307,"parent":0,"menu_order":0,"comment_status":"closed","ping_status":"closed","template":"","meta":{"neve_meta_sidebar":"","neve_meta_container":"","neve_meta_enable_content_width":"off","neve_meta_content_width":100,"neve_meta_title_alignment":"","neve_meta_author_avatar":"","neve_post_elements_order":"","neve_meta_disable_header":"","neve_meta_disable_footer":"","neve_meta_disable_title":"","_themeisle_gutenberg_block_has_review":false,"footnotes":""},"class_list":["post-1286","page","type-page","status-publish","has-post-thumbnail","hentry"],"_links":{"self":[{"href":"https:\/\/aisvijet.com\/hu\/wp-json\/wp\/v2\/pages\/1286","targetHints":{"allow":["GET"]}}],"collection":[{"href":"https:\/\/aisvijet.com\/hu\/wp-json\/wp\/v2\/pages"}],"about":[{"href":"https:\/\/aisvijet.com\/hu\/wp-json\/wp\/v2\/types\/page"}],"author":[{"embeddable":true,"href":"https:\/\/aisvijet.com\/hu\/wp-json\/wp\/v2\/users\/17"}],"replies":[{"embeddable":true,"href":"https:\/\/aisvijet.com\/hu\/wp-json\/wp\/v2\/comments?post=1286"}],"version-history":[{"count":27,"href":"https:\/\/aisvijet.com\/hu\/wp-json\/wp\/v2\/pages\/1286\/revisions"}],"predecessor-version":[{"id":2414,"href":"https:\/\/aisvijet.com\/hu\/wp-json\/wp\/v2\/pages\/1286\/revisions\/2414"}],"wp:featuredmedia":[{"embeddable":true,"href":"https:\/\/aisvijet.com\/hu\/wp-json\/wp\/v2\/media\/1307"}],"wp:attachment":[{"href":"https:\/\/aisvijet.com\/hu\/wp-json\/wp\/v2\/media?parent=1286"}],"curies":[{"name":"wp","href":"https:\/\/api.w.org\/{rel}","templated":true}]}}