{"id":1531,"date":"2024-09-17T00:19:24","date_gmt":"2024-09-16T22:19:24","guid":{"rendered":"https:\/\/aisvijet.com\/hu\/?page_id=1531"},"modified":"2025-10-29T23:26:59","modified_gmt":"2025-10-29T22:26:59","slug":"ertekelesek","status":"publish","type":"page","link":"https:\/\/aisvijet.com\/hu\/ertekelesek\/","title":{"rendered":"AI eszk\u00f6z \u00e9rt\u00e9kel\u00e9sek \u2013 A legjobb mesters\u00e9ges intelligencia megold\u00e1sok bemutat\u00e1sa"},"content":{"rendered":"\r\n<p>\u00dcdv\u00f6zl\u00fcnk az \u00e9rt\u00e9kel\u00e9sek szekci\u00f3ban! Itt r\u00e9szletes elemz\u00e9seket tal\u00e1lsz a leg\u00fajabb mesters\u00e9ges intelligencia eszk\u00f6z\u00f6kr\u0151l \u2013 el\u0151nyeikr\u0151l, h\u00e1tr\u00e1nyaikr\u00f3l \u00e9s gyakorlati felhaszn\u00e1l\u00e1sukr\u00f3l.<\/p>\r\n\r\n\r\n\r\n<p>Tekintsd meg al\u00e1bb a leg\u00fajabb \u00e9rt\u00e9kel\u00e9seinket:<\/p>\r\n\r\n\r\n[child_pages_grid cols=&#8221;3&#8243; size=&#8221;medium_large&#8221;]\n","protected":false},"excerpt":{"rendered":"<p>\u00dcdv\u00f6zl\u00fcnk az \u00e9rt\u00e9kel\u00e9sek szekci\u00f3ban! Itt r\u00e9szletes elemz\u00e9seket tal\u00e1lsz a leg\u00fajabb mesters\u00e9ges intelligencia eszk\u00f6z\u00f6kr\u0151l \u2013 el\u0151nyeikr\u0151l, h\u00e1tr\u00e1nyaikr\u00f3l \u00e9s gyakorlati felhaszn\u00e1l\u00e1sukr\u00f3l. Tekintsd meg al\u00e1bb a leg\u00fajabb \u00e9rt\u00e9kel\u00e9seinket:<\/p>\n","protected":false},"author":17,"featured_media":0,"parent":0,"menu_order":0,"comment_status":"closed","ping_status":"closed","template":"","meta":{"neve_meta_sidebar":"","neve_meta_container":"","neve_meta_enable_content_width":"off","neve_meta_content_width":100,"neve_meta_title_alignment":"","neve_meta_author_avatar":"","neve_post_elements_order":"","neve_meta_disable_header":"","neve_meta_disable_footer":"","neve_meta_disable_title":"","_themeisle_gutenberg_block_has_review":false,"footnotes":""},"class_list":["post-1531","page","type-page","status-publish","hentry"],"_links":{"self":[{"href":"https:\/\/aisvijet.com\/hu\/wp-json\/wp\/v2\/pages\/1531","targetHints":{"allow":["GET"]}}],"collection":[{"href":"https:\/\/aisvijet.com\/hu\/wp-json\/wp\/v2\/pages"}],"about":[{"href":"https:\/\/aisvijet.com\/hu\/wp-json\/wp\/v2\/types\/page"}],"author":[{"embeddable":true,"href":"https:\/\/aisvijet.com\/hu\/wp-json\/wp\/v2\/users\/17"}],"replies":[{"embeddable":true,"href":"https:\/\/aisvijet.com\/hu\/wp-json\/wp\/v2\/comments?post=1531"}],"version-history":[{"count":7,"href":"https:\/\/aisvijet.com\/hu\/wp-json\/wp\/v2\/pages\/1531\/revisions"}],"predecessor-version":[{"id":2371,"href":"https:\/\/aisvijet.com\/hu\/wp-json\/wp\/v2\/pages\/1531\/revisions\/2371"}],"wp:attachment":[{"href":"https:\/\/aisvijet.com\/hu\/wp-json\/wp\/v2\/media?parent=1531"}],"curies":[{"name":"wp","href":"https:\/\/api.w.org\/{rel}","templated":true}]}}