{"id":1610,"date":"2024-09-28T22:23:58","date_gmt":"2024-09-28T20:23:58","guid":{"rendered":"https:\/\/aisvijet.com\/hu\/?page_id=1610"},"modified":"2025-10-29T23:27:48","modified_gmt":"2025-10-29T22:27:48","slug":"etika","status":"publish","type":"page","link":"https:\/\/aisvijet.com\/hu\/etika\/","title":{"rendered":"Mesters\u00e9ges intelligencia etika \u2013 Mi\u00e9rt fontos \u00e9s mit jelent?"},"content":{"rendered":"<p>A mesters\u00e9ges intelligencia etik\u00e1ja egyre fontosabb t\u00e9m\u00e1v\u00e1 v\u00e1lik, ahogy a <strong>mesters\u00e9ges intelligencia<\/strong> (AI) behatol k\u00fcl\u00f6nb\u00f6z\u0151 ipar\u00e1gakba \u00e9s a mindennapi \u00e9let aspektusaiba. Az eg\u00e9szs\u00e9g\u00fcgyt\u0151l \u00e9s oktat\u00e1st\u00f3l a p\u00e9nz\u00fcgyekig \u00e9s gy\u00e1rt\u00e1sig az AI sz\u00e1mos el\u0151nyt k\u00edn\u00e1l, de egyben sok kih\u00edv\u00e1st is jelent. Az AI-alap\u00fa technol\u00f3gia p\u00e9lda n\u00e9lk\u00fcli innov\u00e1ci\u00f3kat hozhat, de megfelel\u0151 etikai ir\u00e1nyelvek n\u00e9lk\u00fcl a megk\u00fcl\u00f6nb\u00f6ztet\u00e9s, a mag\u00e1n\u00e9let megs\u00e9rt\u00e9se \u00e9s a visszaford\u00edthatatlan k\u00f6rnyezeti k\u00e1rok eszk\u00f6z\u00e9v\u00e9 v\u00e1lhat.<\/p>\n<p>Ennek eredm\u00e9nyek\u00e9ppen az AI etika olyan erk\u00f6lcsi elvek \u00f6sszess\u00e9g\u00e9t jelenti, amelyeket v\u00e1llalatoknak \u00e9s szervezeteknek kell alkalmazniuk annak biztos\u00edt\u00e1s\u00e1ra, hogy az AI technol\u00f3gi\u00e1k fejleszt\u00e9se \u00e9s alkalmaz\u00e1sa felel\u0151ss\u00e9gteljes \u00e9s igazs\u00e1gos legyen. Ahogy a <strong>mesters\u00e9ges intelligencia alkalmaz\u00e1sa<\/strong> egyre sz\u00e9lesebb k\u00f6r\u0171v\u00e9 v\u00e1lik, szembes\u00fcl\u00fcnk azzal a k\u00e9rd\u00e9ssel, hogyan biztos\u00edtsuk, hogy ezek a technol\u00f3gi\u00e1k az eg\u00e9sz t\u00e1rsadalom sz\u00e1m\u00e1ra hasznosak legyenek, ahelyett hogy egyenl\u0151tlens\u00e9geket teremten\u00e9nek.<\/p>\n<div id=\"ez-toc-container\" class=\"ez-toc-v2_0_82_2 counter-hierarchy ez-toc-counter ez-toc-light-blue ez-toc-container-direction\">\n<div class=\"ez-toc-title-container\">\n<p class=\"ez-toc-title\" style=\"cursor:inherit\">Tartalom<\/p>\n<span class=\"ez-toc-title-toggle\"><a href=\"#\" class=\"ez-toc-pull-right ez-toc-btn ez-toc-btn-xs ez-toc-btn-default ez-toc-toggle\" aria-label=\"Toggle Table of Content\"><span class=\"ez-toc-js-icon-con\"><span class=\"\"><span class=\"eztoc-hide\" style=\"display:none;\">Toggle<\/span><span class=\"ez-toc-icon-toggle-span\"><svg style=\"fill: #999;color:#999\" xmlns=\"http:\/\/www.w3.org\/2000\/svg\" class=\"list-377408\" width=\"20px\" height=\"20px\" viewBox=\"0 0 24 24\" fill=\"none\"><path d=\"M6 6H4v2h2V6zm14 0H8v2h12V6zM4 11h2v2H4v-2zm16 0H8v2h12v-2zM4 16h2v2H4v-2zm16 0H8v2h12v-2z\" fill=\"currentColor\"><\/path><\/svg><svg style=\"fill: #999;color:#999\" class=\"arrow-unsorted-368013\" xmlns=\"http:\/\/www.w3.org\/2000\/svg\" width=\"10px\" height=\"10px\" viewBox=\"0 0 24 24\" version=\"1.2\" baseProfile=\"tiny\"><path d=\"M18.2 9.3l-6.2-6.3-6.2 6.3c-.2.2-.3.4-.3.7s.1.5.3.7c.2.2.4.3.7.3h11c.3 0 .5-.1.7-.3.2-.2.3-.5.3-.7s-.1-.5-.3-.7zM5.8 14.7l6.2 6.3 6.2-6.3c.2-.2.3-.5.3-.7s-.1-.5-.3-.7c-.2-.2-.4-.3-.7-.3h-11c-.3 0-.5.1-.7.3-.2.2-.3.5-.3.7s.1.5.3.7z\"\/><\/svg><\/span><\/span><\/span><\/a><\/span><\/div>\n<nav><ul class='ez-toc-list ez-toc-list-level-1 eztoc-toggle-hide-by-default' ><li class='ez-toc-page-1 ez-toc-heading-level-2'><a class=\"ez-toc-link ez-toc-heading-1\" href=\"https:\/\/aisvijet.com\/hu\/etika\/#Mi_a_mesterseges_intelligencia_etikaja\" >Mi a mesters\u00e9ges intelligencia etik\u00e1ja?<\/a><ul class='ez-toc-list-level-3' ><li class='ez-toc-heading-level-3'><a class=\"ez-toc-link ez-toc-heading-2\" href=\"https:\/\/aisvijet.com\/hu\/etika\/#Peldak_etikai_kihivasokra\" >P\u00e9ld\u00e1k etikai kih\u00edv\u00e1sokra<\/a><\/li><\/ul><\/li><li class='ez-toc-page-1 ez-toc-heading-level-2'><a class=\"ez-toc-link ez-toc-heading-3\" href=\"https:\/\/aisvijet.com\/hu\/etika\/#Kulcsszereplok_a_mesterseges_intelligencia_etikajaban\" >Kulcsszerepl\u0151k a mesters\u00e9ges intelligencia etik\u00e1j\u00e1ban<\/a><\/li><li class='ez-toc-page-1 ez-toc-heading-level-2'><a class=\"ez-toc-link ez-toc-heading-4\" href=\"https:\/\/aisvijet.com\/hu\/etika\/#Miert_fontos_az_etika_a_mesterseges_intelligenciaban\" >Mi\u00e9rt fontos az etika a mesters\u00e9ges intelligenci\u00e1ban?<\/a><\/li><li class='ez-toc-page-1 ez-toc-heading-level-2'><a class=\"ez-toc-link ez-toc-heading-5\" href=\"https:\/\/aisvijet.com\/hu\/etika\/#Etikai_elvek_alkalmazasa_a_mesterseges_intelligenciaban\" >Etikai elvek alkalmaz\u00e1sa a mesters\u00e9ges intelligenci\u00e1ban<\/a><\/li><li class='ez-toc-page-1 ez-toc-heading-level-2'><a class=\"ez-toc-link ez-toc-heading-6\" href=\"https:\/\/aisvijet.com\/hu\/etika\/#Peldak_az_etikara_a_mesterseges_intelligenciaban\" >P\u00e9ld\u00e1k az etik\u00e1ra a mesters\u00e9ges intelligenci\u00e1ban<\/a><\/li><li class='ez-toc-page-1 ez-toc-heading-level-2'><a class=\"ez-toc-link ez-toc-heading-7\" href=\"https:\/\/aisvijet.com\/hu\/etika\/#Etika_es_kihivasok_a_mesterseges_intelligenciaban\" >Etika \u00e9s kih\u00edv\u00e1sok a mesters\u00e9ges intelligenci\u00e1ban<\/a><\/li><li class='ez-toc-page-1 ez-toc-heading-level-2'><a class=\"ez-toc-link ez-toc-heading-8\" href=\"https:\/\/aisvijet.com\/hu\/etika\/#Kovetkeztetes\" >K\u00f6vetkeztet\u00e9s<\/a><\/li><li class='ez-toc-page-1 ez-toc-heading-level-2'><a class=\"ez-toc-link ez-toc-heading-9\" href=\"https:\/\/aisvijet.com\/hu\/etika\/#GYIK_Gyakran_Ismetelt_Kerdesek\" >GYIK: Gyakran Ism\u00e9telt K\u00e9rd\u00e9sek<\/a><ul class='ez-toc-list-level-3' ><li class='ez-toc-heading-level-3'><a class=\"ez-toc-link ez-toc-heading-10\" href=\"https:\/\/aisvijet.com\/hu\/etika\/#1_Miert_fontos_az_etika_a_mesterseges_intelligenciaban\" >1. Mi\u00e9rt fontos az etika a mesters\u00e9ges intelligenci\u00e1ban?<\/a><\/li><li class='ez-toc-page-1 ez-toc-heading-level-3'><a class=\"ez-toc-link ez-toc-heading-11\" href=\"https:\/\/aisvijet.com\/hu\/etika\/#2_Melyek_a_legnagyobb_etikai_kihivasok_az_AI-ban\" >2. Melyek a legnagyobb etikai kih\u00edv\u00e1sok az AI-ban?<\/a><\/li><li class='ez-toc-page-1 ez-toc-heading-level-3'><a class=\"ez-toc-link ez-toc-heading-12\" href=\"https:\/\/aisvijet.com\/hu\/etika\/#3_Hogyan_csokkenthetjuk_az_elfogultsagot_az_AI_rendszerekben\" >3. Hogyan cs\u00f6kkenthetj\u00fck az elfogults\u00e1got az AI rendszerekben?<\/a><\/li><li class='ez-toc-page-1 ez-toc-heading-level-3'><a class=\"ez-toc-link ez-toc-heading-13\" href=\"https:\/\/aisvijet.com\/hu\/etika\/#4_Hogyan_tehetjuk_etikusabba_az_AI-t\" >4. Hogyan tehetj\u00fck etikusabb\u00e1 az AI-t?<\/a><\/li><li class='ez-toc-page-1 ez-toc-heading-level-3'><a class=\"ez-toc-link ez-toc-heading-14\" href=\"https:\/\/aisvijet.com\/hu\/etika\/#5_Melyek_az_AI_etikus_szabalyozasanak_globalis_peldai\" >5. Melyek az AI etikus szab\u00e1lyoz\u00e1s\u00e1nak glob\u00e1lis p\u00e9ld\u00e1i?<\/a><\/li><\/ul><\/li><\/ul><\/nav><\/div>\n<h2><span class=\"ez-toc-section\" id=\"Mi_a_mesterseges_intelligencia_etikaja\"><\/span>Mi a mesters\u00e9ges intelligencia etik\u00e1ja?<span class=\"ez-toc-section-end\"><\/span><\/h2>\n<p>Az AI etika olyan ir\u00e1nyelvek \u00e9s erk\u00f6lcsi alapelvek \u00f6sszess\u00e9g\u00e9re utal, amelyek az AI technol\u00f3gi\u00e1k felel\u0151s alkalmaz\u00e1s\u00e1t ir\u00e1ny\u00edtj\u00e1k. C\u00e9ljuk annak biztos\u00edt\u00e1sa, hogy az AI rendszerek a felhaszn\u00e1l\u00f3k jav\u00e1ra m\u0171k\u00f6djenek, mik\u00f6zben minimaliz\u00e1lj\u00e1k az olyan potenci\u00e1lis negat\u00edv k\u00f6vetkezm\u00e9nyeket, mint az elfogults\u00e1g, az adatokkal val\u00f3 vissza\u00e9l\u00e9s \u00e9s a k\u00f6rnyezetre gyakorolt negat\u00edv hat\u00e1s.<\/p>\n<p><img loading=\"lazy\" decoding=\"async\" class=\"aligncenter wp-image-1614 size-full\" src=\"https:\/\/aisvijet.com\/hu\/wp-content\/uploads\/sites\/6\/2024\/09\/etika-a-mesterseges-intelligenciaban.jpg\" alt=\"Etika a mesters\u00e9ges intelligenci\u00e1ban\" width=\"1200\" height=\"529\" srcset=\"https:\/\/aisvijet.com\/hu\/wp-content\/uploads\/sites\/6\/2024\/09\/etika-a-mesterseges-intelligenciaban.jpg 1200w, https:\/\/aisvijet.com\/hu\/wp-content\/uploads\/sites\/6\/2024\/09\/etika-a-mesterseges-intelligenciaban-300x132.jpg 300w, https:\/\/aisvijet.com\/hu\/wp-content\/uploads\/sites\/6\/2024\/09\/etika-a-mesterseges-intelligenciaban-1024x451.jpg 1024w, https:\/\/aisvijet.com\/hu\/wp-content\/uploads\/sites\/6\/2024\/09\/etika-a-mesterseges-intelligenciaban-768x339.jpg 768w\" sizes=\"auto, (max-width: 1200px) 100vw, 1200px\" \/><\/p>\n<p>Sz\u00e1mos k\u00fcl\u00f6nb\u00f6z\u0151 <a href=\"https:\/\/aisvijet.com\/hu\/mesterseges-intelligencia-tipusai\/\"><strong>mesters\u00e9ges intelligencia t\u00edpus<\/strong><\/a> l\u00e9tezik, a meghat\u00e1rozott feladatokra specializ\u00e1lt sz\u0171k AI-t\u00f3l az \u00e1ltal\u00e1nos AI-ig, amely potenci\u00e1llal rendelkezik az emberi intelligencia sz\u00e9lesebb k\u00f6r\u0171 replik\u00e1l\u00e1s\u00e1ra.<\/p>\n<h3><span class=\"ez-toc-section\" id=\"Peldak_etikai_kihivasokra\"><\/span>P\u00e9ld\u00e1k etikai kih\u00edv\u00e1sokra<span class=\"ez-toc-section-end\"><\/span><\/h3>\n<p>Az al\u00e1bbi t\u00e1bl\u00e1zat bemutatja a mesters\u00e9ges intelligenci\u00e1val kapcsolatos legfontosabb etikai kih\u00edv\u00e1sokat \u00e9s lehets\u00e9ges megold\u00e1sokat:<\/p>\n<div class=\"su-table su-table-responsive su-table-alternate\">\n<table>\n<thead>\n<tr>\n<th><strong>Kih\u00edv\u00e1s<\/strong><\/th>\n<th><strong>Le\u00edr\u00e1s<\/strong><\/th>\n<th><strong>Lehets\u00e9ges megold\u00e1s<\/strong><\/th>\n<\/tr>\n<\/thead>\n<tbody>\n<tr>\n<td><strong>Elfogults\u00e1g az AI modellekben<\/strong><\/td>\n<td>Az AI rendszerek elfogult d\u00f6nt\u00e9seket hozhatnak olyan adatok alapj\u00e1n, amelyek nem reprezentat\u00edvak a teljes popul\u00e1ci\u00f3ra n\u00e9zve.<\/td>\n<td>V\u00e1ltozatos adatok biztos\u00edt\u00e1sa \u00e9s a modellek folyamatos tesztel\u00e9se.<\/td>\n<\/tr>\n<tr>\n<td><strong>Adatv\u00e9delem<\/strong><\/td>\n<td>Az AI eszk\u00f6z\u00f6k gyakran a felhaszn\u00e1l\u00f3k szem\u00e9lyes adatait haszn\u00e1lj\u00e1k kifejezett hozz\u00e1j\u00e1rul\u00e1suk n\u00e9lk\u00fcl, kock\u00e1zatot teremtve a mag\u00e1n\u00e9let \u00e9s biztons\u00e1g sz\u00e1m\u00e1ra.<\/td>\n<td>Vil\u00e1gos adatv\u00e9delmi ir\u00e1nyelvek \u00e9s adatgy\u0171jt\u00e9si m\u00f3dszerek kidolgoz\u00e1sa.<\/td>\n<\/tr>\n<tr>\n<td><strong>Az AI energiafogyaszt\u00e1sa<\/strong><\/td>\n<td>A nagy AI modellek k\u00e9pz\u00e9se hatalmas mennyis\u00e9g\u0171 energi\u00e1t fogyaszt, ami negat\u00edvan befoly\u00e1solhatja a k\u00f6rnyezetet.<\/td>\n<td>Energiahat\u00e9konyabb AI technol\u00f3gi\u00e1k kutat\u00e1sa.<\/td>\n<\/tr>\n<tr>\n<td><strong>A mesters\u00e9ges intelligencia szab\u00e1lyoz\u00e1sa<\/strong><\/td>\n<td>A glob\u00e1lis szab\u00e1lyoz\u00f3 test\u00fcletek hi\u00e1nya megnehez\u00edti univerz\u00e1lis etikai ir\u00e1nyelvek \u00e9s standardok kidolgoz\u00e1s\u00e1t.<\/td>\n<td>Glob\u00e1lis egy\u00fcttm\u0171k\u00f6d\u00e9s jogi keretek \u00e9s szab\u00e1lyoz\u00f3 test\u00fcletek l\u00e9trehoz\u00e1s\u00e1ra.<\/td>\n<\/tr>\n<\/tbody>\n<\/table>\n<\/div>\n<h2><span class=\"ez-toc-section\" id=\"Kulcsszereplok_a_mesterseges_intelligencia_etikajaban\"><\/span>Kulcsszerepl\u0151k a mesters\u00e9ges intelligencia etik\u00e1j\u00e1ban<span class=\"ez-toc-section-end\"><\/span><\/h2>\n<p>Az AI etikai elveinek kidolgoz\u00e1sa k\u00fcl\u00f6nb\u00f6z\u0151 \u00e9rdekelt felek k\u00f6z\u00f6tti egy\u00fcttm\u0171k\u00f6d\u00e9st ig\u00e9nyel, bele\u00e9rtve az akad\u00e9mikusokat, korm\u00e1nyzati \u00fcgyn\u00f6ks\u00e9geket, nemzetk\u00f6zi szervezeteket \u00e9s a mag\u00e1nszektort. Ezek a csoportok kulcsszerepet j\u00e1tszanak a biztons\u00e1gos \u00e9s igazs\u00e1gos technol\u00f3gi\u00e1k biztos\u00edt\u00e1s\u00e1ban.<\/p>\n<div class=\"su-note\"  style=\"border-color:#d9d9d9;border-radius:3px;-moz-border-radius:3px;-webkit-border-radius:3px;\"><div class=\"su-note-inner su-u-clearfix su-u-trim\" style=\"background-color:#f3f3f3;border-color:#ffffff;color:#333333;border-radius:3px;-moz-border-radius:3px;-webkit-border-radius:3px;\">\n<ol>\n<li><strong>Akad\u00e9mikusok:<\/strong> A kutat\u00f3k elm\u00e9leti modelleket \u00e9s elemz\u00e9seket fejlesztenek, amelyek seg\u00edtenek az AI fejleszt\u00e9s\u00e9re vonatkoz\u00f3 politik\u00e1k \u00e9s etikai ir\u00e1nyelvek kialak\u00edt\u00e1s\u00e1ban.<\/li>\n<li><strong>Korm\u00e1nyok:<\/strong> Az \u00e1llami \u00fcgyn\u00f6ks\u00e9gek jogszab\u00e1lyi kereteket hoznak l\u00e9tre, amelyek szab\u00e1lyozz\u00e1k a mesters\u00e9ges intelligencia alkalmaz\u00e1s\u00e1t. P\u00e9ld\u00e1ul az Egyes\u00fclt \u00c1llamok Tudom\u00e1ny \u00e9s Technol\u00f3gia Tan\u00e1cs\u00e1nak 2016-os jelent\u00e9se alapot teremtett az AI szab\u00e1lyoz\u00e1s\u00e1ra k\u00fcl\u00f6nb\u00f6z\u0151 ter\u00fcleteken.<\/li>\n<li><strong>Nemzetk\u00f6zi szervezetek:<\/strong> Olyan szervezetek, mint az <a href=\"https:\/\/www.unesco.org\/en\/artificial-intelligence\/recommendation-ethics\" target=\"_blank\" rel=\"noopener\">UNESCO<\/a>, glob\u00e1lis etikai ir\u00e1nyelveket dolgoznak ki. P\u00e9ld\u00e1ul 2021-ben az UNESCO elfogadta az els\u0151 glob\u00e1lis meg\u00e1llapod\u00e1st az AI etik\u00e1j\u00e1r\u00f3l.<\/li>\n<li><strong>Mag\u00e1nszektor:<\/strong> Technol\u00f3giai v\u00e1llalatok, mint a Google, IBM \u00e9s Meta, saj\u00e1t etikai k\u00f3dexeket fejlesztenek annak biztos\u00edt\u00e1s\u00e1ra, hogy az AI rendszerek felel\u0151s fejleszt\u00e9se \u00e9s alkalmaz\u00e1sa megval\u00f3suljon.<\/li>\n<\/ol>\n<\/div><\/div>\n<h2><span class=\"ez-toc-section\" id=\"Miert_fontos_az_etika_a_mesterseges_intelligenciaban\"><\/span>Mi\u00e9rt fontos az etika a mesters\u00e9ges intelligenci\u00e1ban?<span class=\"ez-toc-section-end\"><\/span><\/h2>\n<p>Az AI technol\u00f3gia k\u00e9pes helyettes\u00edteni vagy jav\u00edtani sok emberi tev\u00e9kenys\u00e9get, de ez a folyamat bizonyos kock\u00e1zatokkal j\u00e1r. Az egyik f\u0151 probl\u00e9ma az adatok elfogults\u00e1ga. P\u00e9ld\u00e1ul a munkaer\u0151-felv\u00e9teli d\u00f6nt\u00e9sek meghozatal\u00e1ra haszn\u00e1lt AI rendszerek elfogultak lehetnek, ha olyan adatokon k\u00e9pzik \u0151ket, amelyek bizonyos emberi csoportokat prefer\u00e1lnak. A <a href=\"https:\/\/aisvijet.com\/hu\/a-mesterseges-intelligencia-jovoje\/\"><strong>mesters\u00e9ges intelligencia j\u00f6v\u0151j\u00e9t<\/strong><\/a> azon k\u00e9pess\u00e9g\u00fcnk alak\u00edtja, hogy megoldjuk az ilyen kih\u00edv\u00e1sokat.<\/p>\n<p><img loading=\"lazy\" decoding=\"async\" class=\"aligncenter size-full wp-image-1616\" src=\"https:\/\/aisvijet.com\/hu\/wp-content\/uploads\/sites\/6\/2024\/09\/az-etika-jelentosege-az-ai-ban.jpg\" alt=\"Az etika fontoss\u00e1ga az AI-ban\" width=\"1000\" height=\"667\" srcset=\"https:\/\/aisvijet.com\/hu\/wp-content\/uploads\/sites\/6\/2024\/09\/az-etika-jelentosege-az-ai-ban.jpg 1000w, https:\/\/aisvijet.com\/hu\/wp-content\/uploads\/sites\/6\/2024\/09\/az-etika-jelentosege-az-ai-ban-300x200.jpg 300w, https:\/\/aisvijet.com\/hu\/wp-content\/uploads\/sites\/6\/2024\/09\/az-etika-jelentosege-az-ai-ban-768x512.jpg 768w, https:\/\/aisvijet.com\/hu\/wp-content\/uploads\/sites\/6\/2024\/09\/az-etika-jelentosege-az-ai-ban-930x620.jpg 930w\" sizes=\"auto, (max-width: 1000px) 100vw, 1000px\" \/><\/p>\n<p>Az etikai ir\u00e1nyelvek meg\u00e1llap\u00edt\u00e1sa seg\u00edt biztos\u00edtani, hogy az AI rendszerek \u00e1tl\u00e1that\u00f3k \u00e9s elsz\u00e1moltathat\u00f3k legyenek, k\u00fcl\u00f6n\u00f6sen olyan helyzetekben, ahol fontos d\u00f6nt\u00e9sek meghozatal\u00e1ra haszn\u00e1lj\u00e1k \u0151ket. Ez kulcsfontoss\u00e1g\u00fa a megk\u00fcl\u00f6nb\u00f6ztet\u00e9s \u00e9s igazs\u00e1gtalans\u00e1g kock\u00e1zat\u00e1nak cs\u00f6kkent\u00e9s\u00e9hez, k\u00fcl\u00f6n\u00f6sen akkor, amikor m\u00e1r marginaliz\u00e1lt csoportokr\u00f3l van sz\u00f3.<\/p>\n<h2><span class=\"ez-toc-section\" id=\"Etikai_elvek_alkalmazasa_a_mesterseges_intelligenciaban\"><\/span>Etikai elvek alkalmaz\u00e1sa a mesters\u00e9ges intelligenci\u00e1ban<span class=\"ez-toc-section-end\"><\/span><\/h2>\n<p>Az etikai elvek alkalmaz\u00e1sa a mesters\u00e9ges intelligenci\u00e1ban t\u00f6bbf\u00e9lek\u00e9ppen val\u00f3s\u00edthat\u00f3 meg. El\u0151sz\u00f6r is, a v\u00e1llalatoknak saj\u00e1t <a href=\"https:\/\/aisvijet.com\/hu\/ai-eszkozok\/\"><strong>AI eszk\u00f6zeiket<\/strong><\/a> \u00e9s modelljeiket olyan m\u00f3don kell kifejleszteni\u00fck, amely cs\u00f6kkenti az elfogults\u00e1got. Ez azt jelenti, hogy v\u00e1ltozatos \u00e9s kiegyens\u00falyozott adatokat kell haszn\u00e1lni az AI rendszerek k\u00e9pz\u00e9s\u00e9hez. P\u00e9ld\u00e1ul, ha egy AI rendszert arcfelismer\u00e9sre haszn\u00e1lnak, biztos\u00edtani kell, hogy a rendszert olyan k\u00e9peken k\u00e9pezz\u00e9k, amelyek k\u00fcl\u00f6nb\u00f6z\u0151 rasszokat, nemeket \u00e9s korokat foglalnak magukban, hogy elker\u00fclj\u00e9k a diszkrimin\u00e1ci\u00f3t.<\/p>\n<p>M\u00e1sodszor, fontos biztos\u00edtani, hogy az adatgy\u0171jt\u00e9s \u00e1tl\u00e1that\u00f3 legyen \u00e9s \u00f6sszhangban \u00e1lljon az adatv\u00e9delmi szab\u00e1lyokkal. Az <a href=\"https:\/\/aisvijet.com\/hu\/ai-eszkozok\/ai-eszkozok-kepekhez\/\">AI eszk\u00f6z\u00f6k<\/a>, amelyek sz\u00e1m\u00edt\u00f3g\u00e9pes l\u00e1t\u00e1st haszn\u00e1lnak vagy nyomon k\u00f6vetik a felhaszn\u00e1l\u00f3k viselked\u00e9s\u00e9t, \u00f6sszhangban kell legyenek az adatv\u00e9delmi ir\u00e1nyelvekkel, hogy elker\u00fclj\u00e9k a jogi \u00e9s etikai probl\u00e9m\u00e1kat.<\/p>\n<h2><span class=\"ez-toc-section\" id=\"Peldak_az_etikara_a_mesterseges_intelligenciaban\"><\/span>P\u00e9ld\u00e1k az etik\u00e1ra a mesters\u00e9ges intelligenci\u00e1ban<span class=\"ez-toc-section-end\"><\/span><\/h2>\n<p>Hogy meg\u00e9rts\u00fck az AI etika fontoss\u00e1g\u00e1t, n\u00e9zz\u00fcnk meg n\u00e9h\u00e1ny val\u00f3s p\u00e9ld\u00e1t. P\u00e9ld\u00e1ul a <strong>Lensa AI<\/strong> alkalmaz\u00e1s mesters\u00e9ges intelligenci\u00e1t haszn\u00e1l stiliz\u00e1lt felhaszn\u00e1l\u00f3i k\u00e9pek gener\u00e1l\u00e1s\u00e1ra, de k\u00e9rd\u00e9s mer\u00fcl fel azzal kapcsolatban, hogyan k\u00e9pezte a modelljeit m\u0171v\u00e9szi alkot\u00e1sok felhaszn\u00e1l\u00e1s\u00e1val azok szerz\u0151inek hozz\u00e1j\u00e1rul\u00e1sa n\u00e9lk\u00fcl. Ez egy klasszikus p\u00e9lda az AI etikai kih\u00edv\u00e1s\u00e1ra a szellemi tulajdonjogokkal \u00e9s adatgy\u0171jt\u00e9ssel kapcsolatban.<\/p>\n<p>Egy m\u00e1sik p\u00e9lda a <a href=\"https:\/\/aisvijet.com\/hu\/ertekelesek\/chatgpt\/\"><strong>ChatGPT<\/strong><\/a>, amely sz\u00f6vegeket \u00e9s k\u00f3dot gener\u00e1lhat az internetr\u0151l gy\u0171jt\u00f6tt adatok alapj\u00e1n. B\u00e1r sok feladathoz nagyon hasznos, felmer\u00fcl a vissza\u00e9l\u00e9s k\u00e9rd\u00e9se, k\u00fcl\u00f6n\u00f6sen oktat\u00e1si kontextusban, ahol a di\u00e1kok AI-t haszn\u00e1lhatnak essz\u00e9k \u00edr\u00e1s\u00e1ra vagy vizsg\u00e1kon val\u00f3 csal\u00e1sra.<\/p>\n<h2><span class=\"ez-toc-section\" id=\"Etika_es_kihivasok_a_mesterseges_intelligenciaban\"><\/span>Etika \u00e9s kih\u00edv\u00e1sok a mesters\u00e9ges intelligenci\u00e1ban<span class=\"ez-toc-section-end\"><\/span><\/h2>\n<p>Az AI etika sz\u00e1mos kih\u00edv\u00e1ssal n\u00e9z szembe, bele\u00e9rtve:<\/p>\n<div class=\"su-note\"  style=\"border-color:#d9d9d9;border-radius:3px;-moz-border-radius:3px;-webkit-border-radius:3px;\"><div class=\"su-note-inner su-u-clearfix su-u-trim\" style=\"background-color:#f3f3f3;border-color:#ffffff;color:#333333;border-radius:3px;-moz-border-radius:3px;-webkit-border-radius:3px;\">\n<ol>\n<li><strong>Elfogults\u00e1g:<\/strong> Az AI rendszerek elfogultak lehetnek, ha olyan adatokon k\u00e9pzik \u0151ket, amelyek nem reprezentat\u00edvak. Ez megk\u00fcl\u00f6nb\u00f6ztet\u00e9shez vezethet olyan ter\u00fcleteken, mint a munkaer\u0151-felv\u00e9tel, oktat\u00e1s vagy p\u00e9nz\u00fcgyi szolg\u00e1ltat\u00e1sok.<\/li>\n<li><strong>Mag\u00e1n\u00e9let:<\/strong> Az AI eszk\u00f6z\u00f6k hatalmas mennyis\u00e9g\u0171 adatot gy\u0171jtenek, gyakran a felhaszn\u00e1l\u00f3k beleegyez\u00e9se n\u00e9lk\u00fcl. Az adatok mag\u00e1n\u00e9let\u00e9t biztos\u00edt\u00f3 rendszerek fejleszt\u00e9s\u00e9be val\u00f3 befektet\u00e9s elengedhetetlen a felhaszn\u00e1l\u00f3k v\u00e9delm\u00e9hez.<\/li>\n<li><strong>Energetikai hat\u00e1s:<\/strong> A nagy AI modellek k\u00e9pz\u00e9s\u00e9hez \u00f3ri\u00e1si er\u0151forr\u00e1sokra van sz\u00fcks\u00e9g, ami negat\u00edv hat\u00e1ssal lehet a k\u00f6rnyezetre. A megold\u00e1s hat\u00e9konyabb, kevesebb energi\u00e1t fogyaszt\u00f3 rendszerek fejleszt\u00e9s\u00e9ben rejlik.<\/li>\n<\/ol>\n<\/div><\/div>\n<h2><span class=\"ez-toc-section\" id=\"Kovetkeztetes\"><\/span>K\u00f6vetkeztet\u00e9s<span class=\"ez-toc-section-end\"><\/span><\/h2>\n<p>A mesters\u00e9ges intelligencia etik\u00e1ja kulcsfontoss\u00e1g\u00fa a felel\u0151s <a href=\"https:\/\/aisvijet.com\/hu\/alkalmazas\/\">AI technol\u00f3gia fejleszt\u00e9s\u00e9nek \u00e9s alkalmaz\u00e1s\u00e1nak<\/a> biztos\u00edt\u00e1s\u00e1hoz. Ahogy az AI tov\u00e1bb fejl\u0151dik, az etikai ir\u00e1nyelvek meg\u00e1llap\u00edt\u00e1sa seg\u00edt olyan technol\u00f3gia form\u00e1l\u00e1s\u00e1ban, amely az eg\u00e9sz t\u00e1rsadalom sz\u00e1m\u00e1ra hasznos, cs\u00f6kkentve az elfogults\u00e1g, a mag\u00e1n\u00e9let megs\u00e9rt\u00e9se \u00e9s a k\u00f6rnyezeti hat\u00e1s kock\u00e1zat\u00e1t.<\/p>\n<p>A <strong>mesters\u00e9ges intelligencia j\u00f6v\u0151je<\/strong> azon k\u00e9pess\u00e9g\u00fcnkt\u0151l f\u00fcgg, hogy glob\u00e1lis szinten alkalmazzuk ezeket az ir\u00e1nyelveket, olyan AI rendszereket hozva l\u00e9tre, amelyek minden ember jav\u00e1ra m\u0171k\u00f6dnek, nem csak egyes csoportok\u00e9ra.<\/p>\n<h2><span class=\"ez-toc-section\" id=\"GYIK_Gyakran_Ismetelt_Kerdesek\"><\/span>GYIK: Gyakran Ism\u00e9telt K\u00e9rd\u00e9sek<span class=\"ez-toc-section-end\"><\/span><\/h2>\n<h3><span class=\"ez-toc-section\" id=\"1_Miert_fontos_az_etika_a_mesterseges_intelligenciaban\"><\/span><strong>1. Mi\u00e9rt fontos az etika a mesters\u00e9ges intelligenci\u00e1ban?<\/strong><span class=\"ez-toc-section-end\"><\/span><\/h3>\n<p>Az etika az\u00e9rt fontos, mert seg\u00edt biztos\u00edtani, hogy az AI technol\u00f3gia a t\u00e1rsadalom jav\u00e1ra m\u0171k\u00f6dj\u00f6n, cs\u00f6kkenti az elfogults\u00e1g \u00e9s diszkrimin\u00e1ci\u00f3 kock\u00e1zat\u00e1t, valamint v\u00e9di a felhaszn\u00e1l\u00f3k mag\u00e1n\u00e9let\u00e9t.<\/p>\n<h3><span class=\"ez-toc-section\" id=\"2_Melyek_a_legnagyobb_etikai_kihivasok_az_AI-ban\"><\/span><strong>2. Melyek a legnagyobb etikai kih\u00edv\u00e1sok az AI-ban?<\/strong><span class=\"ez-toc-section-end\"><\/span><\/h3>\n<p>A legnagyobb kih\u00edv\u00e1sok k\u00f6z\u00e9 tartozik az adatok elfogults\u00e1ga, a felhaszn\u00e1l\u00f3k mag\u00e1n\u00e9let\u00e9nek kock\u00e1zata, valamint az AI rendszerek k\u00f6rnyezetre gyakorolt hat\u00e1sa a magas energiafogyaszt\u00e1s miatt.<\/p>\n<h3><span class=\"ez-toc-section\" id=\"3_Hogyan_csokkenthetjuk_az_elfogultsagot_az_AI_rendszerekben\"><\/span><strong>3. Hogyan cs\u00f6kkenthetj\u00fck az elfogults\u00e1got az AI rendszerekben?<\/strong><span class=\"ez-toc-section-end\"><\/span><\/h3>\n<p>Az AI elfogults\u00e1g cs\u00f6kkenthet\u0151 v\u00e1ltozatos \u00e9s reprezentat\u00edv adatok haszn\u00e1lat\u00e1val a rendszerek k\u00e9pz\u00e9s\u00e9hez, valamint a modellek folyamatos tesztel\u00e9s\u00e9vel \u00e9s fejleszt\u00e9s\u00e9vel.<\/p>\n<h3><span class=\"ez-toc-section\" id=\"4_Hogyan_tehetjuk_etikusabba_az_AI-t\"><\/span><strong>4. Hogyan tehetj\u00fck etikusabb\u00e1 az AI-t?<\/strong><span class=\"ez-toc-section-end\"><\/span><\/h3>\n<p>Az AI etikusabb\u00e1 v\u00e1lhat az adatgy\u0171jt\u00e9s \u00e1tl\u00e1that\u00f3 gyakorlatainak elfogad\u00e1s\u00e1val, magatart\u00e1si k\u00f3dexek kidolgoz\u00e1s\u00e1val, valamint az akad\u00e9miai int\u00e9zm\u00e9nyek, korm\u00e1nyok \u00e9s mag\u00e1nszektor k\u00f6z\u00f6tti egy\u00fcttm\u0171k\u00f6d\u00e9ssel a szab\u00e1lyoz\u00e1sban.<\/p>\n<h3><span class=\"ez-toc-section\" id=\"5_Melyek_az_AI_etikus_szabalyozasanak_globalis_peldai\"><\/span><strong>5. Melyek az AI etikus szab\u00e1lyoz\u00e1s\u00e1nak glob\u00e1lis p\u00e9ld\u00e1i?<\/strong><span class=\"ez-toc-section-end\"><\/span><\/h3>\n<p>Az UNESCO 2021-ben elfogadta az els\u0151 glob\u00e1lis meg\u00e1llapod\u00e1st az AI etik\u00e1j\u00e1r\u00f3l, ir\u00e1nyelveket \u00e1ll\u00edtva fel a mesters\u00e9ges intelligencia igazs\u00e1gos alkalmaz\u00e1s\u00e1ra az emberi jogok \u00e9s m\u00e9lt\u00f3s\u00e1g v\u00e9delm\u00e9ben.<\/p>\n","protected":false},"excerpt":{"rendered":"<p>A mesters\u00e9ges intelligencia etik\u00e1ja egyre fontosabb t\u00e9m\u00e1v\u00e1 v\u00e1lik, ahogy a mesters\u00e9ges intelligencia (AI) behatol k\u00fcl\u00f6nb\u00f6z\u0151 ipar\u00e1gakba \u00e9s a mindennapi \u00e9let aspektusaiba. Az eg\u00e9szs\u00e9g\u00fcgyt\u0151l \u00e9s oktat\u00e1st\u00f3l a p\u00e9nz\u00fcgyekig \u00e9s gy\u00e1rt\u00e1sig az AI sz\u00e1mos el\u0151nyt k\u00edn\u00e1l, de egyben sok kih\u00edv\u00e1st is jelent. Az AI-alap\u00fa technol\u00f3gia p\u00e9lda n\u00e9lk\u00fcli innov\u00e1ci\u00f3kat hozhat, de megfelel\u0151 etikai ir\u00e1nyelvek n\u00e9lk\u00fcl a megk\u00fcl\u00f6nb\u00f6ztet\u00e9s, a&hellip;&nbsp;<a href=\"https:\/\/aisvijet.com\/hu\/etika\/\" rel=\"bookmark\">Read More &raquo;<span class=\"screen-reader-text\">Mesters\u00e9ges intelligencia etika \u2013 Mi\u00e9rt fontos \u00e9s mit jelent?<\/span><\/a><\/p>\n","protected":false},"author":16,"featured_media":1615,"parent":0,"menu_order":0,"comment_status":"closed","ping_status":"closed","template":"","meta":{"neve_meta_sidebar":"","neve_meta_container":"","neve_meta_enable_content_width":"off","neve_meta_content_width":100,"neve_meta_title_alignment":"","neve_meta_author_avatar":"","neve_post_elements_order":"","neve_meta_disable_header":"","neve_meta_disable_footer":"","neve_meta_disable_title":"","_themeisle_gutenberg_block_has_review":false,"footnotes":""},"class_list":["post-1610","page","type-page","status-publish","has-post-thumbnail","hentry"],"_links":{"self":[{"href":"https:\/\/aisvijet.com\/hu\/wp-json\/wp\/v2\/pages\/1610","targetHints":{"allow":["GET"]}}],"collection":[{"href":"https:\/\/aisvijet.com\/hu\/wp-json\/wp\/v2\/pages"}],"about":[{"href":"https:\/\/aisvijet.com\/hu\/wp-json\/wp\/v2\/types\/page"}],"author":[{"embeddable":true,"href":"https:\/\/aisvijet.com\/hu\/wp-json\/wp\/v2\/users\/16"}],"replies":[{"embeddable":true,"href":"https:\/\/aisvijet.com\/hu\/wp-json\/wp\/v2\/comments?post=1610"}],"version-history":[{"count":5,"href":"https:\/\/aisvijet.com\/hu\/wp-json\/wp\/v2\/pages\/1610\/revisions"}],"predecessor-version":[{"id":2352,"href":"https:\/\/aisvijet.com\/hu\/wp-json\/wp\/v2\/pages\/1610\/revisions\/2352"}],"wp:featuredmedia":[{"embeddable":true,"href":"https:\/\/aisvijet.com\/hu\/wp-json\/wp\/v2\/media\/1615"}],"wp:attachment":[{"href":"https:\/\/aisvijet.com\/hu\/wp-json\/wp\/v2\/media?parent=1610"}],"curies":[{"name":"wp","href":"https:\/\/api.w.org\/{rel}","templated":true}]}}