{"id":1706,"date":"2024-10-13T20:40:57","date_gmt":"2024-10-13T18:40:57","guid":{"rendered":"https:\/\/aisvijet.com\/hu\/?page_id=1706"},"modified":"2025-10-30T00:10:18","modified_gmt":"2025-10-29T23:10:18","slug":"utmutato","status":"publish","type":"page","link":"https:\/\/aisvijet.com\/hu\/utmutato\/","title":{"rendered":"Mesters\u00e9ges intelligencia \u00fatmutat\u00f3 \u2013 Tanulj meg mindent az AI-r\u00f3l l\u00e9p\u00e9sr\u0151l l\u00e9p\u00e9sre"},"content":{"rendered":"[child_pages_grid cols=&#8221;3&#8243; size=&#8221;medium_large&#8221;]\n","protected":false},"excerpt":{"rendered":"<p>[child_pages_grid cols=&#8221;3&#8243; size=&#8221;medium_large&#8221;]<\/p>\n","protected":false},"author":16,"featured_media":0,"parent":0,"menu_order":0,"comment_status":"closed","ping_status":"closed","template":"","meta":{"neve_meta_sidebar":"","neve_meta_container":"","neve_meta_enable_content_width":"off","neve_meta_content_width":100,"neve_meta_title_alignment":"","neve_meta_author_avatar":"","neve_post_elements_order":"","neve_meta_disable_header":"","neve_meta_disable_footer":"","neve_meta_disable_title":"","_themeisle_gutenberg_block_has_review":false,"footnotes":""},"class_list":["post-1706","page","type-page","status-publish","hentry"],"_links":{"self":[{"href":"https:\/\/aisvijet.com\/hu\/wp-json\/wp\/v2\/pages\/1706","targetHints":{"allow":["GET"]}}],"collection":[{"href":"https:\/\/aisvijet.com\/hu\/wp-json\/wp\/v2\/pages"}],"about":[{"href":"https:\/\/aisvijet.com\/hu\/wp-json\/wp\/v2\/types\/page"}],"author":[{"embeddable":true,"href":"https:\/\/aisvijet.com\/hu\/wp-json\/wp\/v2\/users\/16"}],"replies":[{"embeddable":true,"href":"https:\/\/aisvijet.com\/hu\/wp-json\/wp\/v2\/comments?post=1706"}],"version-history":[{"count":6,"href":"https:\/\/aisvijet.com\/hu\/wp-json\/wp\/v2\/pages\/1706\/revisions"}],"predecessor-version":[{"id":2389,"href":"https:\/\/aisvijet.com\/hu\/wp-json\/wp\/v2\/pages\/1706\/revisions\/2389"}],"wp:attachment":[{"href":"https:\/\/aisvijet.com\/hu\/wp-json\/wp\/v2\/media?parent=1706"}],"curies":[{"name":"wp","href":"https:\/\/api.w.org\/{rel}","templated":true}]}}