{"id":61,"date":"2020-01-23T18:21:52","date_gmt":"2020-01-23T18:21:52","guid":{"rendered":"https:\/\/demosites.io\/marketing-agency-gb\/?page_id=61"},"modified":"2025-10-30T00:10:23","modified_gmt":"2025-10-29T23:10:23","slug":"rolunk","status":"publish","type":"page","link":"https:\/\/aisvijet.com\/hu\/rolunk\/","title":{"rendered":"R\u00f3lunk"},"content":{"rendered":"\r\n<h1 class=\"wp-block-heading\">R\u00f3lunk<\/h1>\r\n\r\n\r\n\r\n<p>\u00dcdv\u00f6z\u00f6lj\u00fck a <strong>aisvijet.com\/hu<\/strong> oldalon, az \u00d6n f\u0151 inform\u00e1ci\u00f3forr\u00e1s\u00e1n, betekint\u00e9sein \u00e9s forr\u00e1sain a mesters\u00e9ges intelligenci\u00e1r\u00f3l (AI). K\u00fcldet\u00e9s\u00fcnk, hogy oktatjunk, inspir\u00e1ljunk \u00e9s lehet\u0151v\u00e9 tegy\u00fck minden l\u00e1togat\u00f3 sz\u00e1m\u00e1ra, hogy jobban meg\u00e9rts\u00e9k \u00e9s haszn\u00e1lj\u00e1k az AI technol\u00f3gi\u00e1kat mindennapi \u00e9let\u00fckben \u00e9s \u00fczleti tev\u00e9kenys\u00e9g\u00fckben. Tartalmainkon kereszt\u00fcl \u00e1tfog\u00f3 \u00e1ttekint\u00e9st ny\u00fajtunk a mesters\u00e9ges intelligencia vil\u00e1g leg\u00fajabb eredm\u00e9nyeir\u0151l, az alapfogalmakt\u00f3l a k\u00fcl\u00f6nb\u00f6z\u0151 ipar\u00e1gakat \u00e1talak\u00edt\u00f3 fejlett alkalmaz\u00e1sokig.<\/p>\r\n\r\n\r\n\r\n<h2 class=\"wp-block-heading\">V\u00edz\u00f3nk<\/h2>\r\n\r\n\r\n\r\n<p>A <a href=\"https:\/\/aisvijet.com\/hu\/\">aisvijet.com\/hu<\/a> v\u00edzi\u00f3ja egy olyan online k\u00f6z\u00f6ss\u00e9g l\u00e9trehoz\u00e1sa, amely \u00f6sszegy\u0171jti az AI rajong\u00f3kat, szak\u00e9rt\u0151ket \u00e9s k\u00edv\u00e1ncsi embereket. Hisz\u00fcnk abban, hogy a mesters\u00e9ges intelligencia form\u00e1lni fogja a j\u00f6v\u0151t \u00e9s kulcst\u00e9nyez\u0151v\u00e9 v\u00e1lik a modern t\u00e1rsadalom fejl\u0151d\u00e9s\u00e9ben. C\u00e9lunk, hogy mindenki hozz\u00e1f\u00e9rjen a relev\u00e1ns inform\u00e1ci\u00f3khoz, eszk\u00f6z\u00f6kh\u00f6z \u00e9s forr\u00e1sokhoz, hogy akt\u00edvan r\u00e9szt vehessen ebben a forradalomban. Seg\u00edteni szeretn\u00e9nk egy\u00e9neknek \u00e9s szervezeteknek meg\u00e9rteni, hogyan jav\u00edthatja az AI az \u00e9let\u00fcket, munkafolyamataikat \u00e9s \u00fczleti tev\u00e9kenys\u00e9g\u00fcket.<\/p>\r\n\r\n\r\n\r\n<h2 class=\"wp-block-heading\">Mit k\u00edn\u00e1lunk<\/h2>\r\n\r\n\r\n\r\n<p>A <strong>aisvijet.com\/hu<\/strong> oldalon tartalmak sz\u00e9les spektrum\u00e1t k\u00edn\u00e1ljuk, amely a mesters\u00e9ges intelligencia k\u00fcl\u00f6nb\u00f6z\u0151 aspektusait fedi le. Platformunk mindenki sz\u00e1m\u00e1ra k\u00e9sz\u00fclt, ak\u00e1r kezd\u0151, aki \u00e9pp most l\u00e9p be az AI vil\u00e1g\u00e1ba, ak\u00e1r tapasztalt szakember, aki szeretn\u00e9 elm\u00e9ly\u00edteni tud\u00e1s\u00e1t. \u00cdme n\u00e9h\u00e1ny kulcsfontoss\u00e1g\u00fa ter\u00fclet, amelyet lefed\u00fcnk:<\/p>\r\n\r\n\r\n\r\n<h3 class=\"wp-block-heading\">1. H\u00edrek \u00e9s legfrissebb trendek<\/h3>\r\n\r\n\r\n\r\n<p>K\u00f6vetj\u00fck a legfrissebb h\u00edreket \u00e9s fejleszt\u00e9seket a mesters\u00e9ges intelligencia vil\u00e1g\u00e1ban. Az \u00faj AI eszk\u00f6z\u00f6kt\u0151l \u00e9s megold\u00e1sokt\u00f3l, az innovat\u00edv ipari alkalmaz\u00e1sokon \u00e1t, a szab\u00e1lyoz\u00e1si v\u00e1ltoz\u00e1sokig \u00e9s etikai k\u00e9rd\u00e9sekig \u2013 platformunk id\u0151szer\u0171 inform\u00e1ci\u00f3kat ny\u00fajt, amelyek kulcsfontoss\u00e1g\u00faak a mai \u00e9s j\u00f6v\u0151beli trendek meg\u00e9rt\u00e9s\u00e9hez.<\/p>\r\n\r\n\r\n\r\n<h3 class=\"wp-block-heading\">2. Oktat\u00e1s \u00e9s forr\u00e1sok<\/h3>\r\n\r\n\r\n\r\n<p>Ha \u00e9rdekl\u0151dik a mesters\u00e9ges intelligencia tanul\u00e1sa ir\u00e1nt, j\u00f3 helyen j\u00e1r. \u00datmutat\u00f3kat, oktat\u00f3anyagokat \u00e9s oktat\u00e1si anyagokat biztos\u00edtunk, amelyek lefedik az AI alapjait, valamint olyan fejlett t\u00e9m\u00e1kat, mint a g\u00e9pi tanul\u00e1s, m\u00e9lytanul\u00e1s \u00e9s adatelemz\u00e9s. Tud\u00e1sb\u00e1zisunk folyamatosan b\u0151v\u00fcl, hogy biztos\u00edtsuk, hogy felhaszn\u00e1l\u00f3ink hozz\u00e1f\u00e9rjenek a legfrissebb \u00e9s legrelevansabb inform\u00e1ci\u00f3khoz.<\/p>\r\n\r\n\r\n\r\n<h3 class=\"wp-block-heading\">3. M\u00e9lyrehat\u00f3 elemz\u00e9sek \u00e9s esettanulm\u00e1nyok<\/h3>\r\n\r\n\r\n\r\n<p>Azok sz\u00e1m\u00e1ra, akik meg szeretn\u00e9k \u00e9rteni, hogyan haszn\u00e1lj\u00e1k az AI-t a gyakorlatban, r\u00e9szletes elemz\u00e9seket \u00e9s esettanulm\u00e1nyokat k\u00edn\u00e1lunk. Kutatjuk, hogyan haszn\u00e1lnak k\u00fcl\u00f6nb\u00f6z\u0151 szektorokb\u00f3l v\u00e1llalatok \u00e9s szervezetek mesters\u00e9ges intelligenci\u00e1t m\u0171k\u00f6d\u00e9s\u00fck optimaliz\u00e1l\u00e1s\u00e1ra, \u00fcgyf\u00e9l\u00e9lm\u00e9ny jav\u00edt\u00e1s\u00e1ra \u00e9s \u00faj \u00fczleti lehet\u0151s\u00e9gek l\u00e9trehoz\u00e1s\u00e1ra. Ezen val\u00f3s vil\u00e1gb\u00f3l sz\u00e1rmaz\u00f3 p\u00e9ld\u00e1kon kereszt\u00fcl betekint\u00e9st nyerhet az AI konkr\u00e9t alkalmaz\u00e1saiba \u00e9s inspir\u00e1l\u00f3dhat saj\u00e1t projektjeihez.<\/p>\r\n\r\n\r\n\r\n<h3 class=\"wp-block-heading\">4. Interj\u00fak szak\u00e9rt\u0151kkel<\/h3>\r\n\r\n\r\n\r\n<p>Rendszeresen besz\u00e9lget\u00fcnk a mesters\u00e9ges intelligencia ter\u00fclet\u00e9nek vezet\u0151 szak\u00e9rt\u0151ivel, hogy exkluz\u00edv betekint\u00e9seket \u00e9s perspekt\u00edv\u00e1kat hozzunk \u00d6nnek. Interj\u00faink t\u00e9m\u00e1k sz\u00e9les spektrum\u00e1t fedik le, a technikai kih\u00edv\u00e1sokt\u00f3l \u00e9s innov\u00e1ci\u00f3kt\u00f3l az etikai dilemm\u00e1kig \u00e9s az AI j\u00f6v\u0151beli fejl\u0151d\u00e9si ir\u00e1nyaiig. Ezek a besz\u00e9lget\u00e9sek egyed\u00fcl\u00e1ll\u00f3 lehet\u0151s\u00e9get ny\u00fajtanak arra, hogy hallja azok v\u00e9lem\u00e9ny\u00e9t, akik form\u00e1lj\u00e1k a mesters\u00e9ges intelligencia j\u00f6v\u0151j\u00e9t.<\/p>\r\n\r\n\r\n\r\n<h3 class=\"wp-block-heading\">5. Eszk\u00f6z\u00f6k \u00e9s forr\u00e1sok szakemberek sz\u00e1m\u00e1ra<\/h3>\r\n\r\n\r\n\r\n<p>Szakemberek \u00e9s szervezetek sz\u00e1m\u00e1ra, akik szeretn\u00e9k alkalmazni a mesters\u00e9ges intelligenci\u00e1t \u00fczleti tev\u00e9kenys\u00e9g\u00fckben, gyakorlati eszk\u00f6z\u00f6k \u00e9s forr\u00e1sok sor\u00e1t k\u00edn\u00e1ljuk. Ak\u00e1r AI megold\u00e1sokat keres \u00fczleti folyamatok optimaliz\u00e1l\u00e1s\u00e1ra, adatelemz\u00e9sre vagy feladatok automatiz\u00e1l\u00e1s\u00e1ra, platformunk aj\u00e1nl\u00e1sokat \u00e9s ir\u00e1nymutat\u00e1sokat k\u00edn\u00e1l, hogy k\u00f6nnyebben megtal\u00e1lhassa \u00e9s implement\u00e1lhassa a megfelel\u0151 megold\u00e1sokat.<\/p>\r\n\r\n\r\n\r\n<h2 class=\"wp-block-heading\">K\u00f6z\u00f6ss\u00e9g\u00fcnk<\/h2>\r\n\r\n\r\n\r\n<p>A <strong>aisvijet.com\/hu<\/strong> oldalon hisz\u00fcnk a k\u00f6z\u00f6ss\u00e9g erej\u00e9ben. \u00d6sszegy\u0171jt\u00fcnk k\u00fcl\u00f6nb\u00f6z\u0151 \u00e9rdekl\u0151d\u00e9s\u0171 \u00e9s tud\u00e1sszint\u0171 embereket, hogy egy\u00fctt olyan k\u00f6rnyezetet hozzunk l\u00e9tre, amely \u00f6szt\u00f6nzi a tanul\u00e1st, innov\u00e1ci\u00f3t \u00e9s egy\u00fcttm\u0171k\u00f6d\u00e9st. H\u00edvjuk \u00d6nt, hogy csatlakozzon k\u00f6z\u00f6ss\u00e9g\u00fcnkh\u00f6z, vegyen r\u00e9szt vit\u00e1kban, ossza meg tapasztalatait \u00e9s tanuls\u00e1gait, valamint seg\u00edtsen m\u00e1soknak jobban meg\u00e9rteni \u00e9s kihaszn\u00e1lni a mesters\u00e9ges intelligencia el\u0151nyeit.<\/p>\r\n\r\n\r\n\r\n<h2 class=\"wp-block-heading\">L\u00e9pjen kapcsolatba vel\u00fcnk<\/h2>\r\n\r\n\r\n\r\n<p>Ha b\u00e1rmilyen k\u00e9rd\u00e9se, javaslata van, vagy egyszer\u0171en csak t\u00f6bbet szeretne megtudni a mesters\u00e9ges intelligenci\u00e1r\u00f3l, b\u00e1tran l\u00e9pjen kapcsolatba vel\u00fcnk. Csapatunk mindig k\u00e9szen \u00e1ll seg\u00edteni \u00d6nnek \u00e9s tov\u00e1bbi inform\u00e1ci\u00f3kat ny\u00fajtani, amelyekre sz\u00fcks\u00e9ge van. E-mailen vagy k\u00f6z\u00f6ss\u00e9gi m\u00e9di\u00e1n kereszt\u00fcl l\u00e9phet vel\u00fcnk kapcsolatba.<\/p>\r\n\r\n\r\n\r\n<p>K\u00f6sz\u00f6nj\u00fck, hogy a <strong>aisvijet.com\/hu<\/strong> k\u00f6z\u00f6ss\u00e9g r\u00e9sze. V\u00e1rjuk, hogy egy\u00fctt fedezz\u00fck fel a mesters\u00e9ges intelligencia \u00e1ltal form\u00e1lt j\u00f6v\u0151t \u00e9s az \u00e1ltala hozott \u00faj lehet\u0151s\u00e9geket.<\/p>\r\n","protected":false},"excerpt":{"rendered":"<p>R\u00f3lunk \u00dcdv\u00f6z\u00f6lj\u00fck a aisvijet.com\/hu oldalon, az \u00d6n f\u0151 inform\u00e1ci\u00f3forr\u00e1s\u00e1n, betekint\u00e9sein \u00e9s forr\u00e1sain a mesters\u00e9ges intelligenci\u00e1r\u00f3l (AI). K\u00fcldet\u00e9s\u00fcnk, hogy oktatjunk, inspir\u00e1ljunk \u00e9s lehet\u0151v\u00e9 tegy\u00fck minden l\u00e1togat\u00f3 sz\u00e1m\u00e1ra, hogy jobban meg\u00e9rts\u00e9k \u00e9s haszn\u00e1lj\u00e1k az AI technol\u00f3gi\u00e1kat mindennapi \u00e9let\u00fckben \u00e9s \u00fczleti tev\u00e9kenys\u00e9g\u00fckben. Tartalmainkon kereszt\u00fcl \u00e1tfog\u00f3 \u00e1ttekint\u00e9st ny\u00fajtunk a mesters\u00e9ges intelligencia vil\u00e1g leg\u00fajabb eredm\u00e9nyeir\u0151l, az alapfogalmakt\u00f3l a k\u00fcl\u00f6nb\u00f6z\u0151 ipar\u00e1gakat&hellip;&nbsp;<a href=\"https:\/\/aisvijet.com\/hu\/rolunk\/\" rel=\"bookmark\">Read More &raquo;<span class=\"screen-reader-text\">R\u00f3lunk<\/span><\/a><\/p>\n","protected":false},"author":16,"featured_media":0,"parent":0,"menu_order":0,"comment_status":"closed","ping_status":"closed","template":"","meta":{"neve_meta_sidebar":"","neve_meta_container":"","neve_meta_enable_content_width":"on","neve_meta_content_width":100,"neve_meta_title_alignment":"","neve_meta_author_avatar":"","neve_post_elements_order":"","neve_meta_disable_header":"","neve_meta_disable_footer":"","neve_meta_disable_title":"on","_themeisle_gutenberg_block_has_review":false,"footnotes":""},"class_list":["post-61","page","type-page","status-publish","hentry"],"_links":{"self":[{"href":"https:\/\/aisvijet.com\/hu\/wp-json\/wp\/v2\/pages\/61","targetHints":{"allow":["GET"]}}],"collection":[{"href":"https:\/\/aisvijet.com\/hu\/wp-json\/wp\/v2\/pages"}],"about":[{"href":"https:\/\/aisvijet.com\/hu\/wp-json\/wp\/v2\/types\/page"}],"author":[{"embeddable":true,"href":"https:\/\/aisvijet.com\/hu\/wp-json\/wp\/v2\/users\/16"}],"replies":[{"embeddable":true,"href":"https:\/\/aisvijet.com\/hu\/wp-json\/wp\/v2\/comments?post=61"}],"version-history":[{"count":7,"href":"https:\/\/aisvijet.com\/hu\/wp-json\/wp\/v2\/pages\/61\/revisions"}],"predecessor-version":[{"id":2378,"href":"https:\/\/aisvijet.com\/hu\/wp-json\/wp\/v2\/pages\/61\/revisions\/2378"}],"wp:attachment":[{"href":"https:\/\/aisvijet.com\/hu\/wp-json\/wp\/v2\/media?parent=61"}],"curies":[{"name":"wp","href":"https:\/\/api.w.org\/{rel}","templated":true}]}}