{"id":1286,"date":"2024-09-05T00:16:51","date_gmt":"2024-09-04T22:16:51","guid":{"rendered":"https:\/\/aisvijet.com\/si\/?page_id=1286"},"modified":"2025-10-15T20:28:16","modified_gmt":"2025-10-15T18:28:16","slug":"zgodovina-umetne-inteligence","status":"publish","type":"page","link":"https:\/\/aisvijet.com\/si\/zgodovina-umetne-inteligence\/","title":{"rendered":"Zgodovina umetne inteligence"},"content":{"rendered":"\r\n<p>Umetna inteligenca (UI) ni le sodoben tehnolo\u0161ki trend \u2013 njene korenine segajo desetletja nazaj, njen razvoj pa zaznamujejo veliki preboji v znanosti, tehnologiji in filozofiji.<\/p>\r\n\r\n\r\n\r\n<p>Skozi zgodovino je \u010dlove\u0161ka \u017eelja po ustvarjanju inteligentnih strojev in avtomatov postajala vse bolj izrazita, kar je privedlo do nastanka tega, kar danes imenujemo umetna inteligenca.<\/p>\r\n\r\n\r\n\r\n<div id=\"ez-toc-container\" class=\"ez-toc-v2_0_82_2 counter-hierarchy ez-toc-counter ez-toc-light-blue ez-toc-container-direction\">\n<div class=\"ez-toc-title-container\">\n<p class=\"ez-toc-title\" style=\"cursor:inherit\">Vsebina<\/p>\n<span class=\"ez-toc-title-toggle\"><a href=\"#\" class=\"ez-toc-pull-right ez-toc-btn ez-toc-btn-xs ez-toc-btn-default ez-toc-toggle\" aria-label=\"Toggle Table of Content\"><span class=\"ez-toc-js-icon-con\"><span class=\"\"><span class=\"eztoc-hide\" style=\"display:none;\">Toggle<\/span><span class=\"ez-toc-icon-toggle-span\"><svg style=\"fill: #999;color:#999\" xmlns=\"http:\/\/www.w3.org\/2000\/svg\" class=\"list-377408\" width=\"20px\" height=\"20px\" viewBox=\"0 0 24 24\" fill=\"none\"><path d=\"M6 6H4v2h2V6zm14 0H8v2h12V6zM4 11h2v2H4v-2zm16 0H8v2h12v-2zM4 16h2v2H4v-2zm16 0H8v2h12v-2z\" fill=\"currentColor\"><\/path><\/svg><svg style=\"fill: #999;color:#999\" class=\"arrow-unsorted-368013\" xmlns=\"http:\/\/www.w3.org\/2000\/svg\" width=\"10px\" height=\"10px\" viewBox=\"0 0 24 24\" version=\"1.2\" baseProfile=\"tiny\"><path d=\"M18.2 9.3l-6.2-6.3-6.2 6.3c-.2.2-.3.4-.3.7s.1.5.3.7c.2.2.4.3.7.3h11c.3 0 .5-.1.7-.3.2-.2.3-.5.3-.7s-.1-.5-.3-.7zM5.8 14.7l6.2 6.3 6.2-6.3c.2-.2.3-.5.3-.7s-.1-.5-.3-.7c-.2-.2-.4-.3-.7-.3h-11c-.3 0-.5.1-.7.3-.2.2-.3.5-.3.7s.1.5.3.7z\"\/><\/svg><\/span><\/span><\/span><\/a><\/span><\/div>\n<nav><ul class='ez-toc-list ez-toc-list-level-1 eztoc-toggle-hide-by-default' ><li class='ez-toc-page-1 ez-toc-heading-level-2'><a class=\"ez-toc-link ez-toc-heading-1\" href=\"https:\/\/aisvijet.com\/si\/zgodovina-umetne-inteligence\/#Kratek_pregled_zgodovine_umetne_inteligence\">Kratek pregled zgodovine umetne inteligence<\/a><\/li><li class='ez-toc-page-1 ez-toc-heading-level-2'><a class=\"ez-toc-link ez-toc-heading-2\" href=\"https:\/\/aisvijet.com\/si\/zgodovina-umetne-inteligence\/#Podrobnejsi_pregled_razvoja_umetne_inteligence\">Podrobnej\u0161i pregled razvoja umetne inteligence<\/a><ul class='ez-toc-list-level-3' ><li class='ez-toc-heading-level-3'><a class=\"ez-toc-link ez-toc-heading-3\" href=\"https:\/\/aisvijet.com\/si\/zgodovina-umetne-inteligence\/#Zacetni_koraki_v_raziskovanju_UI\">Za\u010detni koraki v raziskovanju UI<\/a><\/li><li class='ez-toc-page-1 ez-toc-heading-level-3'><a class=\"ez-toc-link ez-toc-heading-4\" href=\"https:\/\/aisvijet.com\/si\/zgodovina-umetne-inteligence\/#Zlata_doba_in_UI_zima\">Zlata doba in UI zima<\/a><\/li><li class='ez-toc-page-1 ez-toc-heading-level-3'><a class=\"ez-toc-link ez-toc-heading-5\" href=\"https:\/\/aisvijet.com\/si\/zgodovina-umetne-inteligence\/#Ponovni_vzpon_zanimanja_za_UI\">Ponovni vzpon zanimanja za UI<\/a><\/li><\/ul><\/li><li class='ez-toc-page-1 ez-toc-heading-level-2'><a class=\"ez-toc-link ez-toc-heading-6\" href=\"https:\/\/aisvijet.com\/si\/zgodovina-umetne-inteligence\/#Umetna_inteligenca_danes\">Umetna inteligenca danes<\/a><\/li><li class='ez-toc-page-1 ez-toc-heading-level-2'><a class=\"ez-toc-link ez-toc-heading-7\" href=\"https:\/\/aisvijet.com\/si\/zgodovina-umetne-inteligence\/#Zakljucek\">Zaklju\u010dek<\/a><\/li><li class='ez-toc-page-1 ez-toc-heading-level-2'><a class=\"ez-toc-link ez-toc-heading-8\" href=\"https:\/\/aisvijet.com\/si\/zgodovina-umetne-inteligence\/#FAQ_Pogosto_zastavljena_vprasanja\">FAQ (Pogosto zastavljena vpra\u0161anja)<\/a><ul class='ez-toc-list-level-3' ><li class='ez-toc-heading-level-3'><a class=\"ez-toc-link ez-toc-heading-9\" href=\"https:\/\/aisvijet.com\/si\/zgodovina-umetne-inteligence\/#1_Kada_je_zapoceo_razvoj_umjetne_inteligencije\">1. Kada je zapo\u010deo razvoj umjetne inteligencije?<\/a><\/li><li class='ez-toc-page-1 ez-toc-heading-level-3'><a class=\"ez-toc-link ez-toc-heading-10\" href=\"https:\/\/aisvijet.com\/si\/zgodovina-umetne-inteligence\/#2_Koji_je_najvazniji_dogadaj_u_ranoj_povijesti_AI-a\">2. Koji je najva\u017eniji doga\u0111aj u ranoj povijesti AI-a?<\/a><\/li><li class='ez-toc-page-1 ez-toc-heading-level-3'><a class=\"ez-toc-link ez-toc-heading-11\" href=\"https:\/\/aisvijet.com\/si\/zgodovina-umetne-inteligence\/#3_Sto_je_%E2%80%9CAI_zima%E2%80%9D\">3. \u0160to je &#8220;AI zima&#8221;?<\/a><\/li><li class='ez-toc-page-1 ez-toc-heading-level-3'><a class=\"ez-toc-link ez-toc-heading-12\" href=\"https:\/\/aisvijet.com\/si\/zgodovina-umetne-inteligence\/#4_Koji_je_bio_prekretnica_u_povijesti_AI-a\">4. Koji je bio prekretnica u povijesti AI-a?<\/a><\/li><li class='ez-toc-page-1 ez-toc-heading-level-3'><a class=\"ez-toc-link ez-toc-heading-13\" href=\"https:\/\/aisvijet.com\/si\/zgodovina-umetne-inteligence\/#5_Kako_se_umjetna_inteligencija_koristi_danas\">5. Kako se umjetna inteligencija koristi danas?<\/a><\/li><li class='ez-toc-page-1 ez-toc-heading-level-3'><a class=\"ez-toc-link ez-toc-heading-14\" href=\"https:\/\/aisvijet.com\/si\/zgodovina-umetne-inteligence\/#6_Sto_ocekujemo_od_buducnosti_umjetne_inteligencije\">6. \u0160to o\u010dekujemo od budu\u0107nosti umjetne inteligencije?<\/a><\/li><\/ul><\/li><\/ul><\/nav><\/div>\n\r\n\r\n\r\n\r\n<h2 class=\"wp-block-heading\"><span class=\"ez-toc-section\" id=\"Kratek_pregled_zgodovine_umetne_inteligence\"><\/span>Kratek pregled zgodovine umetne inteligence<span class=\"ez-toc-section-end\"><\/span><\/h2>\r\n\r\n\r\n\r\n<p class=\"has-text-align-center has-nv-light-bg-background-color has-background\"><strong>1943<\/strong>.<br \/>Warren McCulloch in Walter Pitts razvijeta prvi matemati\u010dni model nevronske mre\u017ee, s \u010dimer postavita temelje za razvoj UI.<br \/><strong>1950<\/strong>.<br \/>Alan Turing predlaga Turingov test, merilo za ocenjevanje sposobnosti strojev, da posnemajo \u010dlove\u0161ko inteligenco.<br \/><strong>1956<\/strong>.<br \/>Dartmouthska konferenca formalno ozna\u010duje za\u010detek raziskovanja umetne inteligence kot znanstvene discipline.<br \/><strong>1966<\/strong>.<br \/>Ustvarjena je ELIZA, eden prvih ra\u010dunalni\u0161kih programov za obdelavo naravnega jezika, ki simulira pogovor s \u010dlovekom.<br \/><strong>1972<\/strong>.<br \/>Ustvarjen je MYCIN, prvi ekspertni sistem, ki pomaga pri diagnosticiranju bolezni na podlagi medicinskih podatkov.<br \/><strong>1980<\/strong>.<br \/>Za\u010dne se obdobje ekspertnih sistemov, kjer se UI uporablja pri re\u0161evanju specifi\u010dnih nalog v industriji.<br \/><strong>1997<\/strong>.<br \/>IBM-ov Deep Blue premaga \u0161ahovskega prvaka Garryja Kasparova, kar je prvi\u010d, da je ra\u010dunalnik premagal \u010dloveka v \u0161ahu.<br \/><strong>2011<\/strong>.<br \/>IBM-ov Watson premaga \u010dlove\u0161ke tekmovalce v kvizu Jeopardy, kar demonstrira napredek v obdelavi naravnega jezika.<br \/><strong>2012<\/strong>.<br \/>Globoko u\u010denje dose\u017ee velik preboj z zmago nevronskih mre\u017e na tekmovanju ImageNet, kar odpre nove mo\u017enosti za analizo slik.<br \/><strong>2016<\/strong>.<br \/>Google DeepMindov AlphaGo premaga svetovnega prvaka v igri Go, kar velja za enega najve\u010djih dose\u017ekov v UI.<br \/><strong>2020<\/strong>.<br \/>OpenAI razvije GPT-3, enega najnaprednej\u0161ih jezikovnih modelov, sposobnega generirati \u010dlove\u0161kemu podobno besedilo.<br \/><strong>2023<\/strong>.<br \/>OpenAI lansira GPT-4, naprednej\u0161i jezikovni model, ki ka\u017ee \u0161e ve\u010djo natan\u010dnost in razumevanje kompleksnih tekstovnih zahtev, bistveno izbolj\u0161ujo\u010d interakcije med ljudmi in UI sistemi.<br \/><strong>2024<\/strong>.<br \/>Nadaljnji napredek v kvantnem ra\u010dunalni\u0161tvu in njegovi uporabi v umetni inteligenci odpira nove mo\u017enosti za re\u0161evanje zapletenih problemov, ki jih klasi\u010dni ra\u010dunalniki ne morejo u\u010dinkovito obdelati, kar postavlja temelje za \u0161e \u0161ir\u0161o uporabo UI v znanosti in industriji.<\/p>\r\n\r\n\r\n\r\n<h2 class=\"wp-block-heading\"><span class=\"ez-toc-section\" id=\"Podrobnejsi_pregled_razvoja_umetne_inteligence\"><\/span>Podrobnej\u0161i pregled razvoja umetne inteligence<span class=\"ez-toc-section-end\"><\/span><\/h2>\r\n\r\n\r\n\r\n<p>Prvi koraki k razvoju umetne inteligence se lahko sledijo nazaj do <strong>antike<\/strong>, ko so filozofi, kot je Aristotel, razmi\u0161ljali o mo\u017enosti ustvarjanja &#8220;mehanskega uma&#8221;. Skozi stoletja so znanstveniki in izumitelji ustvarjali avtomatske stroje, kar je predstavljalo predhodnika modernih konceptov UI.<\/p>\r\n\r\n\r\n<div class=\"wp-block-image\">\r\n<figure class=\"aligncenter size-full is-resized\"><img loading=\"lazy\" decoding=\"async\" width=\"900\" height=\"506\" class=\"wp-image-1308\" style=\"width: 900px; height: auto;\" src=\"https:\/\/aisvijet.com\/si\/wp-content\/uploads\/sites\/5\/2024\/09\/Razvoj-umjetne-inteligencije.jpg\" alt=\"\" srcset=\"https:\/\/aisvijet.com\/si\/wp-content\/uploads\/sites\/5\/2024\/09\/Razvoj-umjetne-inteligencije.jpg 900w, https:\/\/aisvijet.com\/si\/wp-content\/uploads\/sites\/5\/2024\/09\/Razvoj-umjetne-inteligencije-300x169.jpg 300w, https:\/\/aisvijet.com\/si\/wp-content\/uploads\/sites\/5\/2024\/09\/Razvoj-umjetne-inteligencije-768x432.jpg 768w\" sizes=\"auto, (max-width: 900px) 100vw, 900px\" \/><\/figure>\r\n<\/div>\r\n\r\n\r\n<p>Vendar \u0161ele v 20. stoletju se za\u010dnejo resni\u010dni poskusi ustvarjanja strojev, ki lahko simulirajo \u010dlove\u0161ko inteligenco. <strong>Alan Turing<\/strong>, britanski matematik, je odigral klju\u010dno vlogo v teh za\u010detkih. Turing je leta 1950 postavil temeljni okvir za umetno inteligenco s svojim esejem &#8220;Computing Machinery and Intelligence&#8221; in <strong><a href=\"https:\/\/hr.wikipedia.org\/wiki\/Turingov_test\" rel=\"noopener\">Turingovim testom<\/a><\/strong>, ki je slu\u017eil kot prvi test za ocenjevanje sposobnosti strojev, da posnemajo \u010dlove\u0161ko vedenje.<\/p>\r\n\r\n\r\n\r\n<h3 class=\"wp-block-heading\"><span class=\"ez-toc-section\" id=\"Zacetni_koraki_v_raziskovanju_UI\"><\/span>Za\u010detni koraki v raziskovanju UI<span class=\"ez-toc-section-end\"><\/span><\/h3>\r\n\r\n\r\n\r\n<p>Razvoj umetne inteligence kot formalnega znanstvenega podro\u010dja se je za\u010del leta 1956 na Dartmouthski konferenci. Ta dogodek se pogosto \u0161teje za rojstvo umetne inteligence kot znanstvene discipline, raziskovalci pa so takrat definirali razli\u010dne <strong><a href=\"https:\/\/aisvijet.com\/si\/vrste-umetne-inteligence\/\">vrste umetne inteligence<\/a><\/strong> in njihove cilje. Raziskovalci so postavili temelje za prihodnji razvoj strojev, ki se lahko u\u010dijo in sprejemajo odlo\u010ditve.<\/p>\r\n\r\n\r\n\r\n<p>V <strong>60-ih in 70-ih letih<\/strong> so znanstveniki, kot sta John McCarthy, ki je skoval sam izraz &#8220;umetna inteligenca&#8221;, in Marvin Minsky, eden od ustanoviteljev laboratorija za umetno inteligenco na <a href=\"https:\/\/news.mit.edu\/topic\/artificial-intelligence2\" target=\"_blank\" rel=\"noreferrer noopener\">MIT-u<\/a>, nadaljevali z delom na razvoju strojev, ki so lahko re\u0161evali kompleksne probleme in sprejemali odlo\u010ditve na podlagi podatkov. V tem obdobju so bili ustvarjeni prvi ra\u010dunalni\u0161ki programi, ki so lahko igrali igre, kot je \u0161ah, in re\u0161evali matemati\u010dne probleme.<\/p>\r\n\r\n\r\n\r\n<h3 class=\"wp-block-heading\"><span class=\"ez-toc-section\" id=\"Zlata_doba_in_UI_zima\"><\/span>Zlata doba in UI zima<span class=\"ez-toc-section-end\"><\/span><\/h3>\r\n\r\n\r\n\r\n<p>V 70-ih in 80-ih letih umetna inteligenca do\u017eivlja svojo prvo fazo velikega vzpona, s poudarkom na razli\u010dnih <strong><a href=\"https:\/\/aisvijet.com\/si\/uporaba\/\">uporabah umetne inteligence<\/a><\/strong>. Ustvarjeni so bili \u0161tevilni ekspertni sistemi \u2013 programi, ki so lahko simulirali odlo\u010ditve strokovnjakov na dolo\u010denih podro\u010djih, kot sta medicina in finance. Eden bolj znanih primerov je bil MYCIN, sistem razvit za diagnosticiranje bakterijskih oku\u017eb.<\/p>\r\n\r\n\r\n\r\n<p>Kljub za\u010detnemu navdu\u0161enju pa se je raziskovanje UI soo\u010dilo s \u0161tevilnimi ovirami, zlasti ko je postalo jasno, da so ra\u010dunalni\u0161ki viri omejeni, algoritmi pa premalo razviti za bolj zapletene naloge. To obdobje, znano kot <strong>UI zima<\/strong>, je trajalo od konca 80-ih do sredine 90-ih let, v tem \u010dasu pa so bila sredstva za raziskave zmanj\u0161ana, navdu\u0161enje nad razvojem umetne inteligence pa je upadlo.<\/p>\r\n\r\n\r\n\r\n<h3 class=\"wp-block-heading\"><span class=\"ez-toc-section\" id=\"Ponovni_vzpon_zanimanja_za_UI\"><\/span>Ponovni vzpon zanimanja za UI<span class=\"ez-toc-section-end\"><\/span><\/h3>\r\n\r\n\r\n\r\n<p>Konec 90-ih let in v za\u010detku 21. stoletja je umetna inteligenca ponovno pri\u0161la v sredi\u0161\u010de pozornosti, predvsem po zaslugi napredka v procesorski mo\u010di in razvoju novih algoritmov za <strong>strojno u\u010denje<\/strong>. Klju\u010dni trenutek je bil leta 1997, ko je IBM-ov ra\u010dunalni\u0161ki sistem <strong>Deep Blue<\/strong> premagal svetovnega \u0161ahovskega prvaka Garryja Kasparova. To je pokazalo, kako lahko stroji prese\u017eejo ljudi v kompleksnih intelektualnih nalogah.<\/p>\r\n\r\n\r\n\r\n<p>Nadalje, v 2010-ih letih umetna inteligenca vstopa v fazo ekspanzije zahvaljujo\u010d razvoju <strong>nevronskih mre\u017e<\/strong> in <strong>globokega u\u010denja<\/strong>. Te tehnologije omogo\u010dajo ra\u010dunalnikom, da analizirajo ogromne koli\u010dine podatkov in sprejemajo sklepe z neverjetno natan\u010dnostjo, kar je privedlo do uporabe UI na mnogih podro\u010djih, vklju\u010dno z zdravstvom, ekonomijo, avtonomnimi vozili in mnogimi drugimi industrijami.<\/p>\r\n\r\n\r\n\r\n<h2 class=\"wp-block-heading\"><span class=\"ez-toc-section\" id=\"Umetna_inteligenca_danes\"><\/span>Umetna inteligenca danes<span class=\"ez-toc-section-end\"><\/span><\/h2>\r\n\r\n\r\n\r\n<p>Danes je umetna inteligenca vseobsegajo\u010da. Njene aplikacije lahko vidimo v vsakdanjem \u017eivljenju \u2013 od <strong>glasovnih asistentov<\/strong>, kot sta Alexa in Google Assistant, do <strong>avtonomnih vozil<\/strong> in naprednih sistemov za <strong>obdelavo podatkov<\/strong>. UI je postal tudi klju\u010dno orodje v medicini, kjer pomaga pri diagnosticiranju bolezni, ter v financah, kjer se uporablja za analizo tr\u017enih trendov. Razli\u010dne <a href=\"https:\/\/aisvijet.com\/si\/vrste-umetne-inteligence\/\">vrste umetne inteligence<\/a> prina\u0161ajo specifi\u010dne koristi glede na industrijo.<\/p>\r\n\r\n\r\n\r\n<p>Kot ka\u017ee zgodovina, umetna inteligenca ni samo tehnologija prihodnosti \u2013 \u017ee zdaj je globoko integrirana v na\u0161o dru\u017ebo, njen nadaljnji razvoj pa ne preneha fascinirati znanstvenike, raziskovalce in tehnolo\u0161ke navdu\u0161ence po vsem svetu.<\/p>\r\n\r\n\r\n\r\n<h2 class=\"wp-block-heading\"><span class=\"ez-toc-section\" id=\"Zakljucek\"><\/span>Zaklju\u010dek<span class=\"ez-toc-section-end\"><\/span><\/h2>\r\n\r\n\r\n\r\n<p>Zgodovina umetne inteligence ka\u017ee, kako so \u010dlove\u0161ke te\u017enje po ustvarjanju strojev, ki lahko razmi\u0161ljajo, se u\u010dijo in sprejemajo odlo\u010ditve, evoluirale skozi desetletja. Od prvih matemati\u010dnih modelov nevronskih mre\u017e do sodobnih aplikacij <strong>globokega u\u010denja<\/strong> in <strong>avtonomnih sistemov<\/strong>, je umetna inteligenca prehodila dolgo pot in postala klju\u010dni dejavnik v mnogih panogah. Glede na trenutno hitrost razvoja lahko pri\u010dakujemo \u0161e pomembnej\u0161e spremembe v prihodnosti, vklju\u010dno z razvojem <strong>splo\u0161ne<\/strong> in <strong>superinteligence<\/strong>.<\/p>\r\n\r\n\r\n\r\n<p>Umetna inteligenca ni samo tehnologija prihodnosti; \u017ee zdaj globoko vpliva na na\u0161e vsakdanje \u017eivljenje in industrije ter bo \u0161e naprej oblikovala na\u010din, kako delamo, komuniciramo in \u017eivimo v prihodnjih letih.<\/p>\r\n\r\n\r\n\r\n<h2 class=\"wp-block-heading\"><span class=\"ez-toc-section\" id=\"FAQ_Pogosto_zastavljena_vprasanja\"><\/span>FAQ (Pogosto zastavljena vpra\u0161anja)<span class=\"ez-toc-section-end\"><\/span><\/h2>\r\n<div id=\"rank-math-rich-snippet-wrapper\"><div id=\"rank-math-faq\" class=\"rank-math-block\">\n<div class=\"rank-math-list \">\n<div id=\"faq-1\" class=\"rank-math-list-item\">\n<h3 class=\"rank-math-question \"><span class=\"ez-toc-section\" id=\"1_Kada_je_zapoceo_razvoj_umjetne_inteligencije\"><\/span>1. Kada je zapo\u010deo razvoj umjetne inteligencije?<span class=\"ez-toc-section-end\"><\/span><\/h3>\n<div class=\"rank-math-answer \">\n\n<p>Razvoj umjetne inteligencije slu\u017ebeno je zapo\u010deo 1956. godine na Dartmouth konferenciji, kada je umjetna inteligencija definirana kao znanstvena disciplina.<\/p>\n\n<\/div>\n<\/div>\n<div id=\"faq-2\" class=\"rank-math-list-item\">\n<h3 class=\"rank-math-question \"><span class=\"ez-toc-section\" id=\"2_Koji_je_najvazniji_dogadaj_u_ranoj_povijesti_AI-a\"><\/span>2. Koji je najva\u017eniji doga\u0111aj u ranoj povijesti AI-a?<span class=\"ez-toc-section-end\"><\/span><\/h3>\n<div class=\"rank-math-answer \">\n\n<p>Jedan od najva\u017enijih trenutaka bio je razvoj Turingovog testa 1950. godine, kojim je Alan Turing postavio standard za procjenu sposobnosti strojeva da opona\u0161aju ljudsko pona\u0161anje.<\/p>\n\n<\/div>\n<\/div>\n<div id=\"faq-3\" class=\"rank-math-list-item\">\n<h3 class=\"rank-math-question \"><span class=\"ez-toc-section\" id=\"3_Sto_je_%E2%80%9CAI_zima%E2%80%9D\"><\/span>3. \u0160to je &#8220;AI zima&#8221;?<span class=\"ez-toc-section-end\"><\/span><\/h3>\n<div class=\"rank-math-answer \">\n\n<p>\"AI zima\" je razdoblje tijekom 1980-ih i 1990-ih kada je interes za umjetnu inteligenciju opao zbog ograni\u010denih ra\u010dunalnih resursa i nedovoljne u\u010dinkovitosti algoritama, \u0161to je rezultiralo smanjenim financiranjem i istra\u017eivanjem.<\/p>\n\n<\/div>\n<\/div>\n<div id=\"faq-4\" class=\"rank-math-list-item\">\n<h3 class=\"rank-math-question \"><span class=\"ez-toc-section\" id=\"4_Koji_je_bio_prekretnica_u_povijesti_AI-a\"><\/span>4. Koji je bio prekretnica u povijesti AI-a?<span class=\"ez-toc-section-end\"><\/span><\/h3>\n<div class=\"rank-math-answer \">\n\n<p>Prekretnica se dogodila 1997. godine kada je IBM-ov Deep Blue pobijedio svjetskog \u0161ahovskog prvaka Garryja Kasparova, \u0161to je dokazalo sposobnost AI-a u slo\u017eenim intelektualnim zadacima.<\/p>\n\n<\/div>\n<\/div>\n<div id=\"faq-5\" class=\"rank-math-list-item\">\n<h3 class=\"rank-math-question \"><span class=\"ez-toc-section\" id=\"5_Kako_se_umjetna_inteligencija_koristi_danas\"><\/span>5. Kako se umjetna inteligencija koristi danas?<span class=\"ez-toc-section-end\"><\/span><\/h3>\n<div class=\"rank-math-answer \">\n\n<p>Danas se primjena umjetne inteligencije mo\u017ee vidjeti u raznim industrijama, uklju\u010duju\u0107i zdravstvo, financije, autonomna vozila, obradu podataka, glasovne asistente i mnogo vi\u0161e.<\/p>\n\n<\/div>\n<\/div>\n<div id=\"faq-6\" class=\"rank-math-list-item\">\n<h3 class=\"rank-math-question \"><span class=\"ez-toc-section\" id=\"6_Sto_ocekujemo_od_buducnosti_umjetne_inteligencije\"><\/span>6. \u0160to o\u010dekujemo od budu\u0107nosti umjetne inteligencije?<span class=\"ez-toc-section-end\"><\/span><\/h3>\n<div class=\"rank-math-answer \">\n\n<p>O\u010dekuje se daljnji napredak u razvoju op\u0107e umjetne inteligencije (OUI) koja bi mogla obavljati \u0161irok spektar zadataka nalik ljudskoj inteligenciji, kao i daljnji razvoj superumjetne inteligencije (SUI) koja bi mogla nadma\u0161iti ljudsku inteligenciju.<\/p>\n\n<\/div>\n<\/div>\n<\/div>\n<\/div><\/div>\r\n","protected":false},"excerpt":{"rendered":"<p>Umetna inteligenca (UI) ni le sodoben tehnolo\u0161ki trend \u2013 njene korenine segajo desetletja nazaj, njen razvoj pa zaznamujejo veliki preboji v znanosti, tehnologiji in filozofiji. Skozi zgodovino je \u010dlove\u0161ka \u017eelja po ustvarjanju inteligentnih strojev in avtomatov postajala vse bolj izrazita, kar je privedlo do nastanka tega, kar danes imenujemo umetna inteligenca. Kratek pregled zgodovine umetne&hellip;&nbsp;<a href=\"https:\/\/aisvijet.com\/si\/zgodovina-umetne-inteligence\/\" rel=\"bookmark\">Preberi ve\u010d &raquo;<span class=\"screen-reader-text\">Zgodovina umetne inteligence<\/span><\/a><\/p>\n","protected":false},"author":15,"featured_media":1307,"parent":0,"menu_order":0,"comment_status":"closed","ping_status":"closed","template":"","meta":{"neve_meta_sidebar":"","neve_meta_container":"","neve_meta_enable_content_width":"off","neve_meta_content_width":100,"neve_meta_title_alignment":"","neve_meta_author_avatar":"","neve_post_elements_order":"","neve_meta_disable_header":"","neve_meta_disable_footer":"","neve_meta_disable_title":"","_themeisle_gutenberg_block_has_review":false,"footnotes":""},"class_list":["post-1286","page","type-page","status-publish","has-post-thumbnail","hentry"],"_links":{"self":[{"href":"https:\/\/aisvijet.com\/si\/wp-json\/wp\/v2\/pages\/1286","targetHints":{"allow":["GET"]}}],"collection":[{"href":"https:\/\/aisvijet.com\/si\/wp-json\/wp\/v2\/pages"}],"about":[{"href":"https:\/\/aisvijet.com\/si\/wp-json\/wp\/v2\/types\/page"}],"author":[{"embeddable":true,"href":"https:\/\/aisvijet.com\/si\/wp-json\/wp\/v2\/users\/15"}],"replies":[{"embeddable":true,"href":"https:\/\/aisvijet.com\/si\/wp-json\/wp\/v2\/comments?post=1286"}],"version-history":[{"count":24,"href":"https:\/\/aisvijet.com\/si\/wp-json\/wp\/v2\/pages\/1286\/revisions"}],"predecessor-version":[{"id":2277,"href":"https:\/\/aisvijet.com\/si\/wp-json\/wp\/v2\/pages\/1286\/revisions\/2277"}],"wp:featuredmedia":[{"embeddable":true,"href":"https:\/\/aisvijet.com\/si\/wp-json\/wp\/v2\/media\/1307"}],"wp:attachment":[{"href":"https:\/\/aisvijet.com\/si\/wp-json\/wp\/v2\/media?parent=1286"}],"curies":[{"name":"wp","href":"https:\/\/api.w.org\/{rel}","templated":true}]}}