{"id":1347,"date":"2024-09-09T02:37:04","date_gmt":"2024-09-09T00:37:04","guid":{"rendered":"https:\/\/aisvijet.com\/si\/?page_id=1347"},"modified":"2025-10-15T20:28:08","modified_gmt":"2025-10-15T18:28:08","slug":"umetna-inteligenca-v-gospodarstvu","status":"publish","type":"page","link":"https:\/\/aisvijet.com\/si\/uporaba\/umetna-inteligenca-v-gospodarstvu\/","title":{"rendered":"Umetna inteligenca v gospodarstvu"},"content":{"rendered":"<p>Umetna inteligenca v ekonomiji predstavlja tehnolo\u0161ko revolucijo, ki preoblikuje na\u010din delovanja finan\u010dnih sistemov, poslovnih procesov in trgov. Z uporabo naprednih algoritmov, strojnega u\u010denja in drugih UI tehnologij lahko podjetja zdaj hitreje in natan\u010dneje analizirajo velike koli\u010dine podatkov, napovedujejo gospodarske trende in sprejemajo bolj\u0161e poslovne odlo\u010ditve. To postavlja novo paradigmo v poslovnem svetu, kjer uporaba umetne inteligence pomaga pri izbolj\u0161anju u\u010dinkovit\u043e\u0441\u0442\u0438 in produktivnosti.<\/p>\n<p>Najpomembnej\u0161e pri razumevanju tega je <strong><a href=\"https:\/\/aisvijet.com\/si\/kaj-je-umetna-inteligenca\/\">kaj sploh je umetna inteligenca<\/a>?<\/strong> Gre za sisteme, ki uporabljajo podatke, prepoznavajo vzorce in sprejemajo odlo\u010ditve z minimalno \u010dlove\u0161ko intervencijo. V kontekstu ekonomije umetna inteligenca omogo\u010da podjetjem, da optimizirajo procese, zmanj\u0161ajo stro\u0161ke in izbolj\u0161ajo uporabni\u0161ko izku\u0161njo, kar vse neposredno prispeva k poslovni rasti in razvoju.<\/p>\n<div id=\"ez-toc-container\" class=\"ez-toc-v2_0_82_2 counter-hierarchy ez-toc-counter ez-toc-light-blue ez-toc-container-direction\">\n<div class=\"ez-toc-title-container\">\n<p class=\"ez-toc-title\" style=\"cursor:inherit\">Vsebina<\/p>\n<span class=\"ez-toc-title-toggle\"><a href=\"#\" class=\"ez-toc-pull-right ez-toc-btn ez-toc-btn-xs ez-toc-btn-default ez-toc-toggle\" aria-label=\"Toggle Table of Content\"><span class=\"ez-toc-js-icon-con\"><span class=\"\"><span class=\"eztoc-hide\" style=\"display:none;\">Toggle<\/span><span class=\"ez-toc-icon-toggle-span\"><svg style=\"fill: #999;color:#999\" xmlns=\"http:\/\/www.w3.org\/2000\/svg\" class=\"list-377408\" width=\"20px\" height=\"20px\" viewBox=\"0 0 24 24\" fill=\"none\"><path d=\"M6 6H4v2h2V6zm14 0H8v2h12V6zM4 11h2v2H4v-2zm16 0H8v2h12v-2zM4 16h2v2H4v-2zm16 0H8v2h12v-2z\" fill=\"currentColor\"><\/path><\/svg><svg style=\"fill: #999;color:#999\" class=\"arrow-unsorted-368013\" xmlns=\"http:\/\/www.w3.org\/2000\/svg\" width=\"10px\" height=\"10px\" viewBox=\"0 0 24 24\" version=\"1.2\" baseProfile=\"tiny\"><path d=\"M18.2 9.3l-6.2-6.3-6.2 6.3c-.2.2-.3.4-.3.7s.1.5.3.7c.2.2.4.3.7.3h11c.3 0 .5-.1.7-.3.2-.2.3-.5.3-.7s-.1-.5-.3-.7zM5.8 14.7l6.2 6.3 6.2-6.3c.2-.2.3-.5.3-.7s-.1-.5-.3-.7c-.2-.2-.4-.3-.7-.3h-11c-.3 0-.5.1-.7.3-.2.2-.3.5-.3.7s.1.5.3.7z\"\/><\/svg><\/span><\/span><\/span><\/a><\/span><\/div>\n<nav><ul class='ez-toc-list ez-toc-list-level-1 eztoc-toggle-hide-by-default' ><li class='ez-toc-page-1 ez-toc-heading-level-2'><a class=\"ez-toc-link ez-toc-heading-1\" href=\"https:\/\/aisvijet.com\/si\/uporaba\/umetna-inteligenca-v-gospodarstvu\/#Kako_deluje_umetna_inteligenca_v_ekonomiji\">Kako deluje umetna inteligenca v ekonomiji?<\/a><\/li><li class='ez-toc-page-1 ez-toc-heading-level-2'><a class=\"ez-toc-link ez-toc-heading-2\" href=\"https:\/\/aisvijet.com\/si\/uporaba\/umetna-inteligenca-v-gospodarstvu\/#Primeri_uporabe_umetne_inteligence_v_ekonomiji\">Primeri uporabe umetne inteligence v ekonomiji<\/a><ul class='ez-toc-list-level-3' ><li class='ez-toc-heading-level-3'><a class=\"ez-toc-link ez-toc-heading-3\" href=\"https:\/\/aisvijet.com\/si\/uporaba\/umetna-inteligenca-v-gospodarstvu\/#Primer_1_Algoritmicno_trgovanje\">Primer 1: Algoritmi\u010dno trgovanje<\/a><\/li><li class='ez-toc-page-1 ez-toc-heading-level-3'><a class=\"ez-toc-link ez-toc-heading-4\" href=\"https:\/\/aisvijet.com\/si\/uporaba\/umetna-inteligenca-v-gospodarstvu\/#Primer_2_Ocena_kreditnega_tveganja\">Primer 2: Ocena kreditnega tveganja<\/a><\/li><li class='ez-toc-page-1 ez-toc-heading-level-3'><a class=\"ez-toc-link ez-toc-heading-5\" href=\"https:\/\/aisvijet.com\/si\/uporaba\/umetna-inteligenca-v-gospodarstvu\/#Primer_3_Trzenjska_avtomatizacija\">Primer 3: Tr\u017eenjska avtomatizacija<\/a><\/li><li class='ez-toc-page-1 ez-toc-heading-level-3'><a class=\"ez-toc-link ez-toc-heading-6\" href=\"https:\/\/aisvijet.com\/si\/uporaba\/umetna-inteligenca-v-gospodarstvu\/#Primer_4_Upravljanje_zalog\">Primer 4: Upravljanje zalog<\/a><\/li><\/ul><\/li><li class='ez-toc-page-1 ez-toc-heading-level-2'><a class=\"ez-toc-link ez-toc-heading-7\" href=\"https:\/\/aisvijet.com\/si\/uporaba\/umetna-inteligenca-v-gospodarstvu\/#Prednosti_uporabe_umetne_inteligence_v_ekonomiji\">Prednosti uporabe umetne inteligence v ekonomiji<\/a><\/li><li class='ez-toc-page-1 ez-toc-heading-level-2'><a class=\"ez-toc-link ez-toc-heading-8\" href=\"https:\/\/aisvijet.com\/si\/uporaba\/umetna-inteligenca-v-gospodarstvu\/#Vpliv_umetne_inteligence_na_delovno_silo_v_ekonomiji\">Vpliv umetne inteligence na delovno silo v ekonomiji<\/a><\/li><li class='ez-toc-page-1 ez-toc-heading-level-2'><a class=\"ez-toc-link ez-toc-heading-9\" href=\"https:\/\/aisvijet.com\/si\/uporaba\/umetna-inteligenca-v-gospodarstvu\/#Izzivi_in_omejitve_uporabe_umetne_inteligence_v_ekonomiji\">Izzivi in omejitve uporabe umetne inteligence v ekonomiji<\/a><\/li><li class='ez-toc-page-1 ez-toc-heading-level-2'><a class=\"ez-toc-link ez-toc-heading-10\" href=\"https:\/\/aisvijet.com\/si\/uporaba\/umetna-inteligenca-v-gospodarstvu\/#Pravne_in_eticne_implikacije_umetne_inteligence_v_ekonomiji\">Pravne in eti\u010dne implikacije umetne inteligence v ekonomiji<\/a><\/li><li class='ez-toc-page-1 ez-toc-heading-level-2'><a class=\"ez-toc-link ez-toc-heading-11\" href=\"https:\/\/aisvijet.com\/si\/uporaba\/umetna-inteligenca-v-gospodarstvu\/#Kljucne_tehnologije_ki_poganjajo_umetno_inteligenco_v_ekonomiji\">Klju\u010dne tehnologije, ki poganjajo umetno inteligenco v ekonomiji<\/a><\/li><li class='ez-toc-page-1 ez-toc-heading-level-2'><a class=\"ez-toc-link ez-toc-heading-12\" href=\"https:\/\/aisvijet.com\/si\/uporaba\/umetna-inteligenca-v-gospodarstvu\/#Prihodnost_umetne_inteligence_v_ekonomiji\">Prihodnost umetne inteligence v ekonomiji<\/a><\/li><li class='ez-toc-page-1 ez-toc-heading-level-2'><a class=\"ez-toc-link ez-toc-heading-13\" href=\"https:\/\/aisvijet.com\/si\/uporaba\/umetna-inteligenca-v-gospodarstvu\/#Zakljucek\">Zaklju\u010dek<\/a><\/li><\/ul><\/nav><\/div>\n\n<h2><span class=\"ez-toc-section\" id=\"Kako_deluje_umetna_inteligenca_v_ekonomiji\"><\/span>Kako deluje umetna inteligenca v ekonomiji?<span class=\"ez-toc-section-end\"><\/span><\/h2>\n<p>Umetna inteligenca v ekonomiji deluje z uporabo sofisticiranih algoritmov za analizo podatkov. Finan\u010dni sistemi se zana\u0161ajo na ogromne koli\u010dine informacij, ki jih UI lahko obdela veliko hitreje in natan\u010dneje kot ljudje. Z uporabo tehnik strojnega u\u010denja lahko umetna inteligenca napoveduje spremembe na trgu, nihanja cen in celo gospodarske krize, kar omogo\u010da podjetjem in investitorjem sprejemanje strate\u0161kih odlo\u010ditev na podlagi podatkov, ne intuicije.<\/p>\n<p><img loading=\"lazy\" decoding=\"async\" class=\"aligncenter wp-image-1403 size-full\" src=\"https:\/\/aisvijet.com\/si\/wp-content\/uploads\/sites\/5\/2024\/09\/Funkcija-umjetna-inteligencija-u-ekonomiji.jpg\" alt=\"Funkcija umjetna inteligencija u ekonomiji\" width=\"1000\" height=\"617\" srcset=\"https:\/\/aisvijet.com\/si\/wp-content\/uploads\/sites\/5\/2024\/09\/Funkcija-umjetna-inteligencija-u-ekonomiji.jpg 1000w, https:\/\/aisvijet.com\/si\/wp-content\/uploads\/sites\/5\/2024\/09\/Funkcija-umjetna-inteligencija-u-ekonomiji-300x185.jpg 300w, https:\/\/aisvijet.com\/si\/wp-content\/uploads\/sites\/5\/2024\/09\/Funkcija-umjetna-inteligencija-u-ekonomiji-768x474.jpg 768w\" sizes=\"auto, (max-width: 1000px) 100vw, 1000px\" \/><\/p>\n<p>Na primer, UI se uporablja pri trgovanju na borzi s pomo\u010djo t.i. &#8220;<a href=\"https:\/\/admiralmarkets.com\/hr\/education\/articles\/automated-trading\/vodic-algoritamske-trgovine\" rel=\"noopener\">algoritmi\u010dnega trgovanja<\/a>&#8220;, kjer sistemi analizirajo zgodovinske podatke in <strong>sledijo trendom v realnem \u010dasu<\/strong>, da bi sprejemali odlo\u010ditve o nakupu ali prodaji delnic. Ti sistemi so sposobni procesirati na tiso\u010de transakcij v sekundi, kar je nemogo\u010de dose\u010di s \u010dlove\u0161ko intervencijo.<\/p>\n<p>Poleg tega je umetna inteligenca klju\u010dna pri analizi vedenja potro\u0161nikov. <strong>Z uporabo podatkov iz razli\u010dnih virov<\/strong> UI pomaga podjetjem, da bolje razumejo svoje stranke, predvidijo njihove potrebe in optimizirajo tr\u017eenjske kampanje. Ta vrsta optimizacije poslovanja lahko privede do vi\u0161jih stopenj konverzije in ve\u010djih prihodkov.<\/p>\n<h2><span class=\"ez-toc-section\" id=\"Primeri_uporabe_umetne_inteligence_v_ekonomiji\"><\/span>Primeri uporabe umetne inteligence v ekonomiji<span class=\"ez-toc-section-end\"><\/span><\/h2>\n<p>Obstaja veliko primerov, kjer umetna inteligenca v ekonomiji \u017ee zdaj ima pomemben vpliv. Z razli\u010dnimi aplikacijami v financah, trgovanju in analizi trga <strong>UI dokazuje svojo vrednost kot orodje za izbolj\u0161anje poslovanja.<\/strong><\/p>\n<div class=\"su-note\"  style=\"border-color:#9eadc6;border-radius:3px;-moz-border-radius:3px;-webkit-border-radius:3px;\"><div class=\"su-note-inner su-u-clearfix su-u-trim\" style=\"background-color:#b8c7e0;border-color:#ffffff;color:#333333;border-radius:3px;-moz-border-radius:3px;-webkit-border-radius:3px;\">\n<div class=\"su-row\"><div class=\"su-column su-column-size-1-2\"><div class=\"su-column-inner su-u-clearfix su-u-trim\">\n<h3><span class=\"ez-toc-section\" id=\"Primer_1_Algoritmicno_trgovanje\"><\/span>Primer 1: Algoritmi\u010dno trgovanje<span class=\"ez-toc-section-end\"><\/span><\/h3>\n<p>Eden najbolj znanih primerov uporabe umetne inteligence v ekonomiji je algoritmi\u010dno trgovanje na borzi. Z uporabo UI sistemov lahko posredniki in investitorji analizirajo ogromne koli\u010dine podatkov v realnem \u010dasu ter sprejemajo odlo\u010ditve o trgovanju, ki temeljijo na napovedih UI algoritmov. Ti sistemi so sposobni analizirati zgodovinske podatke, spremljati trenutne tr\u017ene razmere in sprejemati avtomatske odlo\u010ditve o trgovanju, kar zmanj\u0161uje tveganje \u010dlove\u0161kih napak.<\/p>\n<\/div><\/div> <div class=\"su-column su-column-size-1-2\"><div class=\"su-column-inner su-u-clearfix su-u-trim\">\n<h3><span class=\"ez-toc-section\" id=\"Primer_2_Ocena_kreditnega_tveganja\"><\/span>Primer 2: Ocena kreditnega tveganja<span class=\"ez-toc-section-end\"><\/span><\/h3>\n<p>Banke in finan\u010dne institucije vse pogosteje uporabljajo umetno inteligenco za ocenjevanje kreditnega tveganja svojih strank. Z uporabo podatkov o kreditni zgodovini, vzorcih pla\u010devanja in demografskih dejavnikih lahko UI algoritmi natan\u010dno dolo\u010dijo verjetnost, da stranka ne bo mogla odpla\u010dati kredita. Ta tehnologija omogo\u010da bankam, da sprejemajo informirane odlo\u010ditve in zmanj\u0161ajo tveganje slabih posojil.<\/p>\n<\/div><\/div><\/div>\n<div class=\"su-row\"><div class=\"su-column su-column-size-1-2\"><div class=\"su-column-inner su-u-clearfix su-u-trim\">\n<h3><span class=\"ez-toc-section\" id=\"Primer_3_Trzenjska_avtomatizacija\"><\/span>Primer 3: Tr\u017eenjska avtomatizacija<span class=\"ez-toc-section-end\"><\/span><\/h3>\n<p>Umetna inteligenca v ekonomiji se uporablja tudi za avtomatizacijo tr\u017eenjskih aktivnosti. Z uporabo UI orodij lahko podjetja analizirajo vedenje uporabnikov na spletu, prilagodijo ogla\u0161evanje interesom potro\u0161nikov ter ustvarijo personalizirane tr\u017eenjske kampanje. Na primer, UI lahko prepozna vzorce v vedenju kupcev in napove, kaj jih bo motiviralo k nakupu, s \u010dimer se optimizira celoten tr\u017eenjski proces.<\/p>\n<\/div><\/div> <div class=\"su-column su-column-size-1-2\"><div class=\"su-column-inner su-u-clearfix su-u-trim\">\n<h3><span class=\"ez-toc-section\" id=\"Primer_4_Upravljanje_zalog\"><\/span>Primer 4: Upravljanje zalog<span class=\"ez-toc-section-end\"><\/span><\/h3>\n<p>\u0160e en pomemben primer uporabe umetne inteligence v ekonomiji je upravljanje zalog. UI algoritmi lahko analizirajo prodajne podatke in napovedujejo prihodnje potrebe po zalogah, s \u010dimer zmanj\u0161ujejo nepotrebne stro\u0161ke skladi\u0161\u010denja ter optimizirajo nabavne procese. Ta tehnologija omogo\u010da podjetjem, da ohranjajo optimalne zaloge in hitro odgovorijo na spremembe v povpra\u0161evanju.<\/p>\n<\/div><\/div><\/div>\n<\/div><\/div>\n<h2><span class=\"ez-toc-section\" id=\"Prednosti_uporabe_umetne_inteligence_v_ekonomiji\"><\/span>Prednosti uporabe umetne inteligence v ekonomiji<span class=\"ez-toc-section-end\"><\/span><\/h2>\n<p>Umetna inteligenca prina\u0161a \u0161tevilne prednosti v gospodarski sektor, saj podjetjem omogo\u010da izbolj\u0161anje u\u010dinkovitosti in optimizacijo poslovnih procesov. Z uporabo UI orodij <strong>lahko podjetja analizirajo velike koli\u010dine podatkov v realnem \u010dasu<\/strong>, kar omogo\u010da sprejemanje informiranih odlo\u010ditev in natan\u010dne napovedi prihodnjih tr\u017enih gibanj. Ta hitrost in natan\u010dnost zagotavljata podjetjem konkuren\u010dno prednost, zmanj\u0161ujeta tveganje slabih poslovnih odlo\u010ditev ter jim omogo\u010data u\u010dinkovitej\u0161e upravljanje virov.<\/p>\n<p>Poleg tega uporaba umetne inteligence pomaga pri zmanj\u0161evanju operativnih stro\u0161kov z avtomatizacijo nalog, kot so analiza podatkov, upravljanje zalog in pomo\u010d strankam. UI prav tako izbolj\u0161uje personalizacijo uporabni\u0161ke izku\u0161nje, kar neposredno prispeva k pove\u010danju zadovoljstva kupcev in zvestobe. Umetna inteligenca tako postaja klju\u010dni dejavnik v razvoju sodobnih gospodarskih strategij, <strong>kar podjetjem omogo\u010da prilagajanje hitrim spremembam na trgu.<\/strong><\/p>\n<div class=\"su-note\"  style=\"border-color:#9eadc6;border-radius:3px;-moz-border-radius:3px;-webkit-border-radius:3px;\"><div class=\"su-note-inner su-u-clearfix su-u-trim\" style=\"background-color:#b8c7e0;border-color:#ffffff;color:#333333;border-radius:3px;-moz-border-radius:3px;-webkit-border-radius:3px;\">\n<div class=\"su-row\"><div class=\"su-column su-column-size-1-2\"><div class=\"su-column-inner su-u-clearfix su-u-trim\">\n<p><strong>Prednosti umetne inteligence v ekonomiji<\/strong><\/p>\n<div class=\"su-list\" style=\"margin-left:0px\">\n<ul>\n<li><i class=\"sui sui-check-circle-o\" style=\"color:#2fa317\"><\/i> Hitrej\u0161a in natan\u010dnej\u0161a analiza podatkov<\/li>\n<li><i class=\"sui sui-check-circle-o\" style=\"color:#2fa317\"><\/i> Izbolj\u0161ana produktivnost in u\u010dinkovitost poslovanja<\/li>\n<li><i class=\"sui sui-check-circle-o\" style=\"color:#2fa317\"><\/i> Zni\u017eanje operativnih stro\u0161kov z avtomatizacijo procesov<\/li>\n<li><i class=\"sui sui-check-circle-o\" style=\"color:#2fa317\"><\/i> Optimizacija tr\u017eenjskih kampanj in personalizacija uporabni\u0161ke izku\u0161nje<\/li>\n<li><i class=\"sui sui-check-circle-o\" style=\"color:#2fa317\"><\/i> Natan\u010dna napoved tr\u017enih trendov in vedenja potro\u0161nikov<\/li>\n<\/ul>\n<\/div><\/div><\/div> <div class=\"su-column su-column-size-1-2\"><div class=\"su-column-inner su-u-clearfix su-u-trim\">\n<p><strong>Slabosti umetne inteligence v ekonomiji<\/strong><\/p>\n<div class=\"su-list\" style=\"margin-left:0px\">\n<ul>\n<li><i class=\"sui sui-remove\" style=\"color:#e31f28\"><\/i> Odvisnost od velikih koli\u010din podatkov, ki so lahko slabe kakovosti<\/li>\n<li><i class=\"sui sui-remove\" style=\"color:#e31f28\"><\/i> Potencialna izguba delovnih mest zaradi avtomatizacije<\/li>\n<li><i class=\"sui sui-remove\" style=\"color:#e31f28\"><\/i> Visoki stro\u0161ki implementacije in vzdr\u017eevanja UI tehnologij<\/li>\n<li><i class=\"sui sui-remove\" style=\"color:#e31f28\"><\/i> Eti\u010dni in pravni izzivi v zvezi z zasebnostjo in varnostjo podatkov<\/li>\n<\/ul>\n<\/div><\/div><\/div><\/div>\n<\/div><\/div>\n<h2><span class=\"ez-toc-section\" id=\"Vpliv_umetne_inteligence_na_delovno_silo_v_ekonomiji\"><\/span>Vpliv umetne inteligence na delovno silo v ekonomiji<span class=\"ez-toc-section-end\"><\/span><\/h2>\n<p>Umetna inteligenca v ekonomiji ima pomemben vpliv na delovno silo. Avtomatizacija \u0161tevilnih procesov, kot so <strong>analitika, pomo\u010d strankam in logistika<\/strong>, zmanj\u0161uje potrebo po \u010dlove\u0161kemu delu v dolo\u010denih sektorjih. Vendar pa ta tehnolo\u0161ki napredek odpira nova delovna mesta na podro\u010dju razvoja in upravljanja UI tehnologij. \u010ceprav bi nekatera delovna mesta lahko postala odve\u010d, umetna inteligenca omogo\u010da ustvarjanje prilo\u017enosti za delo v novih panogah in disciplinah.<\/p>\n<p><img loading=\"lazy\" decoding=\"async\" class=\"aligncenter wp-image-1405 size-full\" src=\"https:\/\/aisvijet.com\/si\/wp-content\/uploads\/sites\/5\/2024\/09\/Uticaj-umjetne-inteligencije-u-ekonomiji.jpg\" alt=\"Uticaj umjetne inteligencije u ekonomiji\" width=\"1000\" height=\"561\" srcset=\"https:\/\/aisvijet.com\/si\/wp-content\/uploads\/sites\/5\/2024\/09\/Uticaj-umjetne-inteligencije-u-ekonomiji.jpg 1000w, https:\/\/aisvijet.com\/si\/wp-content\/uploads\/sites\/5\/2024\/09\/Uticaj-umjetne-inteligencije-u-ekonomiji-300x168.jpg 300w, https:\/\/aisvijet.com\/si\/wp-content\/uploads\/sites\/5\/2024\/09\/Uticaj-umjetne-inteligencije-u-ekonomiji-768x431.jpg 768w\" sizes=\"auto, (max-width: 1000px) 100vw, 1000px\" \/><\/p>\n<p>Vloga \u010dlove\u0161kega faktorja ne bo izginila, vendar se bo bistveno spremenila. Dela, ki zahtevajo kompleksno razmi\u0161ljanje, ustvarjalnost in \u010dustveno inteligenco, bodo \u0161e naprej zahtevala \u010dlove\u0161ko prisotnost, medtem ko bo UI prevzemala rutinske in ponavljajo\u010de se naloge. Ta sprememba zahteva prilagajanje in nenehno izobra\u017eevanje zaposlenih, da se prilagodijo novi eri gospodarstva, ki ga poganja tehnologija.<\/p>\n<h2><span class=\"ez-toc-section\" id=\"Izzivi_in_omejitve_uporabe_umetne_inteligence_v_ekonomiji\"><\/span>Izzivi in omejitve uporabe umetne inteligence v ekonomiji<span class=\"ez-toc-section-end\"><\/span><\/h2>\n<p>Ne glede na vse prednosti obstajajo tudi izzivi in omejitve pri uporabi umetne inteligence v ekonomiji. Prvi in najpomembnej\u0161i izziv se nana\u0161a na <strong>razpolo\u017eljivost in kakovost podatkov<\/strong>. UI algoritmi se zana\u0161ajo na velike koli\u010dine podatkov za u\u010dinkovitost, vendar slabi ali nezadostni podatki lahko privedejo do napa\u010dnih napovedi.<\/p>\n<p>Poleg tega sta zasebnost in varnost podatkov pomembni vpra\u0161anji. Podjetja morajo skrbno upravljati ob\u010dutljive informacije ter zagotoviti, da so podatki za\u0161\u010diteni pred nepoobla\u0161\u010denim dostopom in zlorabo. Prav tako se zakonodaja, ki ureja uporabo umetne inteligence v ekonomiji, \u0161e razvija, kar lahko ustvari pravne in eti\u010dne izzive. Ko pogledamo <a href=\"https:\/\/aisvijet.com\/si\/zgodovina-umetne-inteligence\/\">zgodovino umetne inteligence<\/a>, je jasno, da so se ti izzivi postavljali \u017ee od samih za\u010detkov razvoja UI tehnologij, njihova re\u0161itev pa postaja vse bolj nujna glede na nara\u0161\u010dajo\u010do uporabo v ekonomiji.<\/p>\n<h2><span class=\"ez-toc-section\" id=\"Pravne_in_eticne_implikacije_umetne_inteligence_v_ekonomiji\"><\/span>Pravne in eti\u010dne implikacije umetne inteligence v ekonomiji<span class=\"ez-toc-section-end\"><\/span><\/h2>\n<p>Eno klju\u010dnih vpra\u0161anj uporabe umetne inteligence v ekonomiji <strong>se nana\u0161a na pravne in eti\u010dne izzive<\/strong>. Ker podjetja uporabljajo vse ve\u010d podatkov o uporabnikih in trgih, se postavlja vpra\u0161anje zasebnosti in varstva podatkov. Predpisi, kot je GDPR v Evropi, zagotavljajo pravni okvir za za\u0161\u010dito podatkov, vendar \u0161e vedno obstaja veliko neodgovorjenih vpra\u0161anj o eti\u010dnih vidikih uporabe UI v poslovanju.<\/p>\n<p>Poleg tega uporaba umetne inteligence postavlja vpra\u0161anja o odgovornosti. \u010ce UI sprejme napa\u010dno odlo\u010ditev, kdo je odgovoren? Ko tehnologije napredujejo, bo potrebno razviti jasne pravne okvire, ki bodo urejali uporabo umetne inteligence v razli\u010dnih panogah, vklju\u010dno z ekonomijo.<\/p>\n<h2><span class=\"ez-toc-section\" id=\"Kljucne_tehnologije_ki_poganjajo_umetno_inteligenco_v_ekonomiji\"><\/span>Klju\u010dne tehnologije, ki poganjajo umetno inteligenco v ekonomiji<span class=\"ez-toc-section-end\"><\/span><\/h2>\n<p>Klju\u010dne tehnologije, ki omogo\u010dajo napredek umetne inteligence v ekonomiji, vklju\u010dujejo <a href=\"https:\/\/aisvijet.com\/si\/vrste-umetne-inteligence\/\">vrste umetne inteligence<\/a>, kot so strojno u\u010denje, globoko u\u010denje in obdelava naravnega jezika. Strojno u\u010denje omogo\u010da UI sistemom, da analizirajo velike koli\u010dine podatkov in sprejemajo informirane odlo\u010ditve, medtem ko globoko u\u010denje omogo\u010da prepoznavanje vzorcev in trendov, ki niso o\u010ditni na povr\u0161ini.<\/p>\n<p>Poleg tega obdelava naravnega jezika pomaga podjetjem <strong>analizirati tekstovne podatke in interakcije z uporabniki,<\/strong> s \u010dimer se izbolj\u0161uje uporabni\u0161ka izku\u0161nja in optimizira komunikacija. Te tehnologije skupaj omogo\u010dajo razvoj naprednih UI sistemov, ki preoblikujejo poslovne procese in gospodarske sisteme.<\/p>\n<h2><span class=\"ez-toc-section\" id=\"Prihodnost_umetne_inteligence_v_ekonomiji\"><\/span>Prihodnost umetne inteligence v ekonomiji<span class=\"ez-toc-section-end\"><\/span><\/h2>\n<p>Prihodnost umetne inteligence v ekonomiji je izjemno obetavna. Ko se tehnologije \u0161e naprej razvijajo, se pri\u010dakuje, da bo UI igrala \u0161e pomembnej\u0161o vlogo pri upravljanju trgov, sprejemanju poslovnih odlo\u010ditev in optimizaciji poslovnih procesov. <a href=\"https:\/\/aisvijet.com\/si\/uporaba\/\"><strong>Uporaba umetne inteligence<\/strong><\/a> bo podjetjem omogo\u010dila \u0161e natan\u010dnej\u0161e napovedovanje sprememb na trgu in hitrej\u0161e odzivanje na gospodarske krize, medtem ko bodo uporabniki imeli personalizirane storitve, ki temeljijo na podrobni analizi podatkov.<\/p>\n<p>Telekomunikacijske in finan\u010dne panoge bodo verjetno med najve\u010djimi uporabniki umetne inteligence v prihodnjih letih, napredek v UI tehnologijah pa bo <strong>omogo\u010dil bolj\u0161o integracijo teh sistemov v vsakodnevne poslovne aktivnosti<\/strong>. Prav tako, ko se zakonodaja prilagodi razvoju tehnologij, bodo imela podjetja ve\u010djo varnost pri uporabi UI v gospodarskih procesih.<\/p>\n<h2><span class=\"ez-toc-section\" id=\"Zakljucek\"><\/span>Zaklju\u010dek<span class=\"ez-toc-section-end\"><\/span><\/h2>\n<p>Umetna inteligenca v ekonomiji preoblikuje poslovne procese ter podjetjem omogo\u010da hitrej\u0161e, u\u010dinkovitej\u0161e in natan\u010dnej\u0161e sprejemanje odlo\u010ditev. Z uporabo na razli\u010dnih podro\u010djih, od trgovanja in financ do tr\u017eenja in pomo\u010di strankam, UI tehnologije omogo\u010dajo poslovanje na vi\u0161ji ravni. \u010ceprav obstajajo izzivi v zvezi z zasebnostjo pod<\/p>\n","protected":false},"excerpt":{"rendered":"<p>Umetna inteligenca v ekonomiji predstavlja tehnolo\u0161ko revolucijo, ki preoblikuje na\u010din delovanja finan\u010dnih sistemov, poslovnih procesov in trgov. Z uporabo naprednih algoritmov, strojnega u\u010denja in drugih UI tehnologij lahko podjetja zdaj hitreje in natan\u010dneje analizirajo velike koli\u010dine podatkov, napovedujejo gospodarske trende in sprejemajo bolj\u0161e poslovne odlo\u010ditve. To postavlja novo paradigmo v poslovnem svetu, kjer uporaba umetne&hellip;&nbsp;<a href=\"https:\/\/aisvijet.com\/si\/uporaba\/umetna-inteligenca-v-gospodarstvu\/\" rel=\"bookmark\">Preberi ve\u010d &raquo;<span class=\"screen-reader-text\">Umetna inteligenca v gospodarstvu<\/span><\/a><\/p>\n","protected":false},"author":15,"featured_media":1406,"parent":1053,"menu_order":0,"comment_status":"closed","ping_status":"closed","template":"","meta":{"neve_meta_sidebar":"","neve_meta_container":"","neve_meta_enable_content_width":"off","neve_meta_content_width":100,"neve_meta_title_alignment":"","neve_meta_author_avatar":"","neve_post_elements_order":"","neve_meta_disable_header":"","neve_meta_disable_footer":"","neve_meta_disable_title":"","_themeisle_gutenberg_block_has_review":false,"footnotes":""},"class_list":["post-1347","page","type-page","status-publish","has-post-thumbnail","hentry"],"_links":{"self":[{"href":"https:\/\/aisvijet.com\/si\/wp-json\/wp\/v2\/pages\/1347","targetHints":{"allow":["GET"]}}],"collection":[{"href":"https:\/\/aisvijet.com\/si\/wp-json\/wp\/v2\/pages"}],"about":[{"href":"https:\/\/aisvijet.com\/si\/wp-json\/wp\/v2\/types\/page"}],"author":[{"embeddable":true,"href":"https:\/\/aisvijet.com\/si\/wp-json\/wp\/v2\/users\/15"}],"replies":[{"embeddable":true,"href":"https:\/\/aisvijet.com\/si\/wp-json\/wp\/v2\/comments?post=1347"}],"version-history":[{"count":7,"href":"https:\/\/aisvijet.com\/si\/wp-json\/wp\/v2\/pages\/1347\/revisions"}],"predecessor-version":[{"id":2282,"href":"https:\/\/aisvijet.com\/si\/wp-json\/wp\/v2\/pages\/1347\/revisions\/2282"}],"up":[{"embeddable":true,"href":"https:\/\/aisvijet.com\/si\/wp-json\/wp\/v2\/pages\/1053"}],"wp:featuredmedia":[{"embeddable":true,"href":"https:\/\/aisvijet.com\/si\/wp-json\/wp\/v2\/media\/1406"}],"wp:attachment":[{"href":"https:\/\/aisvijet.com\/si\/wp-json\/wp\/v2\/media?parent=1347"}],"curies":[{"name":"wp","href":"https:\/\/api.w.org\/{rel}","templated":true}]}}