{"id":1359,"date":"2024-09-09T21:58:57","date_gmt":"2024-09-09T19:58:57","guid":{"rendered":"https:\/\/aisvijet.com\/si\/?page_id=1359"},"modified":"2025-10-16T02:06:12","modified_gmt":"2025-10-16T00:06:12","slug":"umetna-inteligenca-v-marketingu","status":"publish","type":"page","link":"https:\/\/aisvijet.com\/si\/uporaba\/umetna-inteligenca-v-marketingu\/","title":{"rendered":"Umetna inteligenca v marketingu"},"content":{"rendered":"<p>Umetna inteligenca v tr\u017eenju preoblikuje na\u010din, kako podjetja komunicirajo s potro\u0161niki, analizirajo tr\u017ene podatke in optimizirajo svoje tr\u017eenjske kampanje. Z uporabo naprednih algoritmov in strojnega u\u010denja UI omogo\u010da personalizacijo uporabni\u0161ke izku\u0161nje, napovedovanje vedenja potro\u0161nikov in avtomatizacijo tr\u017eenjskih aktivnosti. Vse te tehnologije pomagajo tr\u017eenjskim ekipam, da sprejemajo bolj\u0161e odlo\u010ditve, hitreje se odzivajo na spremembe v vedenju potro\u0161nikov ter optimizirajo kampanje v realnem \u010dasu.<\/p>\n<p>UI v tr\u017eenju prav tako omogo\u010da natan\u010dnej\u0161o analizo podatkov, kar tr\u017eenjskim strokovnjakom pomaga pridobiti globlji vpogled v vedenje in preference potro\u0161nikov. Te informacije so klju\u010dne za ustvarjanje kampanj, ki so ciljno usmerjene in relevantne, s \u010dimer se pove\u010duje anga\u017eiranost uporabnikov in maksimizira donosnost nalo\u017ebe (ROI).<\/p>\n<div id=\"ez-toc-container\" class=\"ez-toc-v2_0_82_2 counter-hierarchy ez-toc-counter ez-toc-light-blue ez-toc-container-direction\">\n<div class=\"ez-toc-title-container\">\n<p class=\"ez-toc-title\" style=\"cursor:inherit\">Vsebina<\/p>\n<span class=\"ez-toc-title-toggle\"><a href=\"#\" class=\"ez-toc-pull-right ez-toc-btn ez-toc-btn-xs ez-toc-btn-default ez-toc-toggle\" aria-label=\"Toggle Table of Content\"><span class=\"ez-toc-js-icon-con\"><span class=\"\"><span class=\"eztoc-hide\" style=\"display:none;\">Toggle<\/span><span class=\"ez-toc-icon-toggle-span\"><svg style=\"fill: #999;color:#999\" xmlns=\"http:\/\/www.w3.org\/2000\/svg\" class=\"list-377408\" width=\"20px\" height=\"20px\" viewBox=\"0 0 24 24\" fill=\"none\"><path d=\"M6 6H4v2h2V6zm14 0H8v2h12V6zM4 11h2v2H4v-2zm16 0H8v2h12v-2zM4 16h2v2H4v-2zm16 0H8v2h12v-2z\" fill=\"currentColor\"><\/path><\/svg><svg style=\"fill: #999;color:#999\" class=\"arrow-unsorted-368013\" xmlns=\"http:\/\/www.w3.org\/2000\/svg\" width=\"10px\" height=\"10px\" viewBox=\"0 0 24 24\" version=\"1.2\" baseProfile=\"tiny\"><path d=\"M18.2 9.3l-6.2-6.3-6.2 6.3c-.2.2-.3.4-.3.7s.1.5.3.7c.2.2.4.3.7.3h11c.3 0 .5-.1.7-.3.2-.2.3-.5.3-.7s-.1-.5-.3-.7zM5.8 14.7l6.2 6.3 6.2-6.3c.2-.2.3-.5.3-.7s-.1-.5-.3-.7c-.2-.2-.4-.3-.7-.3h-11c-.3 0-.5.1-.7.3-.2.2-.3.5-.3.7s.1.5.3.7z\"\/><\/svg><\/span><\/span><\/span><\/a><\/span><\/div>\n<nav><ul class='ez-toc-list ez-toc-list-level-1 eztoc-toggle-hide-by-default' ><li class='ez-toc-page-1 ez-toc-heading-level-2'><a class=\"ez-toc-link ez-toc-heading-1\" href=\"https:\/\/aisvijet.com\/si\/uporaba\/umetna-inteligenca-v-marketingu\/#Kako_deluje_umetna_inteligenca_v_trzenju\" >Kako deluje umetna inteligenca v tr\u017eenju?<\/a><\/li><li class='ez-toc-page-1 ez-toc-heading-level-2'><a class=\"ez-toc-link ez-toc-heading-2\" href=\"https:\/\/aisvijet.com\/si\/uporaba\/umetna-inteligenca-v-marketingu\/#Primeri_uporabe_umetne_inteligence_v_trzenju\" >Primeri uporabe umetne inteligence v tr\u017eenju<\/a><ul class='ez-toc-list-level-3' ><li class='ez-toc-heading-level-3'><a class=\"ez-toc-link ez-toc-heading-3\" href=\"https:\/\/aisvijet.com\/si\/uporaba\/umetna-inteligenca-v-marketingu\/#Primer_1_Personalizacija_uporabniske_izkusnje\" >Primer 1: Personalizacija uporabni\u0161ke izku\u0161nje<\/a><\/li><li class='ez-toc-page-1 ez-toc-heading-level-3'><a class=\"ez-toc-link ez-toc-heading-4\" href=\"https:\/\/aisvijet.com\/si\/uporaba\/umetna-inteligenca-v-marketingu\/#Primer_2_Optimizacija_oglasevanja\" >Primer 2: Optimizacija ogla\u0161evanja<\/a><\/li><li class='ez-toc-page-1 ez-toc-heading-level-3'><a class=\"ez-toc-link ez-toc-heading-5\" href=\"https:\/\/aisvijet.com\/si\/uporaba\/umetna-inteligenca-v-marketingu\/#Primer_3_Avtomatizacija_trzenja\" >Primer 3: Avtomatizacija tr\u017eenja<\/a><\/li><\/ul><\/li><li class='ez-toc-page-1 ez-toc-heading-level-2'><a class=\"ez-toc-link ez-toc-heading-6\" href=\"https:\/\/aisvijet.com\/si\/uporaba\/umetna-inteligenca-v-marketingu\/#Prednosti_uporabe_umetne_inteligence_v_trzenju\" >Prednosti uporabe umetne inteligence v tr\u017eenju<\/a><\/li><li class='ez-toc-page-1 ez-toc-heading-level-2'><a class=\"ez-toc-link ez-toc-heading-7\" href=\"https:\/\/aisvijet.com\/si\/uporaba\/umetna-inteligenca-v-marketingu\/#Vpliv_umetne_inteligence_na_delovno_silo_v_trzenju\" >Vpliv umetne inteligence na delovno silo v tr\u017eenju<\/a><\/li><li class='ez-toc-page-1 ez-toc-heading-level-2'><a class=\"ez-toc-link ez-toc-heading-8\" href=\"https:\/\/aisvijet.com\/si\/uporaba\/umetna-inteligenca-v-marketingu\/#Izzivi_in_omejitve_uporabe_umetne_inteligence_v_trzenju\" >Izzivi in omejitve uporabe umetne inteligence v tr\u017eenju<\/a><\/li><li class='ez-toc-page-1 ez-toc-heading-level-2'><a class=\"ez-toc-link ez-toc-heading-9\" href=\"https:\/\/aisvijet.com\/si\/uporaba\/umetna-inteligenca-v-marketingu\/#Pravne_in_eticne_implikacije_umetne_inteligence_v_trzenju\" >Pravne in eti\u010dne implikacije umetne inteligence v tr\u017eenju<\/a><\/li><li class='ez-toc-page-1 ez-toc-heading-level-2'><a class=\"ez-toc-link ez-toc-heading-10\" href=\"https:\/\/aisvijet.com\/si\/uporaba\/umetna-inteligenca-v-marketingu\/#Kljucne_tehnologije_ki_poganjajo_umetno_inteligenco_v_trzenju\" >Klju\u010dne tehnologije, ki poganjajo umetno inteligenco v tr\u017eenju<\/a><\/li><li class='ez-toc-page-1 ez-toc-heading-level-2'><a class=\"ez-toc-link ez-toc-heading-11\" href=\"https:\/\/aisvijet.com\/si\/uporaba\/umetna-inteligenca-v-marketingu\/#Prihodnost_umetne_inteligence_v_trzenju\" >Prihodnost umetne inteligence v tr\u017eenju<\/a><\/li><li class='ez-toc-page-1 ez-toc-heading-level-2'><a class=\"ez-toc-link ez-toc-heading-12\" href=\"https:\/\/aisvijet.com\/si\/uporaba\/umetna-inteligenca-v-marketingu\/#Zakljucek\" >Zaklju\u010dek<\/a><\/li><li class='ez-toc-page-1 ez-toc-heading-level-2'><a class=\"ez-toc-link ez-toc-heading-13\" href=\"https:\/\/aisvijet.com\/si\/uporaba\/umetna-inteligenca-v-marketingu\/#Najpogosteje_zastavljena_vprasanja_FAQ_o_umetni_inteligenci_v_trzenju\" >Najpogosteje zastavljena vpra\u0161anja (FAQ) o umetni inteligenci v tr\u017eenju<\/a><ul class='ez-toc-list-level-3' ><li class='ez-toc-heading-level-3'><a class=\"ez-toc-link ez-toc-heading-14\" href=\"https:\/\/aisvijet.com\/si\/uporaba\/umetna-inteligenca-v-marketingu\/#Kako_umetna_inteligenca_izboljsuje_trzenje\" >Kako umetna inteligenca izbolj\u0161uje tr\u017eenje?<\/a><\/li><li class='ez-toc-page-1 ez-toc-heading-level-3'><a class=\"ez-toc-link ez-toc-heading-15\" href=\"https:\/\/aisvijet.com\/si\/uporaba\/umetna-inteligenca-v-marketingu\/#Kateri_so_glavni_izzivi_uporabe_UI_v_trzenju\" >Kateri so glavni izzivi uporabe UI v tr\u017eenju?<\/a><\/li><li class='ez-toc-page-1 ez-toc-heading-level-3'><a class=\"ez-toc-link ez-toc-heading-16\" href=\"https:\/\/aisvijet.com\/si\/uporaba\/umetna-inteligenca-v-marketingu\/#Ali_lahko_umetna_inteligenca_nadomesti_trzenjske_strokovnjake\" >Ali lahko umetna inteligenca nadomesti tr\u017eenjske strokovnjake?<\/a><\/li><li class='ez-toc-page-1 ez-toc-heading-level-3'><a class=\"ez-toc-link ez-toc-heading-17\" href=\"https:\/\/aisvijet.com\/si\/uporaba\/umetna-inteligenca-v-marketingu\/#Kaksna_je_prihodnost_umetne_inteligence_v_trzenju\" >Kak\u0161na je prihodnost umetne inteligence v tr\u017eenju?<\/a><\/li><\/ul><\/li><\/ul><\/nav><\/div>\n<h2><span class=\"ez-toc-section\" id=\"Kako_deluje_umetna_inteligenca_v_trzenju\"><\/span>Kako deluje umetna inteligenca v tr\u017eenju?<span class=\"ez-toc-section-end\"><\/span><\/h2>\n<p>Umetna inteligenca v tr\u017eenju deluje preko razli\u010dnih procesov, ki uporabljajo podatke za optimizacijo tr\u017eenjskih kampanj in izbolj\u0161anje uporabni\u0161ke izku\u0161nje. Strojno u\u010denje omogo\u010da UI algoritmom, da analizirajo velike koli\u010dine podatkov o potro\u0161nikih in njihovem vedenju. Te informacije se uporabljajo za napovedovanje trendov, personalizacijo sporo\u010dil ter samodejno prilagajanje strategij v realnem \u010dasu.<\/p>\n<p><img loading=\"lazy\" decoding=\"async\" class=\"aligncenter wp-image-1414 size-full\" src=\"https:\/\/aisvijet.com\/si\/wp-content\/uploads\/sites\/5\/2024\/09\/umjetna-inteligencija-u-marketingu-funkcija.jpg\" alt=\"umjetna inteligencija u marketingu - funkcija\" width=\"1000\" height=\"606\" srcset=\"https:\/\/aisvijet.com\/si\/wp-content\/uploads\/sites\/5\/2024\/09\/umjetna-inteligencija-u-marketingu-funkcija.jpg 1000w, https:\/\/aisvijet.com\/si\/wp-content\/uploads\/sites\/5\/2024\/09\/umjetna-inteligencija-u-marketingu-funkcija-300x182.jpg 300w, https:\/\/aisvijet.com\/si\/wp-content\/uploads\/sites\/5\/2024\/09\/umjetna-inteligencija-u-marketingu-funkcija-768x465.jpg 768w\" sizes=\"auto, (max-width: 1000px) 100vw, 1000px\" \/><\/p>\n<p>Na primer, UI lahko analizira vzorce iskanja, nakupovanja in interakcij uporabnikov na dru\u017ebenih omre\u017ejih ter nato uporabi te podatke za optimizacijo prikaza oglasov ali personalizacijo priporo\u010dil izdelkov. Te analize omogo\u010dajo hitrej\u0161e sprejemanje odlo\u010ditev in ve\u010djo natan\u010dnost pri ciljanju kampanj, kar vodi do bolj\u0161ih rezultatov.<\/p>\n<h2><span class=\"ez-toc-section\" id=\"Primeri_uporabe_umetne_inteligence_v_trzenju\"><\/span>Primeri uporabe umetne inteligence v tr\u017eenju<span class=\"ez-toc-section-end\"><\/span><\/h2>\n<p>Obstaja veliko primerov, kjer se UI uporablja za izbolj\u0161anje tr\u017eenja. Tu je nekaj <strong>klju\u010dnih primerov<\/strong>, ki prikazujejo, kako umetna inteligenca pomaga pri ustvarjanju u\u010dinkovitej\u0161ih tr\u017eenjskih strategij:<\/p>\n<div class=\"su-note\"  style=\"border-color:#9eadc6;border-radius:3px;-moz-border-radius:3px;-webkit-border-radius:3px;\"><div class=\"su-note-inner su-u-clearfix su-u-trim\" style=\"background-color:#b8c7e0;border-color:#ffffff;color:#333333;border-radius:3px;-moz-border-radius:3px;-webkit-border-radius:3px;\">\n<div class=\"su-row\"><div class=\"su-column su-column-size-1-2\"><div class=\"su-column-inner su-u-clearfix su-u-trim\">\n<h3><span class=\"ez-toc-section\" id=\"Primer_1_Personalizacija_uporabniske_izkusnje\"><\/span>Primer 1: Personalizacija uporabni\u0161ke izku\u0161nje<span class=\"ez-toc-section-end\"><\/span><\/h3>\n<p>Eden najpomembnej\u0161ih prispevkov umetne inteligence v tr\u017eenju je personalizacija uporabni\u0161ke izku\u0161nje. UI algoritmi analizirajo podatke o uporabnikih, kot so njihovi prej\u0161nji nakupi, iskalne navade in interakcije z blagovno znamko, da bi ustvarili personalizirana priporo\u010dila izdelkov ali storitev. Ta personalizirana priporo\u010dila lahko znatno pove\u010dajo anga\u017eiranost uporabnikov in izbolj\u0161ajo stopnjo konverzije.<\/p>\n<\/div><\/div> <div class=\"su-column su-column-size-1-2\"><div class=\"su-column-inner su-u-clearfix su-u-trim\">\n<h3><span class=\"ez-toc-section\" id=\"Primer_2_Optimizacija_oglasevanja\"><\/span>Primer 2: Optimizacija ogla\u0161evanja<span class=\"ez-toc-section-end\"><\/span><\/h3>\n<p>UI tehnologije omogo\u010dajo optimizacijo spletnega ogla\u0161evanja. Z uporabo strojnega u\u010denja lahko algoritmi analizirajo podatke v realnem \u010dasu in samodejno prilagodijo oglase, da bi dosegli najbolj\u0161e rezultate. Na primer, UI lahko analizira, katere vrste oglasov najbolje delujejo pri dolo\u010denem ob\u010dinstvu, in samodejno prilagodi kampanjo na podlagi teh podatkov.<\/p>\n<\/div><\/div><\/div>\n<h3><span class=\"ez-toc-section\" id=\"Primer_3_Avtomatizacija_trzenja\"><\/span>Primer 3: Avtomatizacija tr\u017eenja<span class=\"ez-toc-section-end\"><\/span><\/h3>\n<p>Avtomatizacija tr\u017eenja je postala znatno u\u010dinkovitej\u0161a zahvaljujo\u010d umetni inteligenci. UI orodja omogo\u010dajo podjetjem, da avtomatizirajo po\u0161iljanje e-po\u0161tnih sporo\u010dil, ustvarjanje vsebine in upravljanje dru\u017ebenih omre\u017eij. To prihrani \u010das in vire tr\u017eenjskih ekip, hkrati pa omogo\u010da ustvarjanje prilagojenih sporo\u010dil za vsakega uporabnika, kar pove\u010duje anga\u017eiranost in zadovoljstvo uporabnikov.<\/p>\n<\/div><\/div>\n<h2><span class=\"ez-toc-section\" id=\"Prednosti_uporabe_umetne_inteligence_v_trzenju\"><\/span>Prednosti uporabe umetne inteligence v tr\u017eenju<span class=\"ez-toc-section-end\"><\/span><\/h2>\n<p>Prednosti, ki jih prina\u0161a uporaba umetne inteligence v tr\u017eenju, so \u0161tevilne. SEO optimizacija skupaj z umetno inteligenco pomaga podjetjem, da natan\u010dneje ciljajo svoje ob\u010dinstvo, zmanj\u0161ujejo stro\u0161ke tr\u017eenja ter pove\u010dujejo donosnost nalo\u017ebe (ROI).<\/p>\n<p>Avtomatizacija procesov omogo\u010da tr\u017eenjskim ekipam, da se osredoto\u010dijo na strate\u0161ke vidike, medtem ko UI orodja skrbijo za tehni\u010dne naloge, kot so analiza podatkov, prilagajanje kampanj v realnem \u010dasu in izbolj\u0161evanje <a href=\"https:\/\/aisvijet.com\/si\/vodnik\/seo-optimizacija\/\">SEO optimizacije<\/a> spletnih strani za bolj\u0161o vidnost v iskalnikih.<\/p>\n<p>\u0160e ena prednost je personalizacija uporabni\u0161ke izku\u0161nje, kjer UI analizira vedenje uporabnikov in ustvarja prilagojena sporo\u010dila ter priporo\u010dila. To bistveno izbolj\u0161uje uporabni\u0161ko izku\u0161njo in pove\u010duje zvestobo potro\u0161nikov. Z uporabo naprednih UI tehnologij lahko podjetja sprejemajo odlo\u010ditve na podlagi podatkov, kar vodi do ve\u010djega uspeha tr\u017eenjskih kampanj.<\/p>\n<div class=\"su-note\"  style=\"border-color:#9eadc6;border-radius:3px;-moz-border-radius:3px;-webkit-border-radius:3px;\"><div class=\"su-note-inner su-u-clearfix su-u-trim\" style=\"background-color:#b8c7e0;border-color:#ffffff;color:#333333;border-radius:3px;-moz-border-radius:3px;-webkit-border-radius:3px;\">\n<div class=\"su-row\"><div class=\"su-column su-column-size-1-2\"><div class=\"su-column-inner su-u-clearfix su-u-trim\">\n<p><strong>Prednosti umetne inteligence v tr\u017eenju<\/strong><\/p>\n<div class=\"su-list\" style=\"margin-left:0px\">\n<ul>\n<li><i class=\"sui sui-check-circle-o\" style=\"color:#2fa317\"><\/i> Natan\u010dnej\u0161e ciljanje tr\u017eenjskih kampanj<\/li>\n<li><i class=\"sui sui-check-circle-o\" style=\"color:#2fa317\"><\/i> Personalizacija uporabni\u0161ke izku\u0161nje<\/li>\n<li><i class=\"sui sui-check-circle-o\" style=\"color:#2fa317\"><\/i> Avtomatizacija tr\u017eenja in optimizacija \u010dasa<\/li>\n<li><i class=\"sui sui-check-circle-o\" style=\"color:#2fa317\"><\/i> Pove\u010danje donosnosti nalo\u017ebe (ROI)<\/li>\n<li><i class=\"sui sui-check-circle-o\" style=\"color:#2fa317\"><\/i> Hitrej\u0161a analiza podatkov in sprejemanje odlo\u010ditev<\/li>\n<\/ul>\n<\/div><\/div><\/div> <div class=\"su-column su-column-size-1-2\"><div class=\"su-column-inner su-u-clearfix su-u-trim\">\n<p><strong>Slabosti umetne inteligence v tr\u017eenju<\/strong><\/p>\n<div class=\"su-list\" style=\"margin-left:0px\">\n<ul>\n<li><i class=\"sui sui-remove\" style=\"color:#e31f28\"><\/i> Visoki stro\u0161ki implementacije UI tehnologij<\/li>\n<li><i class=\"sui sui-remove\" style=\"color:#e31f28\"><\/i> Odvisnost od kakovosti podatkov za u\u010dinkovitost UI sistemov<\/li>\n<li><i class=\"sui sui-remove\" style=\"color:#e31f28\"><\/i> Zasebnost podatkov uporabnikov kot eti\u010dno vpra\u0161anje<\/li>\n<li><i class=\"sui sui-remove\" style=\"color:#e31f28\"><\/i> Mo\u017ena izguba ustvarjalnosti v tr\u017eenjskih procesih<\/li>\n<li><i class=\"sui sui-remove\" style=\"color:#e31f28\"><\/i> Potencialna odvisnost od avtomatizacije in izguba nadzora<\/li>\n<\/ul>\n<\/div><\/div><\/div><\/div>\n<\/div><\/div>\n<h2><span class=\"ez-toc-section\" id=\"Vpliv_umetne_inteligence_na_delovno_silo_v_trzenju\"><\/span>Vpliv umetne inteligence na delovno silo v tr\u017eenju<span class=\"ez-toc-section-end\"><\/span><\/h2>\n<p>Uporaba umetne inteligence v tr\u017eenju vpliva na delovno silo z avtomatizacijo \u0161tevilnih nalog, ki so prej zahtevale znaten \u010dlove\u0161ki anga\u017ema. Na primer, UI orodja lahko samodejno ustvarjajo vsebino, upravljajo kampanje in analizirajo rezultate. To zmanj\u0161uje potrebo po velikih tr\u017eenjskih ekipah in omogo\u010da podjetjem, da optimizirajo svoje vire.<\/p>\n<p><img loading=\"lazy\" decoding=\"async\" class=\"aligncenter wp-image-1415 size-full\" src=\"https:\/\/aisvijet.com\/si\/wp-content\/uploads\/sites\/5\/2024\/09\/Uticaj-umjetne-inteligencije-na-radnu-snagu-u-marketingu.jpg\" alt=\"Uticaj umjetne inteligencije na radnu snagu u marketingu\" width=\"1000\" height=\"667\" srcset=\"https:\/\/aisvijet.com\/si\/wp-content\/uploads\/sites\/5\/2024\/09\/Uticaj-umjetne-inteligencije-na-radnu-snagu-u-marketingu.jpg 1000w, https:\/\/aisvijet.com\/si\/wp-content\/uploads\/sites\/5\/2024\/09\/Uticaj-umjetne-inteligencije-na-radnu-snagu-u-marketingu-300x200.jpg 300w, https:\/\/aisvijet.com\/si\/wp-content\/uploads\/sites\/5\/2024\/09\/Uticaj-umjetne-inteligencije-na-radnu-snagu-u-marketingu-768x512.jpg 768w, https:\/\/aisvijet.com\/si\/wp-content\/uploads\/sites\/5\/2024\/09\/Uticaj-umjetne-inteligencije-na-radnu-snagu-u-marketingu-930x620.jpg 930w\" sizes=\"auto, (max-width: 1000px) 100vw, 1000px\" \/><\/p>\n<p>Vendar to ne pomeni, da UI popolnoma nadome\u0161\u010da ljudi. \u010clove\u0161ka ustvarjalnost, strate\u0161ko razmi\u0161ljanje in sposobnost prilagajanja ostajajo klju\u010dni v tr\u017eenjskih procesih. UI olaj\u0161uje tehni\u010dne naloge in omogo\u010da tr\u017eenjskim ekipam, da se osredoto\u010dijo na ustvarjanje inovativnih strategij in kampanj, ki ustrezajo potrebam uporabnikov.<\/p>\n<h2><span class=\"ez-toc-section\" id=\"Izzivi_in_omejitve_uporabe_umetne_inteligence_v_trzenju\"><\/span>Izzivi in omejitve uporabe umetne inteligence v tr\u017eenju<span class=\"ez-toc-section-end\"><\/span><\/h2>\n<p>Uporaba umetne inteligence v tr\u017eenju prina\u0161a dolo\u010dene izzive. Eden glavnih izzivov je odvisnost od velikih koli\u010din podatkov. UI algoritmi se zana\u0161ajo na podatke za u\u010dinkovitost, slabi ali nepopolni podatki pa lahko privedejo do napa\u010dnih napovedi in slabih rezultatov kampanj. Poleg tega postaja varovanje zasebnosti uporabnikov klju\u010den problem, saj UI orodja pogosto zbirajo velike koli\u010dine podatkov o vedenju uporabnikov.<\/p>\n<p>\u0160e en izziv je uravnote\u017eenje med avtomatizacijo in \u010dlove\u0161ko ustvarjalnostjo. \u010ceprav lahko UI analizira podatke in optimizira kampanje, ne more nadomestiti ustvarjalnih procesov, ki so klju\u010dni za ustvarjanje edinstvenih tr\u017eenjskih strategij. To pomeni, da morajo tr\u017eenjske ekipe najti ravnovesje med uporabo UI orodij in \u010dlove\u0161kega anga\u017emaja, da bi dosegle najbolj\u0161e rezultate.<\/p>\n<h2><span class=\"ez-toc-section\" id=\"Pravne_in_eticne_implikacije_umetne_inteligence_v_trzenju\"><\/span>Pravne in eti\u010dne implikacije umetne inteligence v tr\u017eenju<span class=\"ez-toc-section-end\"><\/span><\/h2>\n<p>Uporaba umetne inteligence v tr\u017eenju odpira \u0161tevilna pravna in eti\u010dna vpra\u0161anja. Eno klju\u010dnih vpra\u0161anj je zasebnost podatkov uporabnikov. UI orodja zbirajo in analizirajo ogromne koli\u010dine podatkov o uporabnikih, vklju\u010dno z njihovimi preferencami, vedenjem in interakcijami z blagovnimi znamkami. Podjetja morajo zagotoviti, da spo\u0161tujejo lokalne in mednarodne zakone o varstvu podatkov, da bi za\u0161\u010ditila zasebnost svojih uporabnikov.<\/p>\n<p>Poleg tega se eti\u010dno vpra\u0161anje, povezano z uporabo UI v tr\u017eenju, nana\u0161a na preglednost. Uporabniki pogosto niso zavedajo, v kolik\u0161ni meri se njihovi podatki zbirajo in analizirajo s strani UI orodij. Podjetja morajo biti pregledna glede tega, kako uporabljajo podatke, in zagotoviti, da imajo uporabniki nadzor nad svojimi informacijami. Prav tako lahko vpra\u0161anja pristranskosti v algoritmih in eti\u010dne implikacije avtomatizacije povzro\u010dijo zaskrbljenost, zlasti glede diskriminacije ali neeti\u010dne uporabe podatkov.<\/p>\n<h2><span class=\"ez-toc-section\" id=\"Kljucne_tehnologije_ki_poganjajo_umetno_inteligenco_v_trzenju\"><\/span>Klju\u010dne tehnologije, ki poganjajo umetno inteligenco v tr\u017eenju<span class=\"ez-toc-section-end\"><\/span><\/h2>\n<p>Klju\u010dne tehnologije, ki omogo\u010dajo napredek umetne inteligence v tr\u017eenju, vklju\u010dujejo strojno u\u010denje, globoko u\u010denje in obdelavo naravnega jezika. Te tehnologije omogo\u010dajo analizo velikih koli\u010din podatkov, napovedovanje trendov in optimizacijo tr\u017eenjskih kampanj v realnem \u010dasu. UI orodja uporabljajo te tehnologije za prilagajanje sporo\u010dil uporabnikom in izbolj\u0161anje uporabni\u0161ke izku\u0161nje.<\/p>\n<p>Obdelava naravnega jezika omogo\u010da UI orodjem, da analizirajo tekstovne podatke, kot so komentarji uporabnikov in dru\u017ebeni mediji, da bi identificirali trende in vzorce v vedenju uporabnikov. Ta vrsta analize omogo\u010da tr\u017eenjskim ekipam, da bolje razumejo potrebe in \u017eelje svojih uporabnikov, kar je klju\u010dnega pomena za razvoj u\u010dinkovitih tr\u017eenjskih strategij.<\/p>\n<h2><span class=\"ez-toc-section\" id=\"Prihodnost_umetne_inteligence_v_trzenju\"><\/span>Prihodnost umetne inteligence v tr\u017eenju<span class=\"ez-toc-section-end\"><\/span><\/h2>\n<p>Prihodnost umetne inteligence v tr\u017eenju je izjemno obetavna. Pri\u010dakuje se, da bo UI igrala klju\u010dno vlogo pri personalizaciji uporabni\u0161ke izku\u0161nje, napovedovanju vedenja potro\u0161nikov in optimizaciji tr\u017eenjskih kampanj. Podjetja bodo lahko uporabljala napredne UI tehnologije za ustvarjanje ciljno usmerjene in relevantne komunikacije z uporabniki, s \u010dimer se bo pove\u010dala anga\u017eiranost in zadovoljstvo uporabnikov.<\/p>\n<p>Razvoj UI tehnologij bo podjetjem omogo\u010dil, da bolje napovedujejo trende na trgu in hitreje reagirajo na spremembe v vedenju potro\u0161nikov. Pri\u010dakuje se, da bo umetna inteligenca postala standard v tr\u017eenjskih strategijah, kar bo podjetjem omogo\u010dilo maksimiziranje donosnosti nalo\u017ebe in doseganje konkuren\u010dne prednosti.<\/p>\n<h2><span class=\"ez-toc-section\" id=\"Zakljucek\"><\/span>Zaklju\u010dek<span class=\"ez-toc-section-end\"><\/span><\/h2>\n<p>Umetna inteligenca v tr\u017eenju prina\u0161a \u0161tevilne prednosti, od personalizacije uporabni\u0161ke izku\u0161nje do optimizacije tr\u017eenjskih kampanj. \u010ceprav obstajajo izzivi v zvezi z zasebnostjo podatkov in eti\u010dnimi vpra\u0161anji, so prednosti, ki jih prina\u0161a <a href=\"https:\/\/aisvijet.com\/si\/uporaba\/\">uporaba umetne inteligence<\/a>, jasne. Prihodnost tr\u017eenja se bo vse bolj opirala na UI tehnologije, ki bodo omogo\u010dile ustvarjanje u\u010dinkovitih in prilagojenih tr\u017eenjskih strategij.<\/p>\n<p>Z uporabo umetne inteligence postaja tr\u017eenje u\u010dinkovitej\u0161e, prilagodljivej\u0161e in osredoto\u010deno na uporabnike. Glede na hitrost razvoja tehnologij lahko pri\u010dakujemo, da bo umetna inteligenca postala nepogre\u0161ljiv del vsake tr\u017eenjske ekipe, od analize podatkov do ustvarjanja vsebine in upravljanja kampanj.<\/p>\n<h2><span class=\"ez-toc-section\" id=\"Najpogosteje_zastavljena_vprasanja_FAQ_o_umetni_inteligenci_v_trzenju\"><\/span>Najpogosteje zastavljena vpra\u0161anja (FAQ) o umetni inteligenci v tr\u017eenju<span class=\"ez-toc-section-end\"><\/span><\/h2>\n<h3><span class=\"ez-toc-section\" id=\"Kako_umetna_inteligenca_izboljsuje_trzenje\"><\/span>Kako umetna inteligenca izbolj\u0161uje tr\u017eenje?<span class=\"ez-toc-section-end\"><\/span><\/h3>\n<p>UI izbolj\u0161uje tr\u017eenje z personalizacijo uporabni\u0161ke izku\u0161nje, optimizacijo kampanj in analizo podatkov za bolj\u0161e sprejemanje odlo\u010ditev.<\/p>\n<h3><span class=\"ez-toc-section\" id=\"Kateri_so_glavni_izzivi_uporabe_UI_v_trzenju\"><\/span>Kateri so glavni izzivi uporabe UI v tr\u017eenju?<span class=\"ez-toc-section-end\"><\/span><\/h3>\n<p>Glavni izzivi vklju\u010dujejo varovanje zasebnosti podatkov, eti\u010dna vpra\u0161anja, povezana z avtomatizacijo, in odvisnost od kakovosti podatkov.<\/p>\n<h3><span class=\"ez-toc-section\" id=\"Ali_lahko_umetna_inteligenca_nadomesti_trzenjske_strokovnjake\"><\/span>Ali lahko umetna inteligenca nadomesti tr\u017eenjske strokovnjake?<span class=\"ez-toc-section-end\"><\/span><\/h3>\n<p>UI lahko avtomatizira \u0161tevilne tehni\u010dne naloge, vendar \u010dlove\u0161ka ustvarjalnost in strate\u0161ko razmi\u0161ljanje ostajata klju\u010dna v tr\u017eenjskih procesih.<\/p>\n<h3><span class=\"ez-toc-section\" id=\"Kaksna_je_prihodnost_umetne_inteligence_v_trzenju\"><\/span>Kak\u0161na je prihodnost umetne inteligence v tr\u017eenju?<span class=\"ez-toc-section-end\"><\/span><\/h3>\n<p>Prihodnost UI v tr\u017eenju vklju\u010duje vse ve\u010djo personalizacijo uporabni\u0161ke izku\u0161nje, napovedovanje vedenja potro\u0161nikov in optimizacijo kampanj v realnem \u010dasu.<\/p>\n","protected":false},"excerpt":{"rendered":"<p>Umetna inteligenca v tr\u017eenju preoblikuje na\u010din, kako podjetja komunicirajo s potro\u0161niki, analizirajo tr\u017ene podatke in optimizirajo svoje tr\u017eenjske kampanje. Z uporabo naprednih algoritmov in strojnega u\u010denja UI omogo\u010da personalizacijo uporabni\u0161ke izku\u0161nje, napovedovanje vedenja potro\u0161nikov in avtomatizacijo tr\u017eenjskih aktivnosti. Vse te tehnologije pomagajo tr\u017eenjskim ekipam, da sprejemajo bolj\u0161e odlo\u010ditve, hitreje se odzivajo na spremembe v vedenju&hellip;&nbsp;<a href=\"https:\/\/aisvijet.com\/si\/uporaba\/umetna-inteligenca-v-marketingu\/\" rel=\"bookmark\">Preberi ve\u010d &raquo;<span class=\"screen-reader-text\">Umetna inteligenca v marketingu<\/span><\/a><\/p>\n","protected":false},"author":15,"featured_media":1416,"parent":1053,"menu_order":0,"comment_status":"closed","ping_status":"closed","template":"","meta":{"neve_meta_sidebar":"","neve_meta_container":"","neve_meta_enable_content_width":"off","neve_meta_content_width":100,"neve_meta_title_alignment":"","neve_meta_author_avatar":"","neve_post_elements_order":"","neve_meta_disable_header":"","neve_meta_disable_footer":"","neve_meta_disable_title":"","_themeisle_gutenberg_block_has_review":false,"footnotes":""},"class_list":["post-1359","page","type-page","status-publish","has-post-thumbnail","hentry"],"_links":{"self":[{"href":"https:\/\/aisvijet.com\/si\/wp-json\/wp\/v2\/pages\/1359","targetHints":{"allow":["GET"]}}],"collection":[{"href":"https:\/\/aisvijet.com\/si\/wp-json\/wp\/v2\/pages"}],"about":[{"href":"https:\/\/aisvijet.com\/si\/wp-json\/wp\/v2\/types\/page"}],"author":[{"embeddable":true,"href":"https:\/\/aisvijet.com\/si\/wp-json\/wp\/v2\/users\/15"}],"replies":[{"embeddable":true,"href":"https:\/\/aisvijet.com\/si\/wp-json\/wp\/v2\/comments?post=1359"}],"version-history":[{"count":9,"href":"https:\/\/aisvijet.com\/si\/wp-json\/wp\/v2\/pages\/1359\/revisions"}],"predecessor-version":[{"id":2343,"href":"https:\/\/aisvijet.com\/si\/wp-json\/wp\/v2\/pages\/1359\/revisions\/2343"}],"up":[{"embeddable":true,"href":"https:\/\/aisvijet.com\/si\/wp-json\/wp\/v2\/pages\/1053"}],"wp:featuredmedia":[{"embeddable":true,"href":"https:\/\/aisvijet.com\/si\/wp-json\/wp\/v2\/media\/1416"}],"wp:attachment":[{"href":"https:\/\/aisvijet.com\/si\/wp-json\/wp\/v2\/media?parent=1359"}],"curies":[{"name":"wp","href":"https:\/\/api.w.org\/{rel}","templated":true}]}}