{"id":1531,"date":"2024-09-17T00:19:24","date_gmt":"2024-09-16T22:19:24","guid":{"rendered":"https:\/\/aisvijet.com\/si\/?page_id=1531"},"modified":"2025-10-15T20:27:40","modified_gmt":"2025-10-15T18:27:40","slug":"pregledi","status":"publish","type":"page","link":"https:\/\/aisvijet.com\/si\/pregledi\/","title":{"rendered":"Pregledi AI orodij"},"content":{"rendered":"\r\n<p>Dobrodo\u0161li v na\u0161em razdelku s recenzijami! Tukaj boste na\u0161li podrobne analize najnovej\u0161ih UI orodij, vklju\u010dno z njihovimi prednostmi, slabostmi in na\u010dini uporabe v praksi.<\/p>\r\n\r\n\r\n<p>Oglejte si spodaj najnovej\u0161e recenzije:<\/p>\r\n\r\n[child_pages_grid cols=&#8221;3&#8243; size=&#8221;medium_large&#8221;]\n","protected":false},"excerpt":{"rendered":"<p>Dobrodo\u0161li v na\u0161em razdelku s recenzijami! Tukaj boste na\u0161li podrobne analize najnovej\u0161ih UI orodij, vklju\u010dno z njihovimi prednostmi, slabostmi in na\u010dini uporabe v praksi. Oglejte si spodaj najnovej\u0161e recenzije:<\/p>\n","protected":false},"author":15,"featured_media":0,"parent":0,"menu_order":0,"comment_status":"closed","ping_status":"closed","template":"","meta":{"neve_meta_sidebar":"","neve_meta_container":"","neve_meta_enable_content_width":"off","neve_meta_content_width":100,"neve_meta_title_alignment":"","neve_meta_author_avatar":"","neve_post_elements_order":"","neve_meta_disable_header":"","neve_meta_disable_footer":"","neve_meta_disable_title":"","_themeisle_gutenberg_block_has_review":false,"footnotes":""},"class_list":["post-1531","page","type-page","status-publish","hentry"],"_links":{"self":[{"href":"https:\/\/aisvijet.com\/si\/wp-json\/wp\/v2\/pages\/1531","targetHints":{"allow":["GET"]}}],"collection":[{"href":"https:\/\/aisvijet.com\/si\/wp-json\/wp\/v2\/pages"}],"about":[{"href":"https:\/\/aisvijet.com\/si\/wp-json\/wp\/v2\/types\/page"}],"author":[{"embeddable":true,"href":"https:\/\/aisvijet.com\/si\/wp-json\/wp\/v2\/users\/15"}],"replies":[{"embeddable":true,"href":"https:\/\/aisvijet.com\/si\/wp-json\/wp\/v2\/comments?post=1531"}],"version-history":[{"count":7,"href":"https:\/\/aisvijet.com\/si\/wp-json\/wp\/v2\/pages\/1531\/revisions"}],"predecessor-version":[{"id":2289,"href":"https:\/\/aisvijet.com\/si\/wp-json\/wp\/v2\/pages\/1531\/revisions\/2289"}],"wp:attachment":[{"href":"https:\/\/aisvijet.com\/si\/wp-json\/wp\/v2\/media?parent=1531"}],"curies":[{"name":"wp","href":"https:\/\/api.w.org\/{rel}","templated":true}]}}