{"id":1706,"date":"2024-10-13T20:40:57","date_gmt":"2024-10-13T18:40:57","guid":{"rendered":"https:\/\/aisvijet.com\/si\/?page_id=1706"},"modified":"2025-10-16T02:28:48","modified_gmt":"2025-10-16T00:28:48","slug":"vodnik","status":"publish","type":"page","link":"https:\/\/aisvijet.com\/si\/vodnik\/","title":{"rendered":"Vodnik &#8211; Umetna inteligenca"},"content":{"rendered":"<p>Tukaj so zbrani vsi vodniki, ki spadajo v to kategorijo. Vsak vodnik prina\u0161a prakti\u010dne informacije in primere uporabe umetne inteligence v razli\u010dnih kontekstih.<\/p>\n[child_pages_grid]\n","protected":false},"excerpt":{"rendered":"<p>Tukaj so zbrani vsi vodniki, ki spadajo v to kategorijo. Vsak vodnik prina\u0161a prakti\u010dne informacije in primere uporabe umetne inteligence v razli\u010dnih kontekstih. [child_pages_grid]<\/p>\n","protected":false},"author":15,"featured_media":0,"parent":0,"menu_order":0,"comment_status":"closed","ping_status":"closed","template":"","meta":{"neve_meta_sidebar":"","neve_meta_container":"","neve_meta_enable_content_width":"off","neve_meta_content_width":100,"neve_meta_title_alignment":"","neve_meta_author_avatar":"","neve_post_elements_order":"","neve_meta_disable_header":"","neve_meta_disable_footer":"","neve_meta_disable_title":"","_themeisle_gutenberg_block_has_review":false,"footnotes":""},"class_list":["post-1706","page","type-page","status-publish","hentry"],"_links":{"self":[{"href":"https:\/\/aisvijet.com\/si\/wp-json\/wp\/v2\/pages\/1706","targetHints":{"allow":["GET"]}}],"collection":[{"href":"https:\/\/aisvijet.com\/si\/wp-json\/wp\/v2\/pages"}],"about":[{"href":"https:\/\/aisvijet.com\/si\/wp-json\/wp\/v2\/types\/page"}],"author":[{"embeddable":true,"href":"https:\/\/aisvijet.com\/si\/wp-json\/wp\/v2\/users\/15"}],"replies":[{"embeddable":true,"href":"https:\/\/aisvijet.com\/si\/wp-json\/wp\/v2\/comments?post=1706"}],"version-history":[{"count":6,"href":"https:\/\/aisvijet.com\/si\/wp-json\/wp\/v2\/pages\/1706\/revisions"}],"predecessor-version":[{"id":2356,"href":"https:\/\/aisvijet.com\/si\/wp-json\/wp\/v2\/pages\/1706\/revisions\/2356"}],"wp:attachment":[{"href":"https:\/\/aisvijet.com\/si\/wp-json\/wp\/v2\/media?parent=1706"}],"curies":[{"name":"wp","href":"https:\/\/api.w.org\/{rel}","templated":true}]}}