{"id":1935,"date":"2025-04-13T21:53:51","date_gmt":"2025-04-13T19:53:51","guid":{"rendered":"https:\/\/aisvijet.com\/si\/?page_id=1935"},"modified":"2025-10-16T02:29:09","modified_gmt":"2025-10-16T00:29:09","slug":"mystery-box-slovenija","status":"publish","type":"page","link":"https:\/\/aisvijet.com\/si\/vodnik\/mystery-box-slovenija\/","title":{"rendered":"Mystery box Slovenija \u2013 najbolj\u0161e spletne platforme za razburljive nagrade"},"content":{"rendered":"<p>Mystery box postaja vse bolj priljubljen pojem med ljubitelji spletne zabave in presene\u010denj. Namesto klasi\u010dnega nakupovanja vse ve\u010d uporabnikov izbira spletne platforme, kot je Jemlit, kjer lahko za simboli\u010den znesek osvojijo vrhunske nagrade.<\/p>\n<p>V tem vodniku razkrivamo, kako deluje spletni mystery box, katere so najbolj\u0161e strani in kako izvle\u010di maksimum iz vsakega odpiranja.<\/p>\n<div class=\"su-note\"  style=\"border-color:#d6e5e5;border-radius:3px;-moz-border-radius:3px;-webkit-border-radius:3px;\"><div class=\"su-note-inner su-u-clearfix su-u-trim\" style=\"background-color:#F0FFFF;border-color:#ffffff;color:#333333;border-radius:3px;-moz-border-radius:3px;-webkit-border-radius:3px;\">\n<h2>Kaj je spletni mystery box in kako deluje?<\/h2>\n<p>Spletni mystery box je digitalna razli\u010dica priljubljenih \u0161katel presene\u010denj, ki so se neko\u010d prodajale v trgovinah \u2013 vendar z eno veliko razliko: tukaj vse poteka virtualno in v realnem \u010dasu. Uporabnik izbere \u0161katlo dolo\u010dene vrednosti, pla\u010da vnaprej dolo\u010den znesek in s klikom odpre \u0161katlo, da odkrije naklju\u010dno dodeljeno nagrado.<\/p>\n<p>Te nagrade so lahko fizi\u010dni izdelki, kot so pametni telefoni, slu\u0161alke, luksuzne ure, blagovne obleke ali celo igralne konzole.<\/p>\n<p>Sistemi na teh platformah pogosto uporabljajo generator naklju\u010dnih vrednosti, ki dolo\u010da, kaj bo uporabnik osvojil, \u0161tevilne strani pa prikazujejo tudi odstotke verjetnosti za vsak izdelek. Nekatere omogo\u010dajo izpla\u010dilo v denarju, zamenjavo izdelkov ali celo nadaljevanje igranja z dobljenimi krediti.<\/p>\n<p>Celoten proces traja le nekaj sekund in prav ta kombinacija hitrosti, negotovosti in mo\u017enosti osvajanja vrednih nagrad dela mystery box izku\u0161njo tako razburljivo.<\/p>\n<\/div><\/div>\n<h2>Najbolj\u0161e spletne strani za Mystery Box \u2013 Top priporo\u010dila za 2025.<\/h2>\n<p>\u010ce i\u0161\u010dete najbolj\u0161e spletne platforme za mystery box izku\u0161njo, to so tri vodilne mo\u017enosti, ki izstopajo po vrednosti nagrad, transparentnosti in uporabni\u0161ki izku\u0161nji. Izbrali smo jih na podlagi testiranja, uporabni\u0161kih ocen in ponudbe, ki se nenehno posodablja.<\/p>\n<h3><b>1. Jemlit \u2013 Najbolj\u0161a celotna vrednost in preglednost<\/b><\/h3>\n<p><b>Jemlit<\/b> se z razlogom nahaja na prvem mestu na\u0161ega seznama. Gre za platformo, ki uspe\u0161no zdru\u017euje izjemno vrednost za vlo\u017eeni denar, visoko stopnjo zadetkov in \u0161iroko ponudbo \u0161katel, kar jo dela vodilno izbiro za mystery box. Cene se za\u010dnejo \u017ee pri 1,23 $, medtem ko ekskluzivne \u0161katle lahko dose\u017eejo tudi 1000 $+, odvisno od tveganja, ki ga \u017eelite prevzeti.<\/p>\n<p><img loading=\"lazy\" decoding=\"async\" class=\"aligncenter size-full wp-image-1945\" src=\"http:\/\/aisvijet.com\/si\/wp-content\/uploads\/sites\/5\/2025\/04\/Jemlit-mystery-box-hrvatska.jpg\" alt=\"Jemlit mystery box\" width=\"1204\" height=\"575\" srcset=\"https:\/\/aisvijet.com\/si\/wp-content\/uploads\/sites\/5\/2025\/04\/Jemlit-mystery-box-hrvatska.jpg 1204w, https:\/\/aisvijet.com\/si\/wp-content\/uploads\/sites\/5\/2025\/04\/Jemlit-mystery-box-hrvatska-300x143.jpg 300w, https:\/\/aisvijet.com\/si\/wp-content\/uploads\/sites\/5\/2025\/04\/Jemlit-mystery-box-hrvatska-1024x489.jpg 1024w, https:\/\/aisvijet.com\/si\/wp-content\/uploads\/sites\/5\/2025\/04\/Jemlit-mystery-box-hrvatska-768x367.jpg 768w\" sizes=\"auto, (max-width: 1204px) 100vw, 1204px\" \/><\/p>\n<p>Z ve\u010d kot 1,3 milijona uporabnikov in ve\u010d kot 20 milijoni dolarjev dostavljenih nagrad se <a href=\"https:\/\/jemlit.com\/\" rel=\"noopener\">Jemlit<\/a> odlikuje tudi s svojo <b>&#8220;provably fair&#8221;<\/b> tehnologijo, ki zagotavlja popolnoma naklju\u010dne rezultate odpiranja. Tu je tudi napreden sistem filtriranja \u0161katel \u2013 enostavno lahko i\u0161\u010dete po kategorijah, kot so &#8220;Gaming&#8221;, &#8220;Luxury&#8221;, ali celo neposredno vpi\u0161ete npr. &#8220;PlayStation 5&#8221;, da vidite vse \u0161katle, ki to vklju\u010dujejo.<\/p>\n<p>Jemlit se \u0161e posebej priporo\u010da uporabnikom, ki i\u0161\u010dejo zanesljivo mystery box slovenija izku\u0161njo z visokimi mo\u017enostmi za dobitek. Sistem vra\u010dila preko kreditov, dnevne brezpla\u010dne \u0161katle in mo\u017enost prodaje ali zamenjave nagrade dodatno pove\u010dujejo fleksibilnost uporabnikov. Dostava je na voljo tudi za Slovenijo, uporabniki pa redno hvalijo hitrost dostave in uporabni\u0161ko podporo.<\/p>\n<div class=\"su-table su-table-responsive su-table-alternate\">\n<table>\n<tbody>\n<tr>\n<td><b>Najbolj\u0161e za<\/b><\/td>\n<td>\u0160irok razpon \u0161katel in maksimalno vrednost<\/td>\n<\/tr>\n<tr>\n<td><strong>Cene<\/strong><\/td>\n<td>Od 1,23 $ do 1000+ $<\/td>\n<\/tr>\n<tr>\n<td><strong>Na\u010dini pla\u010dila<\/strong><\/td>\n<td>Mastercard, VISA, Apple Pay, Google Pay<\/td>\n<\/tr>\n<\/tbody>\n<\/table>\n<\/div>\n<div class=\"su-row\"><div class=\"su-column su-column-size-1-2\"><div class=\"su-column-inner su-u-clearfix su-u-trim\">\n<p><strong>Prednosti<\/strong><\/p>\n<div class=\"su-list\" style=\"margin-left:0px\">\n<ul>\n<li><i class=\"sui sui-check-circle-o\" style=\"color:#2fa317\"><\/i> Visokokakovostne nagrade (Apple, Rolex, GPU, streetwear)<\/li>\n<li><i class=\"sui sui-check-circle-o\" style=\"color:#2fa317\"><\/i> Jasno prikazane mo\u017enosti za dobitek<\/li>\n<li><i class=\"sui sui-check-circle-o\" style=\"color:#2fa317\"><\/i> Globalna dostava, vklju\u010dno s Slovenijo<\/li>\n<li><i class=\"sui sui-check-circle-o\" style=\"color:#2fa317\"><\/i> Mo\u017enost prodaje ali zamenjave nagrad<\/li>\n<li><i class=\"sui sui-check-circle-o\" style=\"color:#2fa317\"><\/i> Dnevne brezpla\u010dne \u0161katle in referral sistem<\/li>\n<\/ul>\n<\/div><\/div><\/div> <div class=\"su-column su-column-size-1-2\"><div class=\"su-column-inner su-u-clearfix su-u-trim\">\n<p><strong>Slabosti<\/strong><\/p>\n<div class=\"su-list\" style=\"margin-left:0px\">\n<ul>\n<li><i class=\"sui sui-remove\" style=\"color:#e31f28\"><\/i> Omejen broj na\u010dinov pla\u010dila<\/li>\n<li><i class=\"sui sui-remove\" style=\"color:#e31f28\"><\/i> Omejene mo\u017enosti za brezpla\u010dno testiranje<\/li>\n<\/ul>\n<\/div><\/div><\/div><\/div>\n<h3><b>2. Lootie \u2013 Gaming mystery box osredoto\u010den na igralno skupnost<\/b><\/h3>\n<p>Mystery box slovenija izku\u0161nje ka\u017eejo, da je <b>Lootie<\/b> izjemno priljubljen med mlaj\u0161o publiko, \u0161e posebej igralci iger in tech navdu\u0161enci. Ta platforma se specializira za nagrade, kot so konzole, igralna periferija, monitorji in streetwear kosi, kot so Supreme in Off-White.<\/p>\n<p><img loading=\"lazy\" decoding=\"async\" class=\"aligncenter size-full wp-image-1946\" src=\"http:\/\/aisvijet.com\/si\/wp-content\/uploads\/sites\/5\/2025\/04\/Lootie-Mystery-box-hrvatska.jpg\" alt=\"Gaming mystery box Lootie\" width=\"1200\" height=\"610\" srcset=\"https:\/\/aisvijet.com\/si\/wp-content\/uploads\/sites\/5\/2025\/04\/Lootie-Mystery-box-hrvatska.jpg 1200w, https:\/\/aisvijet.com\/si\/wp-content\/uploads\/sites\/5\/2025\/04\/Lootie-Mystery-box-hrvatska-300x153.jpg 300w, https:\/\/aisvijet.com\/si\/wp-content\/uploads\/sites\/5\/2025\/04\/Lootie-Mystery-box-hrvatska-1024x521.jpg 1024w, https:\/\/aisvijet.com\/si\/wp-content\/uploads\/sites\/5\/2025\/04\/Lootie-Mystery-box-hrvatska-768x390.jpg 768w\" sizes=\"auto, (max-width: 1200px) 100vw, 1200px\" \/><\/p>\n<p>Ena od mo\u010dnej\u0161ih strani Lootieja je njegova interaktivna predstavitev \u0161katel in sistem zamenjave nagrad. Po odpiranju, \u010de niste zadovoljni, lahko svojo nagrado takoj zamenjate za kredit, tu pa so tudi dnevne loterije in brezpla\u010dni dogodki za zveste uporabnike. \u010ce raziskujete mo\u017enosti za gaming mystery box, je Lootie vsekakor vreden premisleka.<\/p>\n<div class=\"su-table su-table-responsive su-table-alternate\">\n<table>\n<tbody>\n<tr>\n<td><b>Najbolj\u0161e za<\/b><\/td>\n<td>Igralce iger in ljubitelje tehnologije<\/td>\n<\/tr>\n<tr>\n<td><strong>Cene<\/strong><\/td>\n<td>Od 5 $<\/td>\n<\/tr>\n<tr>\n<td><strong>Na\u010dini pla\u010dila<\/strong><\/td>\n<td>Kreditne kartice, kriptovalute<\/td>\n<\/tr>\n<\/tbody>\n<\/table>\n<\/div>\n<div class=\"su-row\"><div class=\"su-column su-column-size-1-2\"><div class=\"su-column-inner su-u-clearfix su-u-trim\">\n<p><strong>Prednosti<\/strong><\/p>\n<div class=\"su-list\" style=\"margin-left:0px\">\n<ul>\n<li><i class=\"sui sui-check-circle-o\" style=\"color:#2fa317\"><\/i> \u0160iroka ponudba gaming in tech izdelkov<\/li>\n<li><i class=\"sui sui-check-circle-o\" style=\"color:#2fa317\"><\/i> Live prikaz odpiranja \u0161katel<\/li>\n<li><i class=\"sui sui-check-circle-o\" style=\"color:#2fa317\"><\/i> Zamenjava in prodaja nagrad znotraj sistema<\/li>\n<li><i class=\"sui sui-check-circle-o\" style=\"color:#2fa317\"><\/i> Dnevne nagrade za zveste uporabnike<\/li>\n<\/ul>\n<\/div><\/div><\/div> <div class=\"su-column su-column-size-1-2\"><div class=\"su-column-inner su-u-clearfix su-u-trim\">\n<p><strong>Slabosti<\/strong><\/p>\n<div class=\"su-list\" style=\"margin-left:0px\">\n<ul>\n<li><i class=\"sui sui-remove\" style=\"color:#e31f28\"><\/i> Ni jasne &#8220;provably fair&#8221; preverbe<\/li>\n<li><i class=\"sui sui-remove\" style=\"color:#e31f28\"><\/i> Vizualno bolj ciljano na mlaj\u0161o publiko<\/li>\n<\/ul>\n<\/div><\/div><\/div><\/div>\n<h3><b>3. Hybe \u2013 Streetwear in blagovni izdelki<\/b><\/h3>\n<p>Amazon mystery box alternativa prihaja tudi v obliki streetwear \u0161katel, ki jih ponuja <b>Hybe<\/b>. Platforma se je pozicionirala kot top izbira za ljubitelje mode in kolekcijskih blagovnih znamk, kot so Nike, Adidas, Apple in G-Shock.<\/p>\n<p><img loading=\"lazy\" decoding=\"async\" class=\"aligncenter size-full wp-image-1947\" src=\"http:\/\/aisvijet.com\/si\/wp-content\/uploads\/sites\/5\/2025\/04\/Hybe-Mystery-box-hrvatska.png\" alt=\"Mystery box streetwear\" width=\"1200\" height=\"648\" srcset=\"https:\/\/aisvijet.com\/si\/wp-content\/uploads\/sites\/5\/2025\/04\/Hybe-Mystery-box-hrvatska.png 1200w, https:\/\/aisvijet.com\/si\/wp-content\/uploads\/sites\/5\/2025\/04\/Hybe-Mystery-box-hrvatska-300x162.png 300w, https:\/\/aisvijet.com\/si\/wp-content\/uploads\/sites\/5\/2025\/04\/Hybe-Mystery-box-hrvatska-1024x553.png 1024w, https:\/\/aisvijet.com\/si\/wp-content\/uploads\/sites\/5\/2025\/04\/Hybe-Mystery-box-hrvatska-768x415.png 768w\" sizes=\"auto, (max-width: 1200px) 100vw, 1200px\" \/><\/p>\n<p>Platforma ima solidno reputacijo v modni skupnosti, posebnost pa je mo\u017enost odpiranja \u0161katle brezpla\u010dno, \u010de zberete dovolj dnevnih to\u010dk ali izkoristite referral bonuse. \u010ce vas zanima mystery box slovenija izku\u0161nja, vendar \u017eelite nekaj sodobnej\u0161ega in bolj osredoto\u010denega na blagovne znamke, je Hybe idealna izbira.<\/p>\n<div class=\"su-table su-table-responsive su-table-alternate\">\n<table>\n<tbody>\n<tr>\n<td><b>Najbolj\u0161e za<\/b><\/td>\n<td>Ljubitelje mode in streetwear zbiralce<\/td>\n<\/tr>\n<tr>\n<td><b>Cene<\/b><\/td>\n<td>Od 10 $<\/td>\n<\/tr>\n<tr>\n<td><b>Na\u010dini pla\u010dila<\/b><\/td>\n<td>Kreditne kartice, kripto, PayPal<\/td>\n<\/tr>\n<\/tbody>\n<\/table>\n<\/div>\n<div class=\"su-row\"><div class=\"su-column su-column-size-1-2\"><div class=\"su-column-inner su-u-clearfix su-u-trim\">\n<p><strong>Prednosti<\/strong><\/p>\n<div class=\"su-list\" style=\"margin-left:0px\">\n<ul>\n<li><i class=\"sui sui-check-circle-o\" style=\"color:#2fa317\"><\/i> Osredoto\u010denost na znane blagovne znamke in dizajnerske kose<\/li>\n<li><i class=\"sui sui-check-circle-o\" style=\"color:#2fa317\"><\/i> Mobile-friendly platforma<\/li>\n<li><i class=\"sui sui-check-circle-o\" style=\"color:#2fa317\"><\/i> Nagrade prilagojene modni publiki<\/li>\n<li><i class=\"sui sui-check-circle-o\" style=\"color:#2fa317\"><\/i> Referral program in dnevni bonusi<\/li>\n<\/ul>\n<\/div><\/div><\/div> <div class=\"su-column su-column-size-1-2\"><div class=\"su-column-inner su-u-clearfix su-u-trim\">\n<p><strong>Slabosti<\/strong><\/p>\n<div class=\"su-list\" style=\"margin-left:0px\">\n<ul>\n<li><i class=\"sui sui-remove\" style=\"color:#e31f28\"><\/i> Manj raznolikosti v tehnolo\u0161kem segmentu<\/li>\n<li><i class=\"sui sui-remove\" style=\"color:#e31f28\"><\/i> Nekatere \u0161katle hitro dose\u017eejo visoko ceno<\/li>\n<\/ul>\n<\/div><\/div><\/div><\/div>\n<h2>Zakaj so spletni mystery boxi postali hit?<\/h2>\n<p>Spletne mystery box platforme so postale izjemno priljubljene, \u0161e posebej med mlaj\u0161o populacijo, ki i\u0161\u010de alternativne na\u010dine zabave in nakupovanja. Element negotovosti in mo\u017enost osvajanja dragih izdelkov za relativno majhno vlo\u017eek jih dela zelo privla\u010dne.<\/p>\n<p>Poleg tega digitalna narava teh \u0161katel pomeni, da se vse odvija iz udobja lastnega doma, brez potrebe po fizi\u010dni dostavi, dokler se ne odlo\u010dite izkoristiti nagrade. Platforme, kot je Jemlit, so dodatno popularizirale koncept zahvaljujo\u010d preglednosti in preprostemu uporabni\u0161kemu vmesniku. Pomembno je izpostaviti tudi vse ve\u010dje \u0161tevilo influencerjev in YouTuberjev, ki snemajo svoje odpiranje mystery boxov, kar dodatno spodbuja radovednost publike.<\/p>\n<p>Dodaten dejavnik, ki prispeva k priljubljenosti teh platform, je tudi vse ve\u010dja <a href=\"https:\/\/aisvijet.com\/si\/uporaba\/\">uporaba umetne inteligence<\/a>. \u0160tevilne strani uporabljajo AI algoritme za priporo\u010danje \u0161katel na podlagi interesov uporabnikov, prilagajanje ponudb v realnem \u010dasu ter odkrivanje potencialno sumljivih aktivnosti.<\/p>\n<p>S pomo\u010djo <a href=\"https:\/\/aisvijet.com\/si\/kaj-je-umetna-inteligenca\/\">umetne inteligence<\/a> uporabni\u0161ka izku\u0161nja postaja bolj personalizirana, varnej\u0161a in optimizirana za maksimiziranje anga\u017eiranosti. Tak\u0161na tehnolo\u0161ka integracija dela mystery box platforme bistveno naprednej\u0161e, kot se zdi na prvi pogled.<\/p>\n<h2>Izku\u0161nje uporabnikov \u2013 Mystery box slovenija iz prve roke<\/h2>\n<p>Uporabniki v svojih recenzijah najpogosteje poudarjajo enostavnost uporabe, razburjenje med odpiranjem ter raznolikost nagrad kot najve\u010dje prednosti. Nekateri so osvojili vredne izdelke, kot so iPhone, Apple Watch ali igralna periferija, medtem ko drugi poudarjajo, kako pomembno je izbirati preverjene platforme.<\/p>\n<p>\u0160e posebej se cenijo mo\u017enosti za zamenjavo, prodajo nagrad in vra\u010dilo v obliki kreditov. Seveda obstajajo tudi uporabniki, ki niso bili zadovoljni z dobljenim, vendar ve\u010dina razume, da gre za naklju\u010dni sistem. Za mystery box slovenija izku\u0161nje uporabniki najbolj hvalijo strani, ki ponujajo jasne informacije o mo\u017enostih za dobitek.<\/p>\n<h2>Amazon mystery box in eBay mystery box \u2013 Alternativa ali tveganje?<\/h2>\n<p>Amazon mystery box in ebay mystery box sta vse pogostej\u0161i iskalni poizvedbi med uporabniki, ki \u017eelijo preizkusiti sre\u010do prek znanih e-trgovinskih platform. \u010ceprav se na Amazonu ob\u010dasno ponujajo \u0161katle z vrnjenimi artikli ali prese\u017enimi zalogami, je te\u017eava v tem, da ve\u010dina teh ponudb ni dovolj pregledna.<\/p>\n<p><img loading=\"lazy\" decoding=\"async\" class=\"aligncenter size-full wp-image-1948\" src=\"http:\/\/aisvijet.com\/si\/wp-content\/uploads\/sites\/5\/2025\/04\/Amazon-mystery-box-hrvatska-988bdd.svg\" alt=\"Amazon mystery box\" width=\"398\" height=\"133\" \/><\/p>\n<p>Ni jasnih informacij o vrednosti potencialnih nagrad niti mo\u017enosti preverjanja verjetnosti. Poleg tega \u0161tevilne mystery \u0161katle z Amazona prihajajo iz tujine, kar pove\u010duje stro\u0161ke dostave in lahko povzro\u010di te\u017eave s carino. Podobno velja za ebay mystery box ponudbe, kjer je preglednost \u0161e manj\u0161a.<\/p>\n<p>Posebej zanimiva kategorija je ebay airsoft mystery box, ki je priljubljena med airsoft navdu\u0161enci, vendar tudi tukaj primanjkuje transparentnosti glede vsebine. V primerjavi s specializiranimi platformami, kot je Jemlit, Amazon in eBay ponujata slab\u0161o uporabni\u0161ko izku\u0161njo. Zato ve\u010dina uporabnikov raje izbira specializirane servise, kjer vedo, kaj lahko pri\u010dakujejo in kak\u0161ne mo\u017enosti imajo po odpiranju.<\/p>\n<h2>Kako izbrati zanesljivo mystery box platformo?<\/h2>\n<p>Izbira prave platforme je klju\u010dnega pomena za pozitivno izku\u0161njo. Najprej preverite, ali spletna stran uporablja sistem <strong>&#8220;provably fair&#8221;<\/strong> \u2013 to je algoritem, ki zagotavlja, da je rezultat odpiranja resni\u010dno naklju\u010den in se ne more manipulirati. Nato analizirajte uporabni\u0161ke ocene, \u0161e posebej tiste iz Slovenije, saj so lokalne izku\u0161nje najbolj relevantne.<\/p>\n<p><strong>Preglednost je drugi klju\u010dni dejavnik<\/strong> \u2013 dobra platforma jasno prikazuje vsebino \u0161katle, verjetnosti in vrednosti izdelkov. Pomembno je tudi, da ponuja mo\u017enosti po osvojitvi: zamenjava, prodaja, konverzija v kredit. Platforme, ki nimajo aktivne podpore ali skrivajo informacije, je treba izogibati.<\/p>\n<h3>Na kaj paziti pri izbiri spletnih strani \u2013 Nasveti in priporo\u010dila<\/h3>\n<p>Pri izbiri strani za mystery box slovenija izku\u0161njo bodite pozorni na ve\u010d pomembnih postavk. Prvi\u010d, izogibajte se platformam, ki ne prikazujejo verjetnosti dobitka \u2013 to je pogosto znak manipulacije. Drugi\u010d, poi\u0161\u010dite na\u010dine pla\u010dila, ki so na voljo v Sloveniji, kot so kartice in lokalni digitalni servisi.<\/p>\n<p>Tretji\u010d, poglejte, kako enostavno je filtrirati \u0161katle glede na vrsto nagrade, saj to govori o kakovosti uporabni\u0161ke izku\u0161nje. Prav tako je koristno, ko stran ponuja testne brezpla\u010dne \u0161katle ali bonuse za nove uporabnike. In nazadnje, hitra in aktivna podpora je znak, da platforma skrbi za svoje uporabnike.<\/p>\n<h2>Zaklju\u010dek \u2013 Ali se spla\u010da preizkusiti spletni mystery box?<\/h2>\n<p>Spletni mystery box koncept zdru\u017euje razburjenje, zabavo in mo\u017enost osvajanja vrednih nagrad \u2013 kar je za \u0161tevilne uporabnike ve\u010d kot dovolj razlogov za preizku\u0161anje. \u010ce se izberejo preverjene platforme s preglednimi pogoji, lahko izku\u0161nja zelo pozitivna in celo profitabilna.<\/p>\n<p>Seveda vedno obstaja tveganje, saj so \u0161katle osnovane na sre\u010di, vendar z odgovornim uporabljanjem je to lahko razburljiva spletna dejavnost. Glede na vse ve\u010djo ponudbo in izbolj\u0161ane sisteme nadzora postaja mystery box scena vse varnej\u0161a in profesionalnej\u0161a.<\/p>\n<p>\u010ce \u017eelite za\u010deti, je priporo\u010dilo, da najprej razi\u0161\u010dete platforme, kot je Jemlit, ki ponujajo najbolj\u0161o kombinacijo vrednosti in varnosti. Ne glede na to, ali i\u0161\u010dete gaming mystery box, amazon mystery box, ebay mystery box ali celo ebay airsoft mystery box \u2013 specializirane platforme vedno ponujajo bolj\u0161o izku\u0161njo.<\/p>\n<h2>FAQ<\/h2>\n<div id=\"rank-math-rich-snippet-wrapper\"><div id=\"rank-math-faq\" class=\"rank-math-block\">\n<div class=\"rank-math-list \">\n<div id=\"faq-1\" class=\"rank-math-list-item\">\n<h3 class=\"rank-math-question \">Kaj je mystery box in kako deluje?<\/h3>\n<div class=\"rank-math-answer \">\n\n<p>Mystery box je spletna \u0161katla presene\u010denja, ki vsebuje naklju\u010dno izbrane izdelke. Uporabnik pla\u010da dolo\u010deno ceno in ob odprtju \u0161katle razkrije, kaj je prejel. Vrednost izdelkov je lahko enaka, manj\u0161a ali ve\u010dja od pla\u010dane cene.<\/p>\n\n<\/div>\n<\/div>\n<div id=\"faq-2\" class=\"rank-math-list-item\">\n<h3 class=\"rank-math-question \">Ali lahko iz Slovenije naro\u010dim mystery box?<\/h3>\n<div class=\"rank-math-answer \">\n\n<p>Da, ve\u010dina spletnih mystery box platform omogo\u010da naro\u010danje iz Slovenije. Pomembno je preveriti pogoje dostave in carinske predpise, da ne pride do zamud ali dodatnih stro\u0161kov.<\/p>\n\n<\/div>\n<\/div>\n<div id=\"faq-3\" class=\"rank-math-list-item\">\n<h3 class=\"rank-math-question \">Ali so mystery box platforme varne?<\/h3>\n<div class=\"rank-math-answer \">\n\n<p>Ve\u010dina uveljavljenih platform, kot je Jemlit, uporablja varne pla\u010dilne metode in preverjene partnerje. Vedno pa je priporo\u010dljivo brati ocene uporabnikov in preveriti licenco ali pogoje poslovanja.<\/p>\n\n<\/div>\n<\/div>\n<div id=\"faq-4\" class=\"rank-math-list-item\">\n<h3 class=\"rank-math-question \">Ali obstaja mo\u017enost vra\u010dila, \u010de ne prejmem \u017eelenega izdelka?<\/h3>\n<div class=\"rank-math-answer \">\n\n<p>Da, \u0161tevilne platforme omogo\u010dajo vra\u010dilo ali ponovno po\u0161iljanje, \u010de pride do napake ali po\u0161kodovanega izdelka. Vendar vra\u010dilo ni mogo\u010de zgolj zato, ker vam vsebina ni v\u0161e\u010d \u2013 mystery box temelji na elementu naklju\u010dja.<\/p>\n\n<\/div>\n<\/div>\n<div id=\"faq-5\" class=\"rank-math-list-item\">\n<h3 class=\"rank-math-question \">Katera platforma je najbolj\u0161a za uporabnike iz Slovenije?<\/h3>\n<div class=\"rank-math-answer \">\n\n<p>Za slovenske uporabnike se najbolj priporo\u010dajo platforme, kot je Jemlit, saj ponujajo hitro dostavo, pregledne pogoje in \u0161iroko izbiro mystery box kategorij (gaming, tech, fashion, collectibles).<\/p>\n\n<\/div>\n<\/div>\n<\/div>\n<\/div><\/div>\n","protected":false},"excerpt":{"rendered":"<p>Mystery box postaja vse bolj priljubljen pojem med ljubitelji spletne zabave in presene\u010denj. Namesto klasi\u010dnega nakupovanja vse ve\u010d uporabnikov izbira spletne platforme, kot je Jemlit, kjer lahko za simboli\u010den znesek osvojijo vrhunske nagrade. V tem vodniku razkrivamo, kako deluje spletni mystery box, katere so najbolj\u0161e strani in kako izvle\u010di maksimum iz vsakega odpiranja. Najbolj\u0161e spletne&hellip;&nbsp;<a href=\"https:\/\/aisvijet.com\/si\/vodnik\/mystery-box-slovenija\/\" rel=\"bookmark\">Preberi ve\u010d &raquo;<span class=\"screen-reader-text\">Mystery box Slovenija \u2013 najbolj\u0161e spletne platforme za razburljive nagrade<\/span><\/a><\/p>\n","protected":false},"author":15,"featured_media":1973,"parent":1706,"menu_order":0,"comment_status":"closed","ping_status":"closed","template":"","meta":{"neve_meta_sidebar":"","neve_meta_container":"","neve_meta_enable_content_width":"off","neve_meta_content_width":100,"neve_meta_title_alignment":"","neve_meta_author_avatar":"","neve_post_elements_order":"","neve_meta_disable_header":"","neve_meta_disable_footer":"","neve_meta_disable_title":"","_themeisle_gutenberg_block_has_review":false,"footnotes":""},"class_list":["post-1935","page","type-page","status-publish","has-post-thumbnail","hentry"],"_links":{"self":[{"href":"https:\/\/aisvijet.com\/si\/wp-json\/wp\/v2\/pages\/1935","targetHints":{"allow":["GET"]}}],"collection":[{"href":"https:\/\/aisvijet.com\/si\/wp-json\/wp\/v2\/pages"}],"about":[{"href":"https:\/\/aisvijet.com\/si\/wp-json\/wp\/v2\/types\/page"}],"author":[{"embeddable":true,"href":"https:\/\/aisvijet.com\/si\/wp-json\/wp\/v2\/users\/15"}],"replies":[{"embeddable":true,"href":"https:\/\/aisvijet.com\/si\/wp-json\/wp\/v2\/comments?post=1935"}],"version-history":[{"count":9,"href":"https:\/\/aisvijet.com\/si\/wp-json\/wp\/v2\/pages\/1935\/revisions"}],"predecessor-version":[{"id":2339,"href":"https:\/\/aisvijet.com\/si\/wp-json\/wp\/v2\/pages\/1935\/revisions\/2339"}],"up":[{"embeddable":true,"href":"https:\/\/aisvijet.com\/si\/wp-json\/wp\/v2\/pages\/1706"}],"wp:featuredmedia":[{"embeddable":true,"href":"https:\/\/aisvijet.com\/si\/wp-json\/wp\/v2\/media\/1973"}],"wp:attachment":[{"href":"https:\/\/aisvijet.com\/si\/wp-json\/wp\/v2\/media?parent=1935"}],"curies":[{"name":"wp","href":"https:\/\/api.w.org\/{rel}","templated":true}]}}